{"id":1416,"date":"2025-09-16T08:46:35","date_gmt":"2025-09-16T08:46:35","guid":{"rendered":"https:\/\/disoh.com\/?page_id=1416"},"modified":"2025-10-22T08:52:39","modified_gmt":"2025-10-22T08:52:39","slug":"suporte","status":"publish","type":"page","link":"https:\/\/disoh.com\/pt\/support\/","title":{"rendered":"Suporte"},"content":{"rendered":"<div data-elementor-type=\"wp-page\" data-elementor-id=\"1416\" class=\"elementor elementor-1416\" data-elementor-post-type=\"page\">\n\t\t\t\t<div class=\"elementor-element elementor-element-468e4cb e-flex e-con-boxed e-con e-parent\" data-id=\"468e4cb\" data-element_type=\"container\" data-e-type=\"container\" data-settings=\"{&quot;background_background&quot;:&quot;classic&quot;,&quot;shape_divider_bottom&quot;:&quot;mountains&quot;}\">\n\t\t\t\t\t<div class=\"e-con-inner\">\n\t\t\t\t<div class=\"elementor-shape elementor-shape-bottom\" aria-hidden=\"true\" data-negative=\"false\">\n\t\t\t<svg xmlns=\"http:\/\/www.w3.org\/2000\/svg\" viewbox=\"0 0 1000 100\" preserveaspectratio=\"none\">\n\t<path class=\"elementor-shape-fill\" opacity=\"0.33\" d=\"M473,67.3c-203.9,88.3-263.1-34-320.3,0C66,119.1,0,59.7,0,59.7V0h1000v59.7 c0,0-62.1,26.1-94.9,29.3c-32.8,3.3-62.8-12.3-75.8-22.1C806,49.6,745.3,8.7,694.9,4.7S492.4,59,473,67.3z\"\/>\n\t<path class=\"elementor-shape-fill\" opacity=\"0.66\" d=\"M734,67.3c-45.5,0-77.2-23.2-129.1-39.1c-28.6-8.7-150.3-10.1-254,39.1 s-91.7-34.4-149.2,0C115.7,118.3,0,39.8,0,39.8V0h1000v36.5c0,0-28.2-18.5-92.1-18.5C810.2,18.1,775.7,67.3,734,67.3z\"\/>\n\t<path class=\"elementor-shape-fill\" d=\"M766.1,28.9c-200-57.5-266,65.5-395.1,19.5C242,1.8,242,5.4,184.8,20.6C128,35.8,132.3,44.9,89.9,52.5C28.6,63.7,0,0,0,0 h1000c0,0-9.9,40.9-83.6,48.1S829.6,47,766.1,28.9z\"\/>\n<\/svg>\t\t<\/div>\n\t\t\t\t<div class=\"elementor-element elementor-element-b1e5677 elementor-widget elementor-widget-heading\" data-id=\"b1e5677\" data-element_type=\"widget\" data-e-type=\"widget\" data-widget_type=\"heading.default\">\n\t\t\t\t\t<h2 class=\"elementor-heading-title elementor-size-default\">Centro de ajuda<\/h2>\t\t\t\t<\/div>\n\t\t\t\t<div class=\"elementor-element elementor-element-540b7b3 elementor-widget elementor-widget-text-editor\" data-id=\"540b7b3\" data-element_type=\"widget\" data-e-type=\"widget\" data-widget_type=\"text-editor.default\">\n\t\t\t\t\t\t\t\t\t<p>Estamos aqui com a orienta\u00e7\u00e3o de que voc\u00ea precisa para dar vida \u00e0 sua ideia.<\/p>\t\t\t\t\t\t\t\t<\/div>\n\t\t\t\t<div class=\"elementor-element elementor-element-7373e84 elementor-widget elementor-widget-betterdocs-search-form\" data-id=\"7373e84\" data-element_type=\"widget\" data-e-type=\"widget\" data-widget_type=\"betterdocs-search-form.default\">\n\t\t\t\t\t<div class=\"betterdocs-search-form-widget-wrapper\"><div class=\"betterdocs-search-modal-sidebar\" id=\"betterdocs-search-modal\" data-placeholder=\"Search\" data-numberofdocs=\"5\" data-numberoffaqs=\"5\" data-enable_docs_search=\"1\" data-searchbutton=\"1\"><\/div><\/div>\t\t\t\t<\/div>\n\t\t\t\t\t<\/div>\n\t\t\t\t<\/div>\n\t\t<div class=\"elementor-element elementor-element-564524a e-flex e-con-boxed e-con e-parent\" data-id=\"564524a\" data-element_type=\"container\" data-e-type=\"container\">\n\t\t\t\t\t<div class=\"e-con-inner\">\n\t\t\t\t<div class=\"elementor-element elementor-element-d6fa1a2 elementor-widget elementor-widget-betterdocs-category-box\" data-id=\"d6fa1a2\" data-element_type=\"widget\" data-e-type=\"widget\" data-widget_type=\"betterdocs-category-box.default\">\n\t\t\t\t\t\n<div\n\tid=\"el-betterdocs-cat-box-d6fa1a2\" class=\"betterdocs-category-box-wrapper betterdocs-category-box-folder-wrapper el-layout-4 betterdocs-elementor\">\n\t<div\n\t\tclass=\"betterdocs-category-box-inner-wrapper betterdocs-categories-folder layout-4 docs-col-4\" style=\"--column: 4;--count: 5;--reminder: 1;\">\n\t\t\n<a\n\thref=\"https:\/\/disoh.com\/pt\/docs-category\/account\/\" data-id=\"14\" class=\"category-box category-account layout-4\">\n\t<div class=\"betterdocs-single-category-inner\">\n\t\t\n<div class=\"betterdocs-category-header\">\n\t<div class=\"betterdocs-category-header-inner\">\n\t\t\n<div class=\"betterdocs-category-icon\">\n\t<span class=\"betterdocs-folder-icon toggle-arrow arrow-right\">\n    <svg width=\"21\" height=\"20\" viewbox=\"0 0 21 20\" fill=\"none\" xmlns=\"http:\/\/www.w3.org\/2000\/svg\">\n    <mask id=\"mask0_7203_1520\" style=\"mask-type:alpha\" maskunits=\"userSpaceOnUse\" x=\"0\" y=\"0\" width=\"21\" height=\"20\">\n    <rect x=\"0.5\" width=\"20\" height=\"20\" fill=\"#C4C4C4\"\/>\n    <\/mask>\n    <g mask=\"url(#mask0_7203_1520)\">\n    <path d=\"M3.83341 16.6673C3.37508 16.6673 2.98272 16.5041 2.65633 16.1777C2.32994 15.8513 2.16675 15.459 2.16675 15.0007V5.00065C2.16675 4.54232 2.32994 4.14996 2.65633 3.82357C2.98272 3.49718 3.37508 3.33398 3.83341 3.33398H8.14591C8.36814 3.33398 8.57994 3.37565 8.78133 3.45898C8.98272 3.54232 9.1598 3.66037 9.31258 3.81315L10.5001 5.00065H17.1667C17.6251 5.00065 18.0174 5.16385 18.3438 5.49023C18.6702 5.81662 18.8334 6.20898 18.8334 6.66732V15.0007C18.8334 15.459 18.6702 15.8513 18.3438 16.1777C18.0174 16.5041 17.6251 16.6673 17.1667 16.6673H3.83341Z\" fill=\"#C4C4C4\"\/>\n    <\/g>\n    <\/svg>\n<\/span>\n<\/div>\n<div class=\"betterdocs-dynamic-wrapper betterdocs-category-title-counts\"><h2 class=\"betterdocs-category-title\">Conta<\/h2><p class=\"betterdocs-last-update\">\n\t\u00daltima atualiza\u00e7\u00e3o: 24 de novembro de 2025<\/p>\n\n<\/div>\t<\/div>\n<\/div>\n\t<\/div>\n<\/a>\n\n<a\n\thref=\"https:\/\/disoh.com\/pt\/docs-category\/domains\/\" data-id=\"13\" class=\"category-box category-domains layout-4\">\n\t<div class=\"betterdocs-single-category-inner\">\n\t\t\n<div class=\"betterdocs-category-header\">\n\t<div class=\"betterdocs-category-header-inner\">\n\t\t\n<div class=\"betterdocs-category-icon\">\n\t<span class=\"betterdocs-folder-icon toggle-arrow arrow-right\">\n    <svg width=\"21\" height=\"20\" viewbox=\"0 0 21 20\" fill=\"none\" xmlns=\"http:\/\/www.w3.org\/2000\/svg\">\n    <mask id=\"mask0_7203_1520\" style=\"mask-type:alpha\" maskunits=\"userSpaceOnUse\" x=\"0\" y=\"0\" width=\"21\" height=\"20\">\n    <rect x=\"0.5\" width=\"20\" height=\"20\" fill=\"#C4C4C4\"\/>\n    <\/mask>\n    <g mask=\"url(#mask0_7203_1520)\">\n    <path d=\"M3.83341 16.6673C3.37508 16.6673 2.98272 16.5041 2.65633 16.1777C2.32994 15.8513 2.16675 15.459 2.16675 15.0007V5.00065C2.16675 4.54232 2.32994 4.14996 2.65633 3.82357C2.98272 3.49718 3.37508 3.33398 3.83341 3.33398H8.14591C8.36814 3.33398 8.57994 3.37565 8.78133 3.45898C8.98272 3.54232 9.1598 3.66037 9.31258 3.81315L10.5001 5.00065H17.1667C17.6251 5.00065 18.0174 5.16385 18.3438 5.49023C18.6702 5.81662 18.8334 6.20898 18.8334 6.66732V15.0007C18.8334 15.459 18.6702 15.8513 18.3438 16.1777C18.0174 16.5041 17.6251 16.6673 17.1667 16.6673H3.83341Z\" fill=\"#C4C4C4\"\/>\n    <\/g>\n    <\/svg>\n<\/span>\n<\/div>\n<div class=\"betterdocs-dynamic-wrapper betterdocs-category-title-counts\"><h2 class=\"betterdocs-category-title\">Dom\u00ednios<\/h2><p class=\"betterdocs-last-update\">\n\t\u00daltima atualiza\u00e7\u00e3o: novembro 3, 2025<\/p>\n\n<\/div>\t<\/div>\n<\/div>\n\t<\/div>\n<\/a>\n\n<a\n\thref=\"https:\/\/disoh.com\/pt\/docs-category\/migrating\/\" data-id=\"18\" class=\"category-box category-migrating layout-4\">\n\t<div class=\"betterdocs-single-category-inner\">\n\t\t\n<div class=\"betterdocs-category-header\">\n\t<div class=\"betterdocs-category-header-inner\">\n\t\t\n<div class=\"betterdocs-category-icon\">\n\t<span class=\"betterdocs-folder-icon toggle-arrow arrow-right\">\n    <svg width=\"21\" height=\"20\" viewbox=\"0 0 21 20\" fill=\"none\" xmlns=\"http:\/\/www.w3.org\/2000\/svg\">\n    <mask id=\"mask0_7203_1520\" style=\"mask-type:alpha\" maskunits=\"userSpaceOnUse\" x=\"0\" y=\"0\" width=\"21\" height=\"20\">\n    <rect x=\"0.5\" width=\"20\" height=\"20\" fill=\"#C4C4C4\"\/>\n    <\/mask>\n    <g mask=\"url(#mask0_7203_1520)\">\n    <path d=\"M3.83341 16.6673C3.37508 16.6673 2.98272 16.5041 2.65633 16.1777C2.32994 15.8513 2.16675 15.459 2.16675 15.0007V5.00065C2.16675 4.54232 2.32994 4.14996 2.65633 3.82357C2.98272 3.49718 3.37508 3.33398 3.83341 3.33398H8.14591C8.36814 3.33398 8.57994 3.37565 8.78133 3.45898C8.98272 3.54232 9.1598 3.66037 9.31258 3.81315L10.5001 5.00065H17.1667C17.6251 5.00065 18.0174 5.16385 18.3438 5.49023C18.6702 5.81662 18.8334 6.20898 18.8334 6.66732V15.0007C18.8334 15.459 18.6702 15.8513 18.3438 16.1777C18.0174 16.5041 17.6251 16.6673 17.1667 16.6673H3.83341Z\" fill=\"#C4C4C4\"\/>\n    <\/g>\n    <\/svg>\n<\/span>\n<\/div>\n<div class=\"betterdocs-dynamic-wrapper betterdocs-category-title-counts\"><h2 class=\"betterdocs-category-title\">Migra\u00e7\u00e3o<\/h2><p class=\"betterdocs-last-update\">\n\t\u00daltima atualiza\u00e7\u00e3o: 24 de novembro de 2025<\/p>\n\n<\/div>\t<\/div>\n<\/div>\n\t<\/div>\n<\/a>\n\n<a\n\thref=\"https:\/\/disoh.com\/pt\/docs-category\/webhosting\/\" data-id=\"12\" class=\"category-box category-webhosting layout-4 no-border-right\">\n\t<div class=\"betterdocs-single-category-inner\">\n\t\t\n<div class=\"betterdocs-category-header\">\n\t<div class=\"betterdocs-category-header-inner\">\n\t\t\n<div class=\"betterdocs-category-icon\">\n\t<span class=\"betterdocs-folder-icon toggle-arrow arrow-right\">\n    <svg width=\"21\" height=\"20\" viewbox=\"0 0 21 20\" fill=\"none\" xmlns=\"http:\/\/www.w3.org\/2000\/svg\">\n    <mask id=\"mask0_7203_1520\" style=\"mask-type:alpha\" maskunits=\"userSpaceOnUse\" x=\"0\" y=\"0\" width=\"21\" height=\"20\">\n    <rect x=\"0.5\" width=\"20\" height=\"20\" fill=\"#C4C4C4\"\/>\n    <\/mask>\n    <g mask=\"url(#mask0_7203_1520)\">\n    <path d=\"M3.83341 16.6673C3.37508 16.6673 2.98272 16.5041 2.65633 16.1777C2.32994 15.8513 2.16675 15.459 2.16675 15.0007V5.00065C2.16675 4.54232 2.32994 4.14996 2.65633 3.82357C2.98272 3.49718 3.37508 3.33398 3.83341 3.33398H8.14591C8.36814 3.33398 8.57994 3.37565 8.78133 3.45898C8.98272 3.54232 9.1598 3.66037 9.31258 3.81315L10.5001 5.00065H17.1667C17.6251 5.00065 18.0174 5.16385 18.3438 5.49023C18.6702 5.81662 18.8334 6.20898 18.8334 6.66732V15.0007C18.8334 15.459 18.6702 15.8513 18.3438 16.1777C18.0174 16.5041 17.6251 16.6673 17.1667 16.6673H3.83341Z\" fill=\"#C4C4C4\"\/>\n    <\/g>\n    <\/svg>\n<\/span>\n<\/div>\n<div class=\"betterdocs-dynamic-wrapper betterdocs-category-title-counts\"><h2 class=\"betterdocs-category-title\">Hospedagem na Web<\/h2><p class=\"betterdocs-last-update\">\n\t\u00daltima atualiza\u00e7\u00e3o: 24 de novembro de 2025<\/p>\n\n<\/div>\t<\/div>\n<\/div>\n\t<\/div>\n<\/a>\n\n<a\n\thref=\"https:\/\/disoh.com\/pt\/docs-category\/website-design-service\/\" data-id=\"19\" class=\"category-box category-website-design-service layout-4 no-border-bottom\">\n\t<div class=\"betterdocs-single-category-inner\">\n\t\t\n<div class=\"betterdocs-category-header\">\n\t<div class=\"betterdocs-category-header-inner\">\n\t\t\n<div class=\"betterdocs-category-icon\">\n\t<span class=\"betterdocs-folder-icon toggle-arrow arrow-right\">\n    <svg width=\"21\" height=\"20\" viewbox=\"0 0 21 20\" fill=\"none\" xmlns=\"http:\/\/www.w3.org\/2000\/svg\">\n    <mask id=\"mask0_7203_1520\" style=\"mask-type:alpha\" maskunits=\"userSpaceOnUse\" x=\"0\" y=\"0\" width=\"21\" height=\"20\">\n    <rect x=\"0.5\" width=\"20\" height=\"20\" fill=\"#C4C4C4\"\/>\n    <\/mask>\n    <g mask=\"url(#mask0_7203_1520)\">\n    <path d=\"M3.83341 16.6673C3.37508 16.6673 2.98272 16.5041 2.65633 16.1777C2.32994 15.8513 2.16675 15.459 2.16675 15.0007V5.00065C2.16675 4.54232 2.32994 4.14996 2.65633 3.82357C2.98272 3.49718 3.37508 3.33398 3.83341 3.33398H8.14591C8.36814 3.33398 8.57994 3.37565 8.78133 3.45898C8.98272 3.54232 9.1598 3.66037 9.31258 3.81315L10.5001 5.00065H17.1667C17.6251 5.00065 18.0174 5.16385 18.3438 5.49023C18.6702 5.81662 18.8334 6.20898 18.8334 6.66732V15.0007C18.8334 15.459 18.6702 15.8513 18.3438 16.1777C18.0174 16.5041 17.6251 16.6673 17.1667 16.6673H3.83341Z\" fill=\"#C4C4C4\"\/>\n    <\/g>\n    <\/svg>\n<\/span>\n<\/div>\n<div class=\"betterdocs-dynamic-wrapper betterdocs-category-title-counts\"><h2 class=\"betterdocs-category-title\">Servi\u00e7o de design de sites<\/h2><p class=\"betterdocs-last-update\">\n\t\u00daltima atualiza\u00e7\u00e3o: outubro 6, 2025<\/p>\n\n<\/div>\t<\/div>\n<\/div>\n\t<\/div>\n<\/a>\n\t<\/div>\n\t\t<div class=\"clearfix\"><\/div>\n\t<\/div>\n\t\t\t\t<\/div>\n\t\t\t\t\t<\/div>\n\t\t\t\t<\/div>\n\t\t\t\t<\/div>","protected":false},"excerpt":{"rendered":"<p>Helpcenter Estamos aqui com a orienta\u00e7\u00e3o que voc\u00ea precisa para dar vida \u00e0 sua ideia. \u00daltima atualiza\u00e7\u00e3o da conta: September 9, 2025 Migrating Last Updated: September 11, 2025 Webhosting \u00daltima atualiza\u00e7\u00e3o: 9 de setembro de 2025 Servi\u00e7o de design de site \u00daltima atualiza\u00e7\u00e3o: 6 de outubro de 2025<\/p>","protected":false},"author":1,"featured_media":0,"parent":0,"menu_order":0,"comment_status":"closed","ping_status":"closed","template":"","meta":{"footnotes":""},"class_list":["post-1416","page","type-page","status-publish","hentry"],"yoast_head":"<!-- This site is optimized with the Yoast SEO plugin v27.4 - https:\/\/yoast.com\/product\/yoast-seo-wordpress\/ -->\n<title>Support &#8211; Disoh<\/title>\n<meta name=\"robots\" content=\"index, follow, max-snippet:-1, max-image-preview:large, max-video-preview:-1\" \/>\n<link rel=\"canonical\" href=\"https:\/\/disoh.com\/pt\/suporte\/\" \/>\n<meta property=\"og:locale\" content=\"pt_BR\" \/>\n<meta property=\"og:type\" content=\"article\" \/>\n<meta property=\"og:title\" content=\"Support &#8211; Disoh\" \/>\n<meta property=\"og:description\" content=\"Helpcenter We\u2019re here with the guidance you need to bring your idea to life. Account Last Updated: September 9, 2025 Migrating Last Updated: September 11, 2025 Webhosting Last Updated: September 9, 2025 Website Design Service Last Updated: October 6, 2025\" \/>\n<meta property=\"og:url\" content=\"https:\/\/disoh.com\/pt\/suporte\/\" \/>\n<meta property=\"og:site_name\" content=\"Disoh\" \/>\n<meta property=\"article:publisher\" content=\"https:\/\/www.facebook.com\/disohhosting\" \/>\n<meta property=\"article:modified_time\" content=\"2025-10-22T08:52:39+00:00\" \/>\n<meta property=\"og:image\" content=\"https:\/\/disoh.com\/wp-content\/uploads\/2025\/07\/disoh_about.webp\" \/>\n\t<meta property=\"og:image:width\" content=\"1536\" \/>\n\t<meta property=\"og:image:height\" content=\"1024\" \/>\n\t<meta property=\"og:image:type\" content=\"image\/webp\" \/>\n<meta name=\"twitter:card\" content=\"summary_large_image\" \/>\n<meta name=\"twitter:label1\" content=\"Est. tempo de leitura\" \/>\n\t<meta name=\"twitter:data1\" content=\"1 minuto\" \/>\n<script type=\"application\/ld+json\" class=\"yoast-schema-graph\">{\"@context\":\"https:\\\/\\\/schema.org\",\"@graph\":[{\"@type\":\"WebPage\",\"@id\":\"https:\\\/\\\/disoh.com\\\/support\\\/\",\"url\":\"https:\\\/\\\/disoh.com\\\/support\\\/\",\"name\":\"Support &#8211; Disoh\",\"isPartOf\":{\"@id\":\"https:\\\/\\\/disoh.com\\\/#website\"},\"datePublished\":\"2025-09-16T08:46:35+00:00\",\"dateModified\":\"2025-10-22T08:52:39+00:00\",\"breadcrumb\":{\"@id\":\"https:\\\/\\\/disoh.com\\\/support\\\/#breadcrumb\"},\"inLanguage\":\"pt-BR\",\"potentialAction\":[{\"@type\":\"ReadAction\",\"target\":[\"https:\\\/\\\/disoh.com\\\/support\\\/\"]}]},{\"@type\":\"BreadcrumbList\",\"@id\":\"https:\\\/\\\/disoh.com\\\/support\\\/#breadcrumb\",\"itemListElement\":[{\"@type\":\"ListItem\",\"position\":1,\"name\":\"Home\",\"item\":\"https:\\\/\\\/disoh.com\\\/\"},{\"@type\":\"ListItem\",\"position\":2,\"name\":\"Support\"}]},{\"@type\":\"WebSite\",\"@id\":\"https:\\\/\\\/disoh.com\\\/#website\",\"url\":\"https:\\\/\\\/disoh.com\\\/\",\"name\":\"Disoh\",\"description\":\"Digital Solutions Hosting\",\"publisher\":{\"@id\":\"https:\\\/\\\/disoh.com\\\/#organization\"},\"potentialAction\":[{\"@type\":\"SearchAction\",\"target\":{\"@type\":\"EntryPoint\",\"urlTemplate\":\"https:\\\/\\\/disoh.com\\\/?s={search_term_string}\"},\"query-input\":{\"@type\":\"PropertyValueSpecification\",\"valueRequired\":true,\"valueName\":\"search_term_string\"}}],\"inLanguage\":\"pt-BR\"},{\"@type\":\"Organization\",\"@id\":\"https:\\\/\\\/disoh.com\\\/#organization\",\"name\":\"Disoh LLC\",\"url\":\"https:\\\/\\\/disoh.com\\\/\",\"logo\":{\"@type\":\"ImageObject\",\"inLanguage\":\"pt-BR\",\"@id\":\"https:\\\/\\\/disoh.com\\\/#\\\/schema\\\/logo\\\/image\\\/\",\"url\":\"https:\\\/\\\/disoh.com\\\/wp-content\\\/uploads\\\/2025\\\/06\\\/favicon_1.svg\",\"contentUrl\":\"https:\\\/\\\/disoh.com\\\/wp-content\\\/uploads\\\/2025\\\/06\\\/favicon_1.svg\",\"width\":615,\"height\":615,\"caption\":\"Disoh LLC\"},\"image\":{\"@id\":\"https:\\\/\\\/disoh.com\\\/#\\\/schema\\\/logo\\\/image\\\/\"},\"sameAs\":[\"https:\\\/\\\/www.facebook.com\\\/disohhosting\"]}]}<\/script>\n<!-- \/ Yoast SEO plugin. -->","yoast_head_json":{"title":"Suporte - Disoh","robots":{"index":"index","follow":"follow","max-snippet":"max-snippet:-1","max-image-preview":"max-image-preview:large","max-video-preview":"max-video-preview:-1"},"canonical":"https:\/\/disoh.com\/pt\/suporte\/","og_locale":"pt_BR","og_type":"article","og_title":"Support &#8211; Disoh","og_description":"Helpcenter We\u2019re here with the guidance you need to bring your idea to life. Account Last Updated: September 9, 2025 Migrating Last Updated: September 11, 2025 Webhosting Last Updated: September 9, 2025 Website Design Service Last Updated: October 6, 2025","og_url":"https:\/\/disoh.com\/pt\/suporte\/","og_site_name":"Disoh","article_publisher":"https:\/\/www.facebook.com\/disohhosting","article_modified_time":"2025-10-22T08:52:39+00:00","og_image":[{"width":1536,"height":1024,"url":"https:\/\/disoh.com\/wp-content\/uploads\/2025\/07\/disoh_about.webp","type":"image\/webp"}],"twitter_card":"summary_large_image","twitter_misc":{"Est. tempo de leitura":"1 minuto"},"schema":{"@context":"https:\/\/schema.org","@graph":[{"@type":"WebPage","@id":"https:\/\/disoh.com\/support\/","url":"https:\/\/disoh.com\/support\/","name":"Suporte - Disoh","isPartOf":{"@id":"https:\/\/disoh.com\/#website"},"datePublished":"2025-09-16T08:46:35+00:00","dateModified":"2025-10-22T08:52:39+00:00","breadcrumb":{"@id":"https:\/\/disoh.com\/support\/#breadcrumb"},"inLanguage":"pt-BR","potentialAction":[{"@type":"ReadAction","target":["https:\/\/disoh.com\/support\/"]}]},{"@type":"BreadcrumbList","@id":"https:\/\/disoh.com\/support\/#breadcrumb","itemListElement":[{"@type":"ListItem","position":1,"name":"Home","item":"https:\/\/disoh.com\/"},{"@type":"ListItem","position":2,"name":"Support"}]},{"@type":"WebSite","@id":"https:\/\/disoh.com\/#website","url":"https:\/\/disoh.com\/","name":"Disque","description":"Hospedagem de solu\u00e7\u00f5es digitais","publisher":{"@id":"https:\/\/disoh.com\/#organization"},"potentialAction":[{"@type":"SearchAction","target":{"@type":"EntryPoint","urlTemplate":"https:\/\/disoh.com\/?s={search_term_string}"},"query-input":{"@type":"PropertyValueSpecification","valueRequired":true,"valueName":"search_term_string"}}],"inLanguage":"pt-BR"},{"@type":"Organization","@id":"https:\/\/disoh.com\/#organization","name":"Disoh LLC","url":"https:\/\/disoh.com\/","logo":{"@type":"ImageObject","inLanguage":"pt-BR","@id":"https:\/\/disoh.com\/#\/schema\/logo\/image\/","url":"https:\/\/disoh.com\/wp-content\/uploads\/2025\/06\/favicon_1.svg","contentUrl":"https:\/\/disoh.com\/wp-content\/uploads\/2025\/06\/favicon_1.svg","width":615,"height":615,"caption":"Disoh LLC"},"image":{"@id":"https:\/\/disoh.com\/#\/schema\/logo\/image\/"},"sameAs":["https:\/\/www.facebook.com\/disohhosting"]}]}},"_links":{"self":[{"href":"https:\/\/disoh.com\/pt\/wp-json\/wp\/v2\/pages\/1416","targetHints":{"allow":["GET"]}}],"collection":[{"href":"https:\/\/disoh.com\/pt\/wp-json\/wp\/v2\/pages"}],"about":[{"href":"https:\/\/disoh.com\/pt\/wp-json\/wp\/v2\/types\/page"}],"author":[{"embeddable":true,"href":"https:\/\/disoh.com\/pt\/wp-json\/wp\/v2\/users\/1"}],"replies":[{"embeddable":true,"href":"https:\/\/disoh.com\/pt\/wp-json\/wp\/v2\/comments?post=1416"}],"version-history":[{"count":43,"href":"https:\/\/disoh.com\/pt\/wp-json\/wp\/v2\/pages\/1416\/revisions"}],"predecessor-version":[{"id":2264,"href":"https:\/\/disoh.com\/pt\/wp-json\/wp\/v2\/pages\/1416\/revisions\/2264"}],"wp:attachment":[{"href":"https:\/\/disoh.com\/pt\/wp-json\/wp\/v2\/media?parent=1416"}],"curies":[{"name":"wp","href":"https:\/\/api.w.org\/{rel}","templated":true}]}}