{"id":2557,"date":"2025-10-27T16:10:13","date_gmt":"2025-10-27T16:10:13","guid":{"rendered":"https:\/\/disoh.com\/?page_id=2557"},"modified":"2025-10-27T22:40:13","modified_gmt":"2025-10-27T22:40:13","slug":"politique-de-confidentialite","status":"publish","type":"page","link":"https:\/\/disoh.com\/fr\/privacy-policy\/","title":{"rendered":"Politique de confidentialit\u00e9"},"content":{"rendered":"<p>Bienvenue \u00e0 <strong>Disoh<\/strong> (\u201cnous\u201d, \u201cnotre\u201d, \u201cnos\u201d). Nous respectons votre vie priv\u00e9e et nous nous engageons \u00e0 prot\u00e9ger vos donn\u00e9es personnelles. La pr\u00e9sente politique de confidentialit\u00e9 explique comment nous recueillons, utilisons et prot\u00e9geons vos informations lorsque vous visitez notre site web ou utilisez nos services.<\/p>\n\n\n\n<p>Disoh LLC est bas\u00e9 \u00e0 <strong>Wyoming, \u00c9tats-Unis<\/strong>, et exploite des serveurs dans les pays suivants <strong>les \u00c9tats-Unis et l'Europe<\/strong> pour fournir un h\u00e9bergement s\u00e9curis\u00e9 et performant \u00e0 nos utilisateurs dans le monde entier. Bien que nous soyons une soci\u00e9t\u00e9 bas\u00e9e aux \u00c9tats-Unis, nous adh\u00e9rons aux principes suivants <strong>des normes europ\u00e9ennes strictes en mati\u00e8re de protection des donn\u00e9es<\/strong>, y compris les principes de la <strong>R\u00e8glement g\u00e9n\u00e9ral sur la protection des donn\u00e9es (RGPD)<\/strong>.<\/p>\n\n\n\n<p>Notre objectif est simple : <strong>\u00eatre transparent, responsable et respectueux<\/strong> dans la mani\u00e8re dont nous traitons vos donn\u00e9es.<\/p>\n\n\n\n<hr class=\"wp-block-separator has-alpha-channel-opacity\"\/>\n\n\n\n<h2 class=\"wp-block-heading\"><strong>2. Les informations que nous collectons<\/strong><\/h2>\n\n\n\n<p>Nous recueillons des informations pour fournir, am\u00e9liorer et s\u00e9curiser nos services. Il s'agit notamment de :<\/p>\n\n\n\n<h3 class=\"wp-block-heading\"><strong>2.1. Informations que vous fournissez<\/strong><\/h3>\n\n\n\n<ul class=\"wp-block-list\">\n<li><strong>Informations sur le compte :<\/strong> Lorsque vous vous inscrivez ou effectuez un achat, nous recueillons votre nom, votre adresse \u00e9lectronique, votre adresse de facturation, vos donn\u00e9es de paiement et vos identifiants de connexion.<\/li>\n\n\n\n<li><strong>Communications :<\/strong> Toute information que vous envoyez par le biais de tickets d'assistance, d'e-mails ou de formulaires sur notre site web.<\/li>\n\n\n\n<li><strong>Contenu du site web :<\/strong> Si vous h\u00e9bergez un site web chez nous, nous pouvons stocker le contenu et les donn\u00e9es associ\u00e9s \u00e0 votre compte sur nos serveurs.<\/li>\n<\/ul>\n\n\n\n<h3 class=\"wp-block-heading\"><strong>2.2. Informations collect\u00e9es automatiquement<\/strong><\/h3>\n\n\n\n<p>Lorsque vous utilisez notre site web ou nos services d'h\u00e9bergement, nous pouvons collecter automatiquement des donn\u00e9es :<\/p>\n\n\n\n<ul class=\"wp-block-list\">\n<li>Adresse IP et localisation g\u00e9n\u00e9rale (au niveau du pays ou de la ville)<\/li>\n\n\n\n<li>Type de navigateur et informations sur l'appareil<\/li>\n\n\n\n<li>Pages visit\u00e9es et actions entreprises sur notre site web<\/li>\n\n\n\n<li>Journaux du serveur relatifs \u00e0 la s\u00e9curit\u00e9 et \u00e0 la performance<\/li>\n<\/ul>\n\n\n\n<h3 class=\"wp-block-heading\"><strong>2.3. Informations provenant de tiers<\/strong><\/h3>\n\n\n\n<p>Nous pouvons recevoir des informations limit\u00e9es de la part de :<\/p>\n\n\n\n<ul class=\"wp-block-list\">\n<li>Fournisseurs de services de paiement (par exemple, Stripe, PayPal)<\/li>\n\n\n\n<li>Registres de domaines ou fournisseurs SSL<\/li>\n\n\n\n<li>Outils de s\u00e9curit\u00e9 ou d'analyse (par exemple, Cloudflare)<\/li>\n<\/ul>\n\n\n\n<hr class=\"wp-block-separator has-alpha-channel-opacity\"\/>\n\n\n\n<h2 class=\"wp-block-heading\"><strong>3. Comment nous utilisons vos informations<\/strong><\/h2>\n\n\n\n<p>Nous n'utilisons vos donn\u00e9es qu'\u00e0 des fins commerciales l\u00e9gitimes, notamment :<\/p>\n\n\n\n<ul class=\"wp-block-list\">\n<li>Pour <strong>fournir et g\u00e9rer<\/strong> nos services d'h\u00e9bergement et de sites web<\/li>\n\n\n\n<li>Pour <strong>traiter les paiements<\/strong> et v\u00e9rifier les transactions<\/li>\n\n\n\n<li>Pour <strong>communiquer<\/strong> avec vous au sujet de votre compte, de l'assistance ou des mises \u00e0 jour<\/li>\n\n\n\n<li>Pour <strong>am\u00e9liorer et s\u00e9curiser<\/strong> nos syst\u00e8mes et l'exp\u00e9rience des clients<\/li>\n\n\n\n<li>Pour <strong>se conformer aux obligations l\u00e9gales<\/strong> (par exemple, pr\u00e9vention de la fraude, d\u00e9claration fiscale)<\/li>\n<\/ul>\n\n\n\n<p>Nous ne vendons jamais vos donn\u00e9es ni ne les partageons avec des annonceurs.<\/p>\n\n\n\n<hr class=\"wp-block-separator has-alpha-channel-opacity\"\/>\n\n\n\n<h2 class=\"wp-block-heading\"><strong>4. Bases juridiques du traitement (GDPR)<\/strong><\/h2>\n\n\n\n<p>Si vous \u00eates situ\u00e9 dans l'Espace \u00e9conomique europ\u00e9en (EEE), nous traitons vos donn\u00e9es \u00e0 caract\u00e8re personnel en vertu d'une ou de plusieurs des bases l\u00e9gales suivantes :<\/p>\n\n\n\n<ul class=\"wp-block-list\">\n<li><strong>Ex\u00e9cution d'un contrat :<\/strong> Fournir des services d'h\u00e9bergement ou des services connexes que vous avez command\u00e9s.<\/li>\n\n\n\n<li><strong>Obligation l\u00e9gale :<\/strong> Se conformer aux lois et r\u00e8glements applicables.<\/li>\n\n\n\n<li><strong>Int\u00e9r\u00eats l\u00e9gitimes :<\/strong> Am\u00e9liorer nos syst\u00e8mes et nous prot\u00e9ger contre les abus.<\/li>\n\n\n\n<li><strong>Consentement :<\/strong> Lorsque vous avez explicitement donn\u00e9 votre accord (par exemple, les courriels de marketing).<\/li>\n<\/ul>\n\n\n\n<hr class=\"wp-block-separator has-alpha-channel-opacity\"\/>\n\n\n\n<h2 class=\"wp-block-heading\"><strong>5. Stockage et localisation des donn\u00e9es<\/strong><\/h2>\n\n\n\n<p>Vos donn\u00e9es peuvent \u00eatre stock\u00e9es sur des serveurs situ\u00e9s <strong>les \u00c9tats-Unis ou l'Union europ\u00e9enne<\/strong>.<br>Nous choisissons l'emplacement en fonction des performances, de la redondance et de la conformit\u00e9 l\u00e9gale.<\/p>\n\n\n\n<p>Quel que soit l'endroit o\u00f9 il est stock\u00e9, nous appliquons la norme <strong>les m\u00eames normes strictes en mati\u00e8re de protection des donn\u00e9es<\/strong> partout.<\/p>\n\n\n\n<p>Toutes les donn\u00e9es sont crypt\u00e9es lors de la transmission (HTTPS\/SSL) et g\u00e9r\u00e9es de mani\u00e8re s\u00e9curis\u00e9e conform\u00e9ment aux meilleures pratiques du secteur.<\/p>\n\n\n\n<hr class=\"wp-block-separator has-alpha-channel-opacity\"\/>\n\n\n\n<h2 class=\"wp-block-heading\"><strong>6. Conservation des donn\u00e9es<\/strong><\/h2>\n\n\n\n<p>Nous ne conservons les donn\u00e9es \u00e0 caract\u00e8re personnel que le temps n\u00e9cessaire pour :<\/p>\n\n\n\n<ul class=\"wp-block-list\">\n<li>Fournir nos services et g\u00e9rer votre compte<\/li>\n\n\n\n<li>Respecter les obligations l\u00e9gales (par exemple, imp\u00f4ts, facturation)<\/li>\n\n\n\n<li>R\u00e9soudre des litiges ou faire respecter nos accords<\/li>\n<\/ul>\n\n\n\n<p>Lorsque les donn\u00e9es ne sont plus n\u00e9cessaires, nous les supprimons ou les rendons anonymes en toute s\u00e9curit\u00e9.<\/p>\n\n\n\n<hr class=\"wp-block-separator has-alpha-channel-opacity\"\/>\n\n\n\n<h2 class=\"wp-block-heading\"><strong>7. Partage d'informations<\/strong><\/h2>\n\n\n\n<p>Nous ne partageons vos informations qu'avec des tiers de confiance qui nous aident \u00e0 exploiter nos services, comme par exemple :<\/p>\n\n\n\n<ul class=\"wp-block-list\">\n<li><strong>Processeurs de paiement<\/strong> (par exemple, Stripe, PayPal)<\/li>\n\n\n\n<li><strong>Registres de domaines et fournisseurs SSL<\/strong><\/li>\n\n\n\n<li><strong>Services d'envoi de courrier \u00e9lectronique<\/strong> (pour les courriels transactionnels)<\/li>\n\n\n\n<li><strong>Centres de donn\u00e9es et partenaires d'infrastructure<\/strong><\/li>\n<\/ul>\n\n\n\n<p>Chaque partenaire est soigneusement s\u00e9lectionn\u00e9 et s'engage contractuellement \u00e0 respecter des exigences strictes en mati\u00e8re de protection des donn\u00e9es et de confidentialit\u00e9.<\/p>\n\n\n\n<p>Nous allons <strong>ne jamais vendre ou louer<\/strong> vos donn\u00e9es \u00e0 des sp\u00e9cialistes du marketing ou \u00e0 des tiers non li\u00e9s.<\/p>\n\n\n\n<hr class=\"wp-block-separator has-alpha-channel-opacity\"\/>\n\n\n\n<h2 class=\"wp-block-heading\"><strong>8. Cookies et tra\u00e7age<\/strong><\/h2>\n\n\n\n<p>Notre site Internet utilise des cookies et des technologies similaires pour :<\/p>\n\n\n\n<ul class=\"wp-block-list\">\n<li>Vous garder connect\u00e9<\/li>\n\n\n\n<li>M\u00e9morisez vos pr\u00e9f\u00e9rences<\/li>\n\n\n\n<li>Analyser le trafic et am\u00e9liorer les performances<\/li>\n<\/ul>\n\n\n\n<p>Vous pouvez contr\u00f4ler les cookies par le biais des param\u00e8tres de votre navigateur.<br>Certains cookies sont essentiels au bon fonctionnement du site.<\/p>\n\n\n\n<hr class=\"wp-block-separator has-alpha-channel-opacity\"\/>\n\n\n\n<h2 class=\"wp-block-heading\"><strong>9. Droits des personnes concern\u00e9es (GDPR)<\/strong><\/h2>\n\n\n\n<p>Si vous \u00eates situ\u00e9 dans l'EEE, vous disposez des droits suivants concernant vos donn\u00e9es \u00e0 caract\u00e8re personnel :<\/p>\n\n\n\n<ul class=\"wp-block-list\">\n<li><strong>Droit d'acc\u00e8s<\/strong> - Demander une copie de vos donn\u00e9es.<\/li>\n\n\n\n<li><strong>Droit de rectification<\/strong> - Corriger les informations inexactes.<\/li>\n\n\n\n<li><strong>Droit \u00e0 l'effacement<\/strong> - Demander la suppression de vos donn\u00e9es.<\/li>\n\n\n\n<li><strong>Droit \u00e0 la restriction<\/strong> - Limiter l'utilisation de vos donn\u00e9es.<\/li>\n\n\n\n<li><strong>Droit \u00e0 la portabilit\u00e9 des donn\u00e9es<\/strong> - Recevez vos donn\u00e9es dans un format structur\u00e9.<\/li>\n\n\n\n<li><strong>Droit d'opposition<\/strong> - S'opposer au traitement fond\u00e9 sur les int\u00e9r\u00eats l\u00e9gitimes.<\/li>\n<\/ul>\n\n\n\n<p>Pour exercer l'un de ces droits, contactez-nous \u00e0 l'adresse suivante <strong><a>support@disoh.com<\/a><\/strong>.<br>Il se peut que nous devions v\u00e9rifier votre identit\u00e9 avant de traiter votre demande.<\/p>\n\n\n\n<hr class=\"wp-block-separator has-alpha-channel-opacity\"\/>\n\n\n\n<h2 class=\"wp-block-heading\"><strong>10. S\u00e9curit\u00e9<\/strong><\/h2>\n\n\n\n<p>Nous prenons la s\u00e9curit\u00e9 au s\u00e9rieux.<br>Disoh met en \u0153uvre une combinaison de <strong>des mesures techniques, administratives et physiques<\/strong> pour prot\u00e9ger vos donn\u00e9es contre la perte, l'utilisation abusive ou l'acc\u00e8s non autoris\u00e9.<\/p>\n\n\n\n<p>Il s'agit notamment de<\/p>\n\n\n\n<ul class=\"wp-block-list\">\n<li>Transmission de donn\u00e9es crypt\u00e9es (SSL\/TLS)<\/li>\n\n\n\n<li>Pare-feu et protection DDoS<\/li>\n\n\n\n<li>Acc\u00e8s interne limit\u00e9 en fonction du poste occup\u00e9<\/li>\n\n\n\n<li>Mises \u00e0 jour et audits de s\u00e9curit\u00e9 r\u00e9guliers<\/li>\n<\/ul>\n\n\n\n<p>Aucun syst\u00e8me en ligne n'est 100% s\u00fbr, mais nous nous effor\u00e7ons en permanence de minimiser les risques.<\/p>\n\n\n\n<hr class=\"wp-block-separator has-alpha-channel-opacity\"\/>\n\n\n\n<h2 class=\"wp-block-heading\"><strong>11. Vie priv\u00e9e des enfants<\/strong><\/h2>\n\n\n\n<p>Nos services sont <strong>ne s'adresse pas aux enfants de moins de 18 ans<\/strong>.<br>Nous ne collectons pas sciemment de donn\u00e9es personnelles aupr\u00e8s de mineurs.<br>Si nous apprenons que des donn\u00e9es ont \u00e9t\u00e9 collect\u00e9es aupr\u00e8s d'un enfant, elles seront rapidement supprim\u00e9es.<\/p>\n\n\n\n<hr class=\"wp-block-separator has-alpha-channel-opacity\"\/>\n\n\n\n<h2 class=\"wp-block-heading\"><strong>12. Transferts internationaux de donn\u00e9es<\/strong><\/h2>\n\n\n\n<p>Lorsque les donn\u00e9es sont transf\u00e9r\u00e9es en dehors de votre pays, nous veillons \u00e0 ce que des garanties appropri\u00e9es soient mises en place, telles que <strong>Clauses contractuelles types (CCN)<\/strong> approuv\u00e9 par la Commission europ\u00e9enne - pour garantir que vos donn\u00e9es restent prot\u00e9g\u00e9es conform\u00e9ment aux normes du GDPR.<\/p>\n\n\n\n<hr class=\"wp-block-separator has-alpha-channel-opacity\"\/>\n\n\n\n<h2 class=\"wp-block-heading\"><strong>13. Votre consentement \u00e0 la communication<\/strong><\/h2>\n\n\n\n<p>En cr\u00e9ant un compte ou en nous contactant, vous acceptez que nous vous envoyions des courriels transactionnels li\u00e9s \u00e0 votre compte ou \u00e0 votre service (par exemple, factures, renouvellements, mises \u00e0 jour importantes).<\/p>\n\n\n\n<p>Vous pouvez \u00e9galement choisir de recevoir des communications marketing, dont vous pouvez vous d\u00e9sabonner \u00e0 tout moment.<\/p>\n\n\n\n<hr class=\"wp-block-separator has-alpha-channel-opacity\"\/>\n\n\n\n<h2 class=\"wp-block-heading\"><strong>14. Modifications de la pr\u00e9sente politique<\/strong><\/h2>\n\n\n\n<p>Nous pouvons mettre \u00e0 jour la pr\u00e9sente politique de confidentialit\u00e9 de temps \u00e0 autre.<br>Toute modification sera affich\u00e9e sur cette page avec une nouvelle date de \u201cderni\u00e8re mise \u00e0 jour\u201d.<br>Les modifications importantes seront communiqu\u00e9es par courrier \u00e9lectronique ou par un avis sur notre site web.<\/p>\n\n\n\n<hr class=\"wp-block-separator has-alpha-channel-opacity\"\/>\n\n\n\n<h2 class=\"wp-block-heading\"><strong>15. Informations sur les contacts<\/strong><\/h2>\n\n\n\n<p>Si vous avez des questions sur la pr\u00e9sente politique de confidentialit\u00e9 ou sur la mani\u00e8re dont nous traitons vos donn\u00e9es, veuillez nous contacter :<\/p>\n\n\n\n<p><strong>Disoh LLC<\/strong><br>30 N Gould St STE R<br>Sheridan, WY 82801<br>\u00c9tats-Unis<br><strong>support@disoh.com<\/strong><\/p>\n\n\n\n<hr class=\"wp-block-separator has-alpha-channel-opacity\"\/>\n\n\n\n<h2 class=\"wp-block-heading\"><strong>16. Note finale<\/strong><\/h2>\n\n\n\n<p>\u00c0 Disoh, <strong>nous pensons que la protection de la vie priv\u00e9e n'est pas une case \u00e0 cocher - c'est une responsabilit\u00e9.<\/strong><br>Nous travaillons de mani\u00e8re ind\u00e9pendante, transparente et dans le respect de chaque utilisateur, o\u00f9 qu'il se trouve.<br>Votre confiance est essentielle pour nous, et nous continuerons \u00e0 la m\u00e9riter en faisant preuve d'honn\u00eatet\u00e9 et d'attention.<\/p>","protected":false},"excerpt":{"rendered":"<p>Welcome to Disoh (\u201cwe\u201d, \u201cus\u201d, \u201cour\u201d). We respect your privacy and are committed to protecting your personal data. This Privacy Policy explains how we collect, use, and protect your information when you visit our website or use our services. Disoh LLC is based in Wyoming, United States, and operates servers in both the United States [&hellip;]<\/p>\n","protected":false},"author":1,"featured_media":0,"parent":0,"menu_order":0,"comment_status":"closed","ping_status":"closed","template":"","meta":{"footnotes":""},"class_list":["post-2557","page","type-page","status-publish","hentry"],"yoast_head":"<!-- This site is optimized with the Yoast SEO plugin v27.4 - https:\/\/yoast.com\/product\/yoast-seo-wordpress\/ -->\n<title>Privacy Policy &#8211; Disoh<\/title>\n<meta name=\"robots\" content=\"index, follow, max-snippet:-1, max-image-preview:large, max-video-preview:-1\" \/>\n<link rel=\"canonical\" href=\"https:\/\/disoh.com\/fr\/politique-de-confidentialite\/\" \/>\n<meta property=\"og:locale\" content=\"fr_FR\" \/>\n<meta property=\"og:type\" content=\"article\" \/>\n<meta property=\"og:title\" content=\"Privacy Policy &#8211; Disoh\" \/>\n<meta property=\"og:description\" content=\"Welcome to Disoh (\u201cwe\u201d, \u201cus\u201d, \u201cour\u201d). We respect your privacy and are committed to protecting your personal data. This Privacy Policy explains how we collect, use, and protect your information when you visit our website or use our services. Disoh LLC is based in Wyoming, United States, and operates servers in both the United States [&hellip;]\" \/>\n<meta property=\"og:url\" content=\"https:\/\/disoh.com\/fr\/politique-de-confidentialite\/\" \/>\n<meta property=\"og:site_name\" content=\"Disoh\" \/>\n<meta property=\"article:publisher\" content=\"https:\/\/www.facebook.com\/disohhosting\" \/>\n<meta property=\"article:modified_time\" content=\"2025-10-27T22:40:13+00:00\" \/>\n<meta property=\"og:image\" content=\"https:\/\/disoh.com\/wp-content\/uploads\/2025\/07\/disoh_about.webp\" \/>\n\t<meta property=\"og:image:width\" content=\"1536\" \/>\n\t<meta property=\"og:image:height\" content=\"1024\" \/>\n\t<meta property=\"og:image:type\" content=\"image\/webp\" \/>\n<meta name=\"twitter:card\" content=\"summary_large_image\" \/>\n<meta name=\"twitter:label1\" content=\"Dur\u00e9e de lecture estim\u00e9e\" \/>\n\t<meta name=\"twitter:data1\" content=\"5 minutes\" \/>\n<script type=\"application\/ld+json\" class=\"yoast-schema-graph\">{\"@context\":\"https:\\\/\\\/schema.org\",\"@graph\":[{\"@type\":\"WebPage\",\"@id\":\"https:\\\/\\\/disoh.com\\\/privacy-policy\\\/\",\"url\":\"https:\\\/\\\/disoh.com\\\/privacy-policy\\\/\",\"name\":\"Privacy Policy &#8211; Disoh\",\"isPartOf\":{\"@id\":\"https:\\\/\\\/disoh.com\\\/#website\"},\"datePublished\":\"2025-10-27T16:10:13+00:00\",\"dateModified\":\"2025-10-27T22:40:13+00:00\",\"breadcrumb\":{\"@id\":\"https:\\\/\\\/disoh.com\\\/privacy-policy\\\/#breadcrumb\"},\"inLanguage\":\"fr-FR\",\"potentialAction\":[{\"@type\":\"ReadAction\",\"target\":[\"https:\\\/\\\/disoh.com\\\/privacy-policy\\\/\"]}]},{\"@type\":\"BreadcrumbList\",\"@id\":\"https:\\\/\\\/disoh.com\\\/privacy-policy\\\/#breadcrumb\",\"itemListElement\":[{\"@type\":\"ListItem\",\"position\":1,\"name\":\"Home\",\"item\":\"https:\\\/\\\/disoh.com\\\/\"},{\"@type\":\"ListItem\",\"position\":2,\"name\":\"Privacy Policy\"}]},{\"@type\":\"WebSite\",\"@id\":\"https:\\\/\\\/disoh.com\\\/#website\",\"url\":\"https:\\\/\\\/disoh.com\\\/\",\"name\":\"Disoh\",\"description\":\"Digital Solutions Hosting\",\"publisher\":{\"@id\":\"https:\\\/\\\/disoh.com\\\/#organization\"},\"potentialAction\":[{\"@type\":\"SearchAction\",\"target\":{\"@type\":\"EntryPoint\",\"urlTemplate\":\"https:\\\/\\\/disoh.com\\\/?s={search_term_string}\"},\"query-input\":{\"@type\":\"PropertyValueSpecification\",\"valueRequired\":true,\"valueName\":\"search_term_string\"}}],\"inLanguage\":\"fr-FR\"},{\"@type\":\"Organization\",\"@id\":\"https:\\\/\\\/disoh.com\\\/#organization\",\"name\":\"Disoh LLC\",\"url\":\"https:\\\/\\\/disoh.com\\\/\",\"logo\":{\"@type\":\"ImageObject\",\"inLanguage\":\"fr-FR\",\"@id\":\"https:\\\/\\\/disoh.com\\\/#\\\/schema\\\/logo\\\/image\\\/\",\"url\":\"https:\\\/\\\/disoh.com\\\/wp-content\\\/uploads\\\/2025\\\/06\\\/favicon_1.svg\",\"contentUrl\":\"https:\\\/\\\/disoh.com\\\/wp-content\\\/uploads\\\/2025\\\/06\\\/favicon_1.svg\",\"width\":615,\"height\":615,\"caption\":\"Disoh LLC\"},\"image\":{\"@id\":\"https:\\\/\\\/disoh.com\\\/#\\\/schema\\\/logo\\\/image\\\/\"},\"sameAs\":[\"https:\\\/\\\/www.facebook.com\\\/disohhosting\"]}]}<\/script>\n<!-- \/ Yoast SEO plugin. -->","yoast_head_json":{"title":"Politique de confidentialit\u00e9 - Disoh","robots":{"index":"index","follow":"follow","max-snippet":"max-snippet:-1","max-image-preview":"max-image-preview:large","max-video-preview":"max-video-preview:-1"},"canonical":"https:\/\/disoh.com\/fr\/politique-de-confidentialite\/","og_locale":"fr_FR","og_type":"article","og_title":"Privacy Policy &#8211; Disoh","og_description":"Welcome to Disoh (\u201cwe\u201d, \u201cus\u201d, \u201cour\u201d). We respect your privacy and are committed to protecting your personal data. This Privacy Policy explains how we collect, use, and protect your information when you visit our website or use our services. Disoh LLC is based in Wyoming, United States, and operates servers in both the United States [&hellip;]","og_url":"https:\/\/disoh.com\/fr\/politique-de-confidentialite\/","og_site_name":"Disoh","article_publisher":"https:\/\/www.facebook.com\/disohhosting","article_modified_time":"2025-10-27T22:40:13+00:00","og_image":[{"width":1536,"height":1024,"url":"https:\/\/disoh.com\/wp-content\/uploads\/2025\/07\/disoh_about.webp","type":"image\/webp"}],"twitter_card":"summary_large_image","twitter_misc":{"Dur\u00e9e de lecture estim\u00e9e":"5 minutes"},"schema":{"@context":"https:\/\/schema.org","@graph":[{"@type":"WebPage","@id":"https:\/\/disoh.com\/privacy-policy\/","url":"https:\/\/disoh.com\/privacy-policy\/","name":"Politique de confidentialit\u00e9 - Disoh","isPartOf":{"@id":"https:\/\/disoh.com\/#website"},"datePublished":"2025-10-27T16:10:13+00:00","dateModified":"2025-10-27T22:40:13+00:00","breadcrumb":{"@id":"https:\/\/disoh.com\/privacy-policy\/#breadcrumb"},"inLanguage":"fr-FR","potentialAction":[{"@type":"ReadAction","target":["https:\/\/disoh.com\/privacy-policy\/"]}]},{"@type":"BreadcrumbList","@id":"https:\/\/disoh.com\/privacy-policy\/#breadcrumb","itemListElement":[{"@type":"ListItem","position":1,"name":"Home","item":"https:\/\/disoh.com\/"},{"@type":"ListItem","position":2,"name":"Privacy Policy"}]},{"@type":"WebSite","@id":"https:\/\/disoh.com\/#website","url":"https:\/\/disoh.com\/","name":"Disoh","description":"Solutions num\u00e9riques H\u00e9bergement","publisher":{"@id":"https:\/\/disoh.com\/#organization"},"potentialAction":[{"@type":"SearchAction","target":{"@type":"EntryPoint","urlTemplate":"https:\/\/disoh.com\/?s={search_term_string}"},"query-input":{"@type":"PropertyValueSpecification","valueRequired":true,"valueName":"search_term_string"}}],"inLanguage":"fr-FR"},{"@type":"Organization","@id":"https:\/\/disoh.com\/#organization","name":"Disoh LLC","url":"https:\/\/disoh.com\/","logo":{"@type":"ImageObject","inLanguage":"fr-FR","@id":"https:\/\/disoh.com\/#\/schema\/logo\/image\/","url":"https:\/\/disoh.com\/wp-content\/uploads\/2025\/06\/favicon_1.svg","contentUrl":"https:\/\/disoh.com\/wp-content\/uploads\/2025\/06\/favicon_1.svg","width":615,"height":615,"caption":"Disoh LLC"},"image":{"@id":"https:\/\/disoh.com\/#\/schema\/logo\/image\/"},"sameAs":["https:\/\/www.facebook.com\/disohhosting"]}]}},"_links":{"self":[{"href":"https:\/\/disoh.com\/fr\/wp-json\/wp\/v2\/pages\/2557","targetHints":{"allow":["GET"]}}],"collection":[{"href":"https:\/\/disoh.com\/fr\/wp-json\/wp\/v2\/pages"}],"about":[{"href":"https:\/\/disoh.com\/fr\/wp-json\/wp\/v2\/types\/page"}],"author":[{"embeddable":true,"href":"https:\/\/disoh.com\/fr\/wp-json\/wp\/v2\/users\/1"}],"replies":[{"embeddable":true,"href":"https:\/\/disoh.com\/fr\/wp-json\/wp\/v2\/comments?post=2557"}],"version-history":[{"count":2,"href":"https:\/\/disoh.com\/fr\/wp-json\/wp\/v2\/pages\/2557\/revisions"}],"predecessor-version":[{"id":2604,"href":"https:\/\/disoh.com\/fr\/wp-json\/wp\/v2\/pages\/2557\/revisions\/2604"}],"wp:attachment":[{"href":"https:\/\/disoh.com\/fr\/wp-json\/wp\/v2\/media?parent=2557"}],"curies":[{"name":"wp","href":"https:\/\/api.w.org\/{rel}","templated":true}]}}