{"id":2554,"date":"2025-10-27T16:07:52","date_gmt":"2025-10-27T16:07:52","guid":{"rendered":"https:\/\/disoh.com\/?page_id=2554"},"modified":"2025-10-27T22:38:51","modified_gmt":"2025-10-27T22:38:51","slug":"conditions-generales","status":"publish","type":"page","link":"https:\/\/disoh.com\/fr\/terms-and-conditions\/","title":{"rendered":"Conditions g\u00e9n\u00e9rales d'utilisation"},"content":{"rendered":"<h2 class=\"wp-block-heading\"><strong>1. Vue d'ensemble<\/strong><\/h2>\n\n\n\n<p>Bienvenue sur le site Disoh (\u201cnous\u201d, \u201cnotre\u201d, \u201cnos\u201d), exploit\u00e9 par Disoh LLC, situ\u00e9 \u00e0 30 N Gould St STE R, Sheridan, WY 82801, \u00c9tats-Unis. Les pr\u00e9sentes conditions g\u00e9n\u00e9rales (\u201cconditions\u201d) r\u00e9gissent votre utilisation de notre site web et de tous les produits, services et outils connexes (collectivement, les \u201cservices\u201d).<\/p>\n\n\n\n<p>Disoh op\u00e8re au niveau international - avec des serveurs situ\u00e9s aux \u00c9tats-Unis et en Europe - afin de fournir un h\u00e9bergement rapide et fiable aux utilisateurs du monde entier.<\/p>\n\n\n\n<p>Bien que nous soyons une soci\u00e9t\u00e9 bas\u00e9e aux \u00c9tats-Unis, nous adh\u00e9rons \u00e0 des normes europ\u00e9ennes strictes en mati\u00e8re de protection des donn\u00e9es et de la vie priv\u00e9e afin de garantir la transparence, l'\u00e9quit\u00e9 et le respect de vos droits. Nous nous soucions beaucoup de nos utilisateurs et nous nous effor\u00e7ons d'agir de mani\u00e8re humaine, \u00e9thique et responsable dans toutes les r\u00e9gions.<\/p>\n\n\n\n<p>En acc\u00e9dant \u00e0 nos services ou en les utilisant, vous (\u201cvous\u201d, \u201cvotre\u201d, \u201cutilisateur\u201d ou \u201cclient\u201d) acceptez d'\u00eatre li\u00e9 par les pr\u00e9sentes conditions et par toutes les lois applicables. Si vous n'\u00eates pas d'accord, vous devez cesser imm\u00e9diatement d'utiliser nos services.<\/p>\n\n\n\n<p>Disoh peut mettre \u00e0 jour ou modifier les pr\u00e9sentes conditions \u00e0 tout moment. Les modifications entreront en vigueur d\u00e8s leur publication sur ce site web. Si vous continuez \u00e0 utiliser le site apr\u00e8s une telle mise \u00e0 jour, vous acceptez les conditions r\u00e9vis\u00e9es.<\/p>\n\n\n\n<hr class=\"wp-block-separator has-alpha-channel-opacity\"\/>\n\n\n\n<h2 class=\"wp-block-heading\"><strong>2. Options de paiement<\/strong><\/h2>\n\n\n\n<p>Les paiements peuvent \u00eatre effectu\u00e9s en utilisant <strong>Rayure<\/strong>, Les cartes de cr\u00e9dit et de d\u00e9bit sont accept\u00e9es (Visa, MasterCard, American Express, Discover), <strong>PayPal<\/strong>, ou d'autres modes de paiement pris en charge tels que <strong>virement bancaire<\/strong> ou <strong>crypto-monnaie<\/strong>, le cas \u00e9ch\u00e9ant.<\/p>\n\n\n\n<p>Tous les paiements doivent \u00eatre effectu\u00e9s dans leur int\u00e9gralit\u00e9 avant que les services ne soient activ\u00e9s, sauf indication contraire par \u00e9crit.<\/p>\n\n\n\n<hr class=\"wp-block-separator has-alpha-channel-opacity\"\/>\n\n\n\n<h2 class=\"wp-block-heading\"><strong>3. Traitement des cartes et s\u00e9curit\u00e9<\/strong><\/h2>\n\n\n\n<p>Les paiements par carte sont trait\u00e9s en toute s\u00e9curit\u00e9 via <strong>Stripe, Inc.<\/strong>.<br>Disoh fait <strong>ne pas stocker<\/strong> vos donn\u00e9es de paiement compl\u00e8tes sur nos serveurs.<br>Pour plus d'informations sur les politiques de Stripe, veuillez consulter le site suivant <a href=\"https:\/\/www.stripe.com\">www.stripe.com<\/a>.<\/p>\n\n\n\n<hr class=\"wp-block-separator has-alpha-channel-opacity\"\/>\n\n\n\n<h2 class=\"wp-block-heading\"><strong>4. Prestation de services<\/strong><\/h2>\n\n\n\n<p>Une fois le paiement re\u00e7u, les services sont g\u00e9n\u00e9ralement fournis automatiquement ou dans les 24 heures.<br>Vous recevrez un courriel de confirmation une fois l'installation termin\u00e9e.<br>Certains services personnalis\u00e9s (tels que la conception d'un site web ou l'int\u00e9gration) peuvent n\u00e9cessiter un d\u00e9lai suppl\u00e9mentaire, comme indiqu\u00e9 au cours du processus de commande.<\/p>\n\n\n\n<hr class=\"wp-block-separator has-alpha-channel-opacity\"\/>\n\n\n\n<h2 class=\"wp-block-heading\"><strong>5. Politique de remboursement<\/strong><\/h2>\n\n\n\n<p>Nous voulons que nos clients soient satisfaits. Toutefois, \u00e9tant donn\u00e9 que nos services impliquent des produits num\u00e9riques et des ressources de serveur, les dispositions suivantes s'appliquent :<\/p>\n\n\n\n<ul class=\"wp-block-list\">\n<li>Les achats d'h\u00e9bergement et de domaine sont remboursables <strong>dans les 30 jours<\/strong> de la commande originale, sauf indication contraire.<\/li>\n\n\n\n<li>Les remboursements <strong>pas<\/strong> s'appliquent aux enregistrements de domaines, aux certificats SSL ou aux licences de tiers.<\/li>\n\n\n\n<li>Les frais de conception ou d'installation d'un site web personnalis\u00e9 s'\u00e9l\u00e8vent \u00e0 <strong>non remboursable<\/strong> une fois le projet lanc\u00e9.<\/li>\n\n\n\n<li>Disoh se r\u00e9serve le droit de refuser les remboursements en cas d'abus, de fraude ou de violation des pr\u00e9sentes conditions.<\/li>\n<\/ul>\n\n\n\n<p>Les remboursements, le cas \u00e9ch\u00e9ant, seront effectu\u00e9s selon le mode de paiement original dans un d\u00e9lai de 10 jours ouvrables.<\/p>\n\n\n\n<hr class=\"wp-block-separator has-alpha-channel-opacity\"\/>\n\n\n\n<h2 class=\"wp-block-heading\"><strong>6. \u00c9ligibilit\u00e9 et autorit\u00e9<\/strong><\/h2>\n\n\n\n<p>En utilisant nos services, vous confirmez que vous :<\/p>\n\n\n\n<ul class=\"wp-block-list\">\n<li>Sont au moins <strong>18 ans<\/strong>, ou l\u00e9galement capable de conclure des contrats ;<\/li>\n\n\n\n<li>Avoir l'autorit\u00e9 l\u00e9gale de repr\u00e9senter toute organisation ou entit\u00e9 au nom de laquelle vous utilisez nos services.<\/li>\n<\/ul>\n\n\n\n<p>Si vous cr\u00e9ez un compte ou effectuez des achats pour le compte d'une entreprise, vous d\u00e9clarez que vous avez le pouvoir de lier cette entreprise aux pr\u00e9sentes conditions.<\/p>\n\n\n\n<hr class=\"wp-block-separator has-alpha-channel-opacity\"\/>\n\n\n\n<h2 class=\"wp-block-heading\"><strong>7. Comptes<\/strong><\/h2>\n\n\n\n<p>Pour acc\u00e9der \u00e0 certains services, vous devrez peut-\u00eatre cr\u00e9er un compte.<br>Vous vous engagez \u00e0 fournir des informations exactes, \u00e0 jour et compl\u00e8tes et \u00e0 pr\u00e9server la confidentialit\u00e9 de vos identifiants de connexion.<\/p>\n\n\n\n<p>Vous \u00eates enti\u00e8rement responsable de toutes les activit\u00e9s qui se d\u00e9roulent sur votre compte.<br>Si vous soup\u00e7onnez un acc\u00e8s non autoris\u00e9, informez-nous imm\u00e9diatement \u00e0 l'adresse suivante <strong><a>support@disoh.com<\/a><\/strong>.<\/p>\n\n\n\n<p>Disoh se r\u00e9serve le droit de suspendre ou de r\u00e9silier les comptes qui enfreignent les pr\u00e9sentes conditions ou qui contiennent des informations fausses ou trompeuses.<\/p>\n\n\n\n<hr class=\"wp-block-separator has-alpha-channel-opacity\"\/>\n\n\n\n<h2 class=\"wp-block-heading\"><strong>8. Utilisation acceptable<\/strong><\/h2>\n\n\n\n<p>Vous \u00eates d'accord <strong>pas<\/strong> d'utiliser nos services \u00e0 des fins ill\u00e9gales ou abusives.<br>Vous ne le ferez pas :<\/p>\n\n\n\n<ul class=\"wp-block-list\">\n<li>Se livrer \u00e0 une activit\u00e9 ill\u00e9gale, \u00e0 la fraude ou \u00e0 la tromperie ;<\/li>\n\n\n\n<li>h\u00e9berger, partager ou distribuer du contenu impliquant l'exploitation d'enfants, la violence ou des propos haineux ;<\/li>\n\n\n\n<li>Utiliser les serveurs de Disoh pour envoyer du spam, des logiciels malveillants ou pour acc\u00e9der au r\u00e9seau de mani\u00e8re non autoris\u00e9e ;<\/li>\n\n\n\n<li>violer les droits de propri\u00e9t\u00e9 intellectuelle d'autrui ;<\/li>\n\n\n\n<li>Interf\u00e9rer avec, perturber ou surcharger nos syst\u00e8mes ou r\u00e9seaux ;<\/li>\n\n\n\n<li>Tenter d'obtenir un acc\u00e8s non autoris\u00e9 aux donn\u00e9es ou aux comptes d'autres utilisateurs.<\/li>\n<\/ul>\n\n\n\n<p>La violation de cette politique peut entra\u00eener <strong>r\u00e9siliation imm\u00e9diate du compte<\/strong> sans remboursement et sans possibilit\u00e9 d'action en justice.<\/p>\n\n\n\n<hr class=\"wp-block-separator has-alpha-channel-opacity\"\/>\n\n\n\n<h2 class=\"wp-block-heading\"><strong>9. Propri\u00e9t\u00e9 intellectuelle<\/strong><\/h2>\n\n\n\n<p>L'ensemble du contenu, de la marque, des logiciels et des \u00e9l\u00e9ments de conception de ce site et de nos services sont la propri\u00e9t\u00e9 de <strong>Disoh LLC<\/strong> ou ses conc\u00e9dants.<br>Vous ne pouvez pas copier, reproduire, distribuer ou modifier notre mat\u00e9riel sans autorisation \u00e9crite pr\u00e9alable.<\/p>\n\n\n\n<p>Vous restez propri\u00e9taire de tout contenu que vous t\u00e9l\u00e9chargez ou cr\u00e9ez en utilisant nos services (\u201ccontenu utilisateur\u201d), mais vous accordez \u00e0 Disoh une licence non exclusive et mondiale pour l'h\u00e9bergement et l'affichage de ce contenu, uniquement dans le but de fournir les services.<\/p>\n\n\n\n<hr class=\"wp-block-separator has-alpha-channel-opacity\"\/>\n\n\n\n<h2 class=\"wp-block-heading\"><strong>10. Suspension ou r\u00e9siliation<\/strong><\/h2>\n\n\n\n<p>Disoh peut suspendre ou r\u00e9silier l'acc\u00e8s \u00e0 votre compte ou aux services \u00e0 tout moment, avec ou sans pr\u00e9avis, si<\/p>\n\n\n\n<ul class=\"wp-block-list\">\n<li>Vous enfreignez les pr\u00e9sentes conditions ou les lois applicables ;<\/li>\n\n\n\n<li>Votre activit\u00e9 menace la s\u00e9curit\u00e9, la stabilit\u00e9 ou l'int\u00e9grit\u00e9 de notre infrastructure ; ou<\/li>\n\n\n\n<li>Le paiement n'a pas \u00e9t\u00e9 re\u00e7u \u00e0 la date pr\u00e9vue.<\/li>\n<\/ul>\n\n\n\n<p>En cas de r\u00e9siliation pour motif grave, aucun remboursement n'est pr\u00e9vu.<br>Disoh se r\u00e9serve le droit de supprimer de ses syst\u00e8mes toutes les donn\u00e9es associ\u00e9es.<\/p>\n\n\n\n<hr class=\"wp-block-separator has-alpha-channel-opacity\"\/>\n\n\n\n<h2 class=\"wp-block-heading\"><strong>11. R\u00e9serve de droits<\/strong><\/h2>\n\n\n\n<p>Disoh se r\u00e9serve le droit de :<\/p>\n\n\n\n<ul class=\"wp-block-list\">\n<li>Refuser ou annuler le service pour quelque raison que ce soit, y compris la pr\u00e9vention de la fraude ou les erreurs techniques ;<\/li>\n\n\n\n<li>Modifier ou interrompre tout produit ou service sans pr\u00e9avis ;<\/li>\n\n\n\n<li>se conformer aux demandes l\u00e9gitimes des autorit\u00e9s ou aux proc\u00e9dures judiciaires ;<\/li>\n\n\n\n<li>prendre les mesures n\u00e9cessaires pour prot\u00e9ger l'int\u00e9grit\u00e9 et la r\u00e9putation de Disoh et de ses utilisateurs.<\/li>\n<\/ul>\n\n\n\n<hr class=\"wp-block-separator has-alpha-channel-opacity\"\/>\n\n\n\n<h2 class=\"wp-block-heading\"><strong>12. Plaintes relatives aux droits d'auteur et aux marques<\/strong><\/h2>\n\n\n\n<p>Si vous estimez que vos droits de propri\u00e9t\u00e9 intellectuelle ont \u00e9t\u00e9 viol\u00e9s par un contenu h\u00e9berg\u00e9 ou affich\u00e9 par Disoh, veuillez nous contacter \u00e0 l'adresse suivante <strong><a>support@disoh.com<\/a><\/strong> avec la preuve de la propri\u00e9t\u00e9 et du mat\u00e9riel en infraction.<br>Nous r\u00e9pondrons conform\u00e9ment \u00e0 la l\u00e9gislation applicable.<\/p>\n\n\n\n<hr class=\"wp-block-separator has-alpha-channel-opacity\"\/>\n\n\n\n<h2 class=\"wp-block-heading\"><strong>13. Respect des lois et des normes en mati\u00e8re de protection de la vie priv\u00e9e<\/strong><\/h2>\n\n\n\n<p>Disoh op\u00e8re \u00e0 l'\u00e9chelle mondiale, avec des infrastructures situ\u00e9es dans les pays suivants <strong>les \u00c9tats-Unis et l'Union europ\u00e9enne<\/strong>.<br>Nous respectons <strong>Loi f\u00e9d\u00e9rale am\u00e9ricaine<\/strong> ainsi que <strong>Normes europ\u00e9ennes de protection des donn\u00e9es<\/strong>, y compris des principes inspir\u00e9s de la <strong>R\u00e8glement g\u00e9n\u00e9ral sur la protection des donn\u00e9es (RGPD)<\/strong>.<\/p>\n\n\n\n<p>Nous nous engageons \u00e0 prot\u00e9ger votre vie priv\u00e9e, \u00e0 maintenir la transparence et \u00e0 donner aux utilisateurs un contr\u00f4le significatif sur leurs donn\u00e9es, quel que soit l'endroit o\u00f9 ils se trouvent.<\/p>\n\n\n\n<hr class=\"wp-block-separator has-alpha-channel-opacity\"\/>\n\n\n\n<h2 class=\"wp-block-heading\"><strong>14. Limitation de la responsabilit\u00e9<\/strong><\/h2>\n\n\n\n<p>Dans toute la mesure permise par la loi, Disoh LLC doit <strong>n'est pas responsable<\/strong> pour tout dommage direct, indirect, accessoire ou cons\u00e9cutif r\u00e9sultant de :<\/p>\n\n\n\n<ul class=\"wp-block-list\">\n<li>L'utilisation ou l'impossibilit\u00e9 d'utiliser nos services ;<\/li>\n\n\n\n<li>Perte de donn\u00e9es, interruptions ou acc\u00e8s non autoris\u00e9 ;<\/li>\n\n\n\n<li>toute action, tout logiciel ou toute int\u00e9gration de tiers.<\/li>\n<\/ul>\n\n\n\n<p>Notre responsabilit\u00e9 totale ne peut en aucun cas d\u00e9passer le montant que vous avez pay\u00e9 \u00e0 Disoh pour le service sp\u00e9cifique \u00e0 l'origine de la r\u00e9clamation.<\/p>\n\n\n\n<hr class=\"wp-block-separator has-alpha-channel-opacity\"\/>\n\n\n\n<h2 class=\"wp-block-heading\"><strong>15. Indemnisation<\/strong><\/h2>\n\n\n\n<p>Vous acceptez de d\u00e9fendre, d'indemniser et de d\u00e9gager de toute responsabilit\u00e9 <strong>Disoh LLC<\/strong>, ses affili\u00e9s, ses employ\u00e9s et ses agents de toute r\u00e9clamation, de tout dommage ou de toute d\u00e9pense r\u00e9sultant de votre utilisation de nos services ou de la violation des pr\u00e9sentes conditions.<\/p>\n\n\n\n<hr class=\"wp-block-separator has-alpha-channel-opacity\"\/>\n\n\n\n<h2 class=\"wp-block-heading\"><strong>16. Absence de droits des tiers<\/strong><\/h2>\n\n\n\n<p>Les pr\u00e9sentes conditions ne cr\u00e9ent aucun droit de tiers b\u00e9n\u00e9ficiaire.<br>Seuls vous et Disoh LLC ont des droits l\u00e9gaux en vertu de cet accord.<\/p>\n\n\n\n<hr class=\"wp-block-separator has-alpha-channel-opacity\"\/>\n\n\n\n<h2 class=\"wp-block-heading\"><strong>17. Droit applicable<\/strong><\/h2>\n\n\n\n<p>Les pr\u00e9sentes conditions sont r\u00e9gies et interpr\u00e9t\u00e9es selon les lois de l'Union europ\u00e9enne. <strong>\u00c9tat du Wyoming, \u00c9tats-Unis<\/strong>, sans tenir compte des principes de conflit de lois.<br>Tout litige sera r\u00e9solu par les tribunaux d'\u00c9tat ou f\u00e9d\u00e9raux situ\u00e9s dans le Wyoming.<\/p>\n\n\n\n<hr class=\"wp-block-separator has-alpha-channel-opacity\"\/>\n\n\n\n<h2 class=\"wp-block-heading\"><strong>18. Informations sur les contacts<\/strong><\/h2>\n\n\n\n<p>Pour toute question, pr\u00e9occupation ou plainte concernant les pr\u00e9sentes conditions, veuillez nous contacter \u00e0 l'adresse suivante<\/p>\n\n\n\n<p><strong>Disoh LLC<\/strong><br>30 N Gould St STE R<br>Sheridan, WY 82801<br>\u00c9tats-Unis<br><strong>support@disoh.com<\/strong><\/p>","protected":false},"excerpt":{"rendered":"<p>1. Overview Welcome to Disoh (\u201cwe\u201d, \u201cus\u201d, \u201cour\u201d), operated by Disoh LLC, located at 30 N Gould St STE R, Sheridan, WY 82801, United States. These Terms and Conditions (\u201cTerms\u201d) govern your use of our website and all related products, services, and tools (collectively, the \u201cServices\u201d). Disoh operates internationally \u2014 with servers located in both [&hellip;]<\/p>\n","protected":false},"author":1,"featured_media":0,"parent":0,"menu_order":0,"comment_status":"closed","ping_status":"closed","template":"","meta":{"footnotes":""},"class_list":["post-2554","page","type-page","status-publish","hentry"],"yoast_head":"<!-- This site is optimized with the Yoast SEO plugin v27.4 - https:\/\/yoast.com\/product\/yoast-seo-wordpress\/ -->\n<title>Terms and Conditions &#8211; Disoh<\/title>\n<meta name=\"robots\" content=\"index, follow, max-snippet:-1, max-image-preview:large, max-video-preview:-1\" \/>\n<link rel=\"canonical\" href=\"https:\/\/disoh.com\/fr\/conditions-generales\/\" \/>\n<meta property=\"og:locale\" content=\"fr_FR\" \/>\n<meta property=\"og:type\" content=\"article\" \/>\n<meta property=\"og:title\" content=\"Terms and Conditions &#8211; Disoh\" \/>\n<meta property=\"og:description\" content=\"1. Overview Welcome to Disoh (\u201cwe\u201d, \u201cus\u201d, \u201cour\u201d), operated by Disoh LLC, located at 30 N Gould St STE R, Sheridan, WY 82801, United States. These Terms and Conditions (\u201cTerms\u201d) govern your use of our website and all related products, services, and tools (collectively, the \u201cServices\u201d). Disoh operates internationally \u2014 with servers located in both [&hellip;]\" \/>\n<meta property=\"og:url\" content=\"https:\/\/disoh.com\/fr\/conditions-generales\/\" \/>\n<meta property=\"og:site_name\" content=\"Disoh\" \/>\n<meta property=\"article:publisher\" content=\"https:\/\/www.facebook.com\/disohhosting\" \/>\n<meta property=\"article:modified_time\" content=\"2025-10-27T22:38:51+00:00\" \/>\n<meta property=\"og:image\" content=\"https:\/\/disoh.com\/wp-content\/uploads\/2025\/07\/disoh_about.webp\" \/>\n\t<meta property=\"og:image:width\" content=\"1536\" \/>\n\t<meta property=\"og:image:height\" content=\"1024\" \/>\n\t<meta property=\"og:image:type\" content=\"image\/webp\" \/>\n<meta name=\"twitter:card\" content=\"summary_large_image\" \/>\n<meta name=\"twitter:label1\" content=\"Dur\u00e9e de lecture estim\u00e9e\" \/>\n\t<meta name=\"twitter:data1\" content=\"6 minutes\" \/>\n<script type=\"application\/ld+json\" class=\"yoast-schema-graph\">{\"@context\":\"https:\\\/\\\/schema.org\",\"@graph\":[{\"@type\":\"WebPage\",\"@id\":\"https:\\\/\\\/disoh.com\\\/terms-and-conditions\\\/\",\"url\":\"https:\\\/\\\/disoh.com\\\/terms-and-conditions\\\/\",\"name\":\"Terms and Conditions &#8211; Disoh\",\"isPartOf\":{\"@id\":\"https:\\\/\\\/disoh.com\\\/#website\"},\"datePublished\":\"2025-10-27T16:07:52+00:00\",\"dateModified\":\"2025-10-27T22:38:51+00:00\",\"breadcrumb\":{\"@id\":\"https:\\\/\\\/disoh.com\\\/terms-and-conditions\\\/#breadcrumb\"},\"inLanguage\":\"fr-FR\",\"potentialAction\":[{\"@type\":\"ReadAction\",\"target\":[\"https:\\\/\\\/disoh.com\\\/terms-and-conditions\\\/\"]}]},{\"@type\":\"BreadcrumbList\",\"@id\":\"https:\\\/\\\/disoh.com\\\/terms-and-conditions\\\/#breadcrumb\",\"itemListElement\":[{\"@type\":\"ListItem\",\"position\":1,\"name\":\"Home\",\"item\":\"https:\\\/\\\/disoh.com\\\/\"},{\"@type\":\"ListItem\",\"position\":2,\"name\":\"Terms and Conditions\"}]},{\"@type\":\"WebSite\",\"@id\":\"https:\\\/\\\/disoh.com\\\/#website\",\"url\":\"https:\\\/\\\/disoh.com\\\/\",\"name\":\"Disoh\",\"description\":\"Digital Solutions Hosting\",\"publisher\":{\"@id\":\"https:\\\/\\\/disoh.com\\\/#organization\"},\"potentialAction\":[{\"@type\":\"SearchAction\",\"target\":{\"@type\":\"EntryPoint\",\"urlTemplate\":\"https:\\\/\\\/disoh.com\\\/?s={search_term_string}\"},\"query-input\":{\"@type\":\"PropertyValueSpecification\",\"valueRequired\":true,\"valueName\":\"search_term_string\"}}],\"inLanguage\":\"fr-FR\"},{\"@type\":\"Organization\",\"@id\":\"https:\\\/\\\/disoh.com\\\/#organization\",\"name\":\"Disoh LLC\",\"url\":\"https:\\\/\\\/disoh.com\\\/\",\"logo\":{\"@type\":\"ImageObject\",\"inLanguage\":\"fr-FR\",\"@id\":\"https:\\\/\\\/disoh.com\\\/#\\\/schema\\\/logo\\\/image\\\/\",\"url\":\"https:\\\/\\\/disoh.com\\\/wp-content\\\/uploads\\\/2025\\\/06\\\/favicon_1.svg\",\"contentUrl\":\"https:\\\/\\\/disoh.com\\\/wp-content\\\/uploads\\\/2025\\\/06\\\/favicon_1.svg\",\"width\":615,\"height\":615,\"caption\":\"Disoh LLC\"},\"image\":{\"@id\":\"https:\\\/\\\/disoh.com\\\/#\\\/schema\\\/logo\\\/image\\\/\"},\"sameAs\":[\"https:\\\/\\\/www.facebook.com\\\/disohhosting\"]}]}<\/script>\n<!-- \/ Yoast SEO plugin. -->","yoast_head_json":{"title":"Conditions g\u00e9n\u00e9rales - Disoh","robots":{"index":"index","follow":"follow","max-snippet":"max-snippet:-1","max-image-preview":"max-image-preview:large","max-video-preview":"max-video-preview:-1"},"canonical":"https:\/\/disoh.com\/fr\/conditions-generales\/","og_locale":"fr_FR","og_type":"article","og_title":"Terms and Conditions &#8211; Disoh","og_description":"1. Overview Welcome to Disoh (\u201cwe\u201d, \u201cus\u201d, \u201cour\u201d), operated by Disoh LLC, located at 30 N Gould St STE R, Sheridan, WY 82801, United States. These Terms and Conditions (\u201cTerms\u201d) govern your use of our website and all related products, services, and tools (collectively, the \u201cServices\u201d). Disoh operates internationally \u2014 with servers located in both [&hellip;]","og_url":"https:\/\/disoh.com\/fr\/conditions-generales\/","og_site_name":"Disoh","article_publisher":"https:\/\/www.facebook.com\/disohhosting","article_modified_time":"2025-10-27T22:38:51+00:00","og_image":[{"width":1536,"height":1024,"url":"https:\/\/disoh.com\/wp-content\/uploads\/2025\/07\/disoh_about.webp","type":"image\/webp"}],"twitter_card":"summary_large_image","twitter_misc":{"Dur\u00e9e de lecture estim\u00e9e":"6 minutes"},"schema":{"@context":"https:\/\/schema.org","@graph":[{"@type":"WebPage","@id":"https:\/\/disoh.com\/terms-and-conditions\/","url":"https:\/\/disoh.com\/terms-and-conditions\/","name":"Conditions g\u00e9n\u00e9rales - Disoh","isPartOf":{"@id":"https:\/\/disoh.com\/#website"},"datePublished":"2025-10-27T16:07:52+00:00","dateModified":"2025-10-27T22:38:51+00:00","breadcrumb":{"@id":"https:\/\/disoh.com\/terms-and-conditions\/#breadcrumb"},"inLanguage":"fr-FR","potentialAction":[{"@type":"ReadAction","target":["https:\/\/disoh.com\/terms-and-conditions\/"]}]},{"@type":"BreadcrumbList","@id":"https:\/\/disoh.com\/terms-and-conditions\/#breadcrumb","itemListElement":[{"@type":"ListItem","position":1,"name":"Home","item":"https:\/\/disoh.com\/"},{"@type":"ListItem","position":2,"name":"Terms and Conditions"}]},{"@type":"WebSite","@id":"https:\/\/disoh.com\/#website","url":"https:\/\/disoh.com\/","name":"Disoh","description":"Solutions num\u00e9riques H\u00e9bergement","publisher":{"@id":"https:\/\/disoh.com\/#organization"},"potentialAction":[{"@type":"SearchAction","target":{"@type":"EntryPoint","urlTemplate":"https:\/\/disoh.com\/?s={search_term_string}"},"query-input":{"@type":"PropertyValueSpecification","valueRequired":true,"valueName":"search_term_string"}}],"inLanguage":"fr-FR"},{"@type":"Organization","@id":"https:\/\/disoh.com\/#organization","name":"Disoh LLC","url":"https:\/\/disoh.com\/","logo":{"@type":"ImageObject","inLanguage":"fr-FR","@id":"https:\/\/disoh.com\/#\/schema\/logo\/image\/","url":"https:\/\/disoh.com\/wp-content\/uploads\/2025\/06\/favicon_1.svg","contentUrl":"https:\/\/disoh.com\/wp-content\/uploads\/2025\/06\/favicon_1.svg","width":615,"height":615,"caption":"Disoh LLC"},"image":{"@id":"https:\/\/disoh.com\/#\/schema\/logo\/image\/"},"sameAs":["https:\/\/www.facebook.com\/disohhosting"]}]}},"_links":{"self":[{"href":"https:\/\/disoh.com\/fr\/wp-json\/wp\/v2\/pages\/2554","targetHints":{"allow":["GET"]}}],"collection":[{"href":"https:\/\/disoh.com\/fr\/wp-json\/wp\/v2\/pages"}],"about":[{"href":"https:\/\/disoh.com\/fr\/wp-json\/wp\/v2\/types\/page"}],"author":[{"embeddable":true,"href":"https:\/\/disoh.com\/fr\/wp-json\/wp\/v2\/users\/1"}],"replies":[{"embeddable":true,"href":"https:\/\/disoh.com\/fr\/wp-json\/wp\/v2\/comments?post=2554"}],"version-history":[{"count":6,"href":"https:\/\/disoh.com\/fr\/wp-json\/wp\/v2\/pages\/2554\/revisions"}],"predecessor-version":[{"id":2602,"href":"https:\/\/disoh.com\/fr\/wp-json\/wp\/v2\/pages\/2554\/revisions\/2602"}],"wp:attachment":[{"href":"https:\/\/disoh.com\/fr\/wp-json\/wp\/v2\/media?parent=2554"}],"curies":[{"name":"wp","href":"https:\/\/api.w.org\/{rel}","templated":true}]}}