{"id":2557,"date":"2025-10-27T16:10:13","date_gmt":"2025-10-27T16:10:13","guid":{"rendered":"https:\/\/disoh.com\/?page_id=2557"},"modified":"2025-10-27T22:40:13","modified_gmt":"2025-10-27T22:40:13","slug":"politica-de-privacidad","status":"publish","type":"page","link":"https:\/\/disoh.com\/es\/privacy-policy\/","title":{"rendered":"Pol\u00edtica de privacidad"},"content":{"rendered":"<p>Bienvenido a <strong>Disoh<\/strong> (\u201cnosotros\u201d, \u201cnos\u201d, \u201cnuestro\u201d). Respetamos su privacidad y nos comprometemos a proteger sus datos personales. Esta Pol\u00edtica de Privacidad explica c\u00f3mo recogemos, utilizamos y protegemos su informaci\u00f3n cuando visita nuestro sitio web o utiliza nuestros servicios.<\/p>\n\n\n\n<p>Disoh LLC tiene su sede en <strong>Wyoming, Estados Unidos<\/strong>, y opera servidores en <strong>tanto en Estados Unidos como en Europa<\/strong> para ofrecer alojamiento seguro y de alto rendimiento a nuestros usuarios de todo el mundo. Aunque somos una empresa con sede en EE.UU., nos adherimos a <strong>estrictas normas europeas de protecci\u00f3n de datos<\/strong>, incluidos los principios de la <strong>Reglamento general de protecci\u00f3n de datos (RGPD)<\/strong>.<\/p>\n\n\n\n<p>Nuestro objetivo es sencillo: <strong>ser transparente, responsable y respetuoso<\/strong> en el tratamiento de sus datos.<\/p>\n\n\n\n<hr class=\"wp-block-separator has-alpha-channel-opacity\"\/>\n\n\n\n<h2 class=\"wp-block-heading\"><strong>2. Informaci\u00f3n que recopilamos<\/strong><\/h2>\n\n\n\n<p>Recopilamos informaci\u00f3n para proporcionar, mejorar y asegurar nuestros servicios. Esto incluye:<\/p>\n\n\n\n<h3 class=\"wp-block-heading\"><strong>2.1. Informaci\u00f3n que usted facilita<\/strong><\/h3>\n\n\n\n<ul class=\"wp-block-list\">\n<li><strong>Informaci\u00f3n sobre la cuenta:<\/strong> Cuando se registra o realiza una compra, recopilamos su nombre, direcci\u00f3n de correo electr\u00f3nico, direcci\u00f3n de facturaci\u00f3n, datos de pago y credenciales de acceso.<\/li>\n\n\n\n<li><strong>Comunicaciones:<\/strong> Cualquier informaci\u00f3n que env\u00ede a trav\u00e9s de tickets de soporte, correos electr\u00f3nicos o formularios de nuestro sitio web.<\/li>\n\n\n\n<li><strong>Contenido del sitio web:<\/strong> Si aloja un sitio web con nosotros, podemos almacenar el contenido y los datos asociados a su cuenta en nuestros servidores.<\/li>\n<\/ul>\n\n\n\n<h3 class=\"wp-block-heading\"><strong>2.2. Informaci\u00f3n que recopilamos autom\u00e1ticamente<\/strong><\/h3>\n\n\n\n<p>Cuando utiliza nuestro sitio web o nuestros servicios de alojamiento, podemos recopilar datos autom\u00e1ticamente:<\/p>\n\n\n\n<ul class=\"wp-block-list\">\n<li>Direcci\u00f3n IP y ubicaci\u00f3n general (a nivel de pa\u00eds o ciudad)<\/li>\n\n\n\n<li>Tipo de navegador e informaci\u00f3n del dispositivo<\/li>\n\n\n\n<li>P\u00e1ginas visitadas y acciones realizadas en nuestro sitio web<\/li>\n\n\n\n<li>Registros del servidor relacionados con la seguridad y el rendimiento<\/li>\n<\/ul>\n\n\n\n<h3 class=\"wp-block-heading\"><strong>2.3. Informaci\u00f3n procedente de terceros<\/strong><\/h3>\n\n\n\n<p>Podemos recibir informaci\u00f3n limitada de:<\/p>\n\n\n\n<ul class=\"wp-block-list\">\n<li>Proveedores de pago (por ejemplo, Stripe, PayPal)<\/li>\n\n\n\n<li>Registradores de dominios o proveedores de SSL<\/li>\n\n\n\n<li>Herramientas de seguridad o an\u00e1lisis (por ejemplo, Cloudflare)<\/li>\n<\/ul>\n\n\n\n<hr class=\"wp-block-separator has-alpha-channel-opacity\"\/>\n\n\n\n<h2 class=\"wp-block-heading\"><strong>3. C\u00f3mo utilizamos su informaci\u00f3n<\/strong><\/h2>\n\n\n\n<p>S\u00f3lo utilizamos sus datos para fines comerciales leg\u00edtimos, entre los que se incluyen:<\/p>\n\n\n\n<ul class=\"wp-block-list\">\n<li>A <strong>proporcionar y gestionar<\/strong> nuestros servicios de alojamiento y sitios web<\/li>\n\n\n\n<li>A <strong>procesar pagos<\/strong> y verificar las transacciones<\/li>\n\n\n\n<li>A <strong>comunicar<\/strong> con usted acerca de su cuenta, asistencia o actualizaciones<\/li>\n\n\n\n<li>A <strong>mejorar y asegurar<\/strong> nuestros sistemas y la experiencia del cliente<\/li>\n\n\n\n<li>A <strong>cumplir las obligaciones legales<\/strong> (por ejemplo, prevenci\u00f3n del fraude, informaci\u00f3n fiscal)<\/li>\n<\/ul>\n\n\n\n<p>Nunca vendemos sus datos ni los compartimos con anunciantes.<\/p>\n\n\n\n<hr class=\"wp-block-separator has-alpha-channel-opacity\"\/>\n\n\n\n<h2 class=\"wp-block-heading\"><strong>4. Bases jur\u00eddicas para el tratamiento (GDPR)<\/strong><\/h2>\n\n\n\n<p>Si se encuentra en el Espacio Econ\u00f3mico Europeo (EEE), tratamos sus datos personales con arreglo a uno o varios de los siguientes fundamentos jur\u00eddicos:<\/p>\n\n\n\n<ul class=\"wp-block-list\">\n<li><strong>Ejecuci\u00f3n de un contrato:<\/strong> Para prestar servicios de alojamiento o servicios relacionados que usted haya solicitado.<\/li>\n\n\n\n<li><strong>Obligaci\u00f3n legal:<\/strong> Cumplir las leyes y reglamentos aplicables.<\/li>\n\n\n\n<li><strong>Intereses leg\u00edtimos:<\/strong> Para mejorar nuestros sistemas y protegerlos contra abusos.<\/li>\n\n\n\n<li><strong>Consentimiento:<\/strong> Cuando usted lo haya aceptado expl\u00edcitamente (por ejemplo, correos electr\u00f3nicos de marketing).<\/li>\n<\/ul>\n\n\n\n<hr class=\"wp-block-separator has-alpha-channel-opacity\"\/>\n\n\n\n<h2 class=\"wp-block-heading\"><strong>5. Almacenamiento y localizaci\u00f3n de datos<\/strong><\/h2>\n\n\n\n<p>Sus datos pueden almacenarse en servidores situados en <strong>Estados Unidos o la Uni\u00f3n Europea<\/strong>.<br>Elegimos la ubicaci\u00f3n en funci\u00f3n del rendimiento, la redundancia y el cumplimiento de la legislaci\u00f3n.<\/p>\n\n\n\n<p>Independientemente de d\u00f3nde se almacene, aplicamos el <strong>las mismas normas estrictas de protecci\u00f3n de datos<\/strong> en todas partes.<\/p>\n\n\n\n<p>Todos los datos se cifran durante la transmisi\u00f3n (HTTPS\/SSL) y se gestionan de forma segura seg\u00fan las mejores pr\u00e1cticas del sector.<\/p>\n\n\n\n<hr class=\"wp-block-separator has-alpha-channel-opacity\"\/>\n\n\n\n<h2 class=\"wp-block-heading\"><strong>6. Conservaci\u00f3n de datos<\/strong><\/h2>\n\n\n\n<p>Conservamos los datos personales s\u00f3lo el tiempo necesario para:<\/p>\n\n\n\n<ul class=\"wp-block-list\">\n<li>Prestar nuestros servicios y mantener su cuenta<\/li>\n\n\n\n<li>Cumplir con las obligaciones legales (por ejemplo, fiscales, de facturaci\u00f3n)<\/li>\n\n\n\n<li>Resolver litigios o hacer cumplir nuestros acuerdos<\/li>\n<\/ul>\n\n\n\n<p>Cuando los datos ya no son necesarios, los eliminamos de forma segura o los anonimizamos.<\/p>\n\n\n\n<hr class=\"wp-block-separator has-alpha-channel-opacity\"\/>\n\n\n\n<h2 class=\"wp-block-heading\"><strong>7. 7. Intercambio de informaci\u00f3n<\/strong><\/h2>\n\n\n\n<p>S\u00f3lo compartimos su informaci\u00f3n con terceros de confianza que nos ayudan a operar nuestros servicios, como:<\/p>\n\n\n\n<ul class=\"wp-block-list\">\n<li><strong>Procesadores de pagos<\/strong> (por ejemplo, Stripe, PayPal)<\/li>\n\n\n\n<li><strong>Registradores de dominios y proveedores de SSL<\/strong><\/li>\n\n\n\n<li><strong>Servicios de entrega de correo electr\u00f3nico<\/strong> (para correos electr\u00f3nicos transaccionales)<\/li>\n\n\n\n<li><strong>Centros de datos y socios de infraestructuras<\/strong><\/li>\n<\/ul>\n\n\n\n<p>Todos los socios son cuidadosamente seleccionados y est\u00e1n obligados por contrato a cumplir estrictos requisitos de protecci\u00f3n de datos y confidencialidad.<\/p>\n\n\n\n<p>Nosotros <strong>no vender ni alquilar nunca<\/strong> sus datos a vendedores o terceros no relacionados.<\/p>\n\n\n\n<hr class=\"wp-block-separator has-alpha-channel-opacity\"\/>\n\n\n\n<h2 class=\"wp-block-heading\"><strong>8. Cookies y rastreo<\/strong><\/h2>\n\n\n\n<p>Nuestro sitio web utiliza cookies y tecnolog\u00edas similares para:<\/p>\n\n\n\n<ul class=\"wp-block-list\">\n<li>Mantenerte conectado<\/li>\n\n\n\n<li>Recuerda tus preferencias<\/li>\n\n\n\n<li>Analizar el tr\u00e1fico y mejorar el rendimiento<\/li>\n<\/ul>\n\n\n\n<p>Puede controlar las cookies a trav\u00e9s de la configuraci\u00f3n de su navegador.<br>Algunas cookies son esenciales para que el sitio funcione correctamente.<\/p>\n\n\n\n<hr class=\"wp-block-separator has-alpha-channel-opacity\"\/>\n\n\n\n<h2 class=\"wp-block-heading\"><strong>9. Derechos del interesado (GDPR)<\/strong><\/h2>\n\n\n\n<p>Si se encuentra en el EEE, tiene los siguientes derechos en relaci\u00f3n con sus datos personales:<\/p>\n\n\n\n<ul class=\"wp-block-list\">\n<li><strong>Derecho de acceso<\/strong> - Solicite una copia de sus datos.<\/li>\n\n\n\n<li><strong>Derecho de rectificaci\u00f3n<\/strong> - Corrija la informaci\u00f3n inexacta.<\/li>\n\n\n\n<li><strong>Derecho de supresi\u00f3n<\/strong> - Solicitar la supresi\u00f3n de sus datos.<\/li>\n\n\n\n<li><strong>Derecho de restricci\u00f3n<\/strong> - Limitar el uso que hacemos de sus datos.<\/li>\n\n\n\n<li><strong>Derecho a la portabilidad de los datos<\/strong> - Reciba sus datos en un formato estructurado.<\/li>\n\n\n\n<li><strong>Derecho de oposici\u00f3n<\/strong> - Oponerse al tratamiento basado en intereses leg\u00edtimos.<\/li>\n<\/ul>\n\n\n\n<p>Para ejercer cualquiera de estos derechos, p\u00f3ngase en contacto con nosotros en <strong><a>support@disoh.com<\/a><\/strong>.<br>Es posible que tengamos que verificar su identidad antes de tramitar su solicitud.<\/p>\n\n\n\n<hr class=\"wp-block-separator has-alpha-channel-opacity\"\/>\n\n\n\n<h2 class=\"wp-block-heading\"><strong>10. Seguridad<\/strong><\/h2>\n\n\n\n<p>Nos tomamos la seguridad muy en serio.<br>Disoh aplica una combinaci\u00f3n de <strong>medidas t\u00e9cnicas, administrativas y f\u00edsicas<\/strong> para proteger sus datos de p\u00e9rdidas, usos indebidos o accesos no autorizados.<\/p>\n\n\n\n<p>Entre ellas figuran:<\/p>\n\n\n\n<ul class=\"wp-block-list\">\n<li>Transmisi\u00f3n cifrada de datos (SSL\/TLS)<\/li>\n\n\n\n<li>Cortafuegos y protecci\u00f3n DDoS<\/li>\n\n\n\n<li>Acceso interno limitado en funci\u00f3n del puesto de trabajo<\/li>\n\n\n\n<li>Actualizaciones y auditor\u00edas de seguridad peri\u00f3dicas<\/li>\n<\/ul>\n\n\n\n<p>Ning\u00fan sistema en l\u00ednea es 100% seguro, pero trabajamos continuamente para minimizar los riesgos.<\/p>\n\n\n\n<hr class=\"wp-block-separator has-alpha-channel-opacity\"\/>\n\n\n\n<h2 class=\"wp-block-heading\"><strong>11. Privacidad de los ni\u00f1os<\/strong><\/h2>\n\n\n\n<p>Nuestros servicios son <strong>no destinado a menores de 18 a\u00f1os<\/strong>.<br>No recopilamos conscientemente datos personales de menores.<br>Si nos enteramos de que se han recogido datos de un ni\u00f1o, se eliminar\u00e1n inmediatamente.<\/p>\n\n\n\n<hr class=\"wp-block-separator has-alpha-channel-opacity\"\/>\n\n\n\n<h2 class=\"wp-block-heading\"><strong>12. Transferencias internacionales de datos<\/strong><\/h2>\n\n\n\n<p>Cuando los datos se transfieren fuera de su pa\u00eds, nos aseguramos de que existan las salvaguardias adecuadas, como por ejemplo <strong>Cl\u00e1usulas Contractuales Tipo (CCT)<\/strong> aprobado por la Comisi\u00f3n Europea- para garantizar que sus datos permanezcan protegidos conforme a las normas del GDPR.<\/p>\n\n\n\n<hr class=\"wp-block-separator has-alpha-channel-opacity\"\/>\n\n\n\n<h2 class=\"wp-block-heading\"><strong>13. Su consentimiento para la comunicaci\u00f3n<\/strong><\/h2>\n\n\n\n<p>Al crear una cuenta o ponerse en contacto con nosotros, acepta que le enviemos correos electr\u00f3nicos transaccionales relacionados con su cuenta o servicio (por ejemplo, facturas, renovaciones, actualizaciones importantes).<\/p>\n\n\n\n<p>Tambi\u00e9n puede optar por recibir comunicaciones de marketing, de las que puede darse de baja en cualquier momento.<\/p>\n\n\n\n<hr class=\"wp-block-separator has-alpha-channel-opacity\"\/>\n\n\n\n<h2 class=\"wp-block-heading\"><strong>14. Cambios en esta pol\u00edtica<\/strong><\/h2>\n\n\n\n<p>Podemos actualizar esta Pol\u00edtica de Privacidad de vez en cuando.<br>Cualquier cambio se publicar\u00e1 en esta p\u00e1gina con una nueva fecha de \u201c\u00daltima actualizaci\u00f3n\u201d.<br>Los cambios significativos se comunicar\u00e1n por correo electr\u00f3nico o mediante un aviso en nuestro sitio web.<\/p>\n\n\n\n<hr class=\"wp-block-separator has-alpha-channel-opacity\"\/>\n\n\n\n<h2 class=\"wp-block-heading\"><strong>15. Informaci\u00f3n de contacto<\/strong><\/h2>\n\n\n\n<p>Si tiene alguna pregunta sobre esta Pol\u00edtica de privacidad o sobre c\u00f3mo tratamos sus datos, p\u00f3ngase en contacto con nosotros:<\/p>\n\n\n\n<p><strong>Disoh LLC<\/strong><br>30 N Gould St STE R<br>Sheridan, WY 82801<br>Estados Unidos<br><strong>support@disoh.com<\/strong><\/p>\n\n\n\n<hr class=\"wp-block-separator has-alpha-channel-opacity\"\/>\n\n\n\n<h2 class=\"wp-block-heading\"><strong>16. Nota final<\/strong><\/h2>\n\n\n\n<p>En Disoh, <strong>Creemos que la privacidad no es una casilla, sino una responsabilidad.<\/strong><br>Actuamos con independencia, transparencia y respeto por cada usuario, est\u00e9 donde est\u00e9.<br>Su confianza lo es todo para nosotros, y seguiremos gan\u00e1ndonosla con honradez y esmero.<\/p>","protected":false},"excerpt":{"rendered":"<p>Welcome to Disoh (\u201cwe\u201d, \u201cus\u201d, \u201cour\u201d). We respect your privacy and are committed to protecting your personal data. This Privacy Policy explains how we collect, use, and protect your information when you visit our website or use our services. Disoh LLC is based in Wyoming, United States, and operates servers in both the United States [&hellip;]<\/p>\n","protected":false},"author":1,"featured_media":0,"parent":0,"menu_order":0,"comment_status":"closed","ping_status":"closed","template":"","meta":{"footnotes":""},"class_list":["post-2557","page","type-page","status-publish","hentry"],"yoast_head":"<!-- This site is optimized with the Yoast SEO plugin v27.4 - https:\/\/yoast.com\/product\/yoast-seo-wordpress\/ -->\n<title>Privacy Policy &#8211; Disoh<\/title>\n<meta name=\"robots\" content=\"index, follow, max-snippet:-1, max-image-preview:large, max-video-preview:-1\" \/>\n<link rel=\"canonical\" href=\"https:\/\/disoh.com\/es\/politica-de-privacidad\/\" \/>\n<meta property=\"og:locale\" content=\"es_ES\" \/>\n<meta property=\"og:type\" content=\"article\" \/>\n<meta property=\"og:title\" content=\"Privacy Policy &#8211; Disoh\" \/>\n<meta property=\"og:description\" content=\"Welcome to Disoh (\u201cwe\u201d, \u201cus\u201d, \u201cour\u201d). We respect your privacy and are committed to protecting your personal data. This Privacy Policy explains how we collect, use, and protect your information when you visit our website or use our services. Disoh LLC is based in Wyoming, United States, and operates servers in both the United States [&hellip;]\" \/>\n<meta property=\"og:url\" content=\"https:\/\/disoh.com\/es\/politica-de-privacidad\/\" \/>\n<meta property=\"og:site_name\" content=\"Disoh\" \/>\n<meta property=\"article:publisher\" content=\"https:\/\/www.facebook.com\/disohhosting\" \/>\n<meta property=\"article:modified_time\" content=\"2025-10-27T22:40:13+00:00\" \/>\n<meta property=\"og:image\" content=\"https:\/\/disoh.com\/wp-content\/uploads\/2025\/07\/disoh_about.webp\" \/>\n\t<meta property=\"og:image:width\" content=\"1536\" \/>\n\t<meta property=\"og:image:height\" content=\"1024\" \/>\n\t<meta property=\"og:image:type\" content=\"image\/webp\" \/>\n<meta name=\"twitter:card\" content=\"summary_large_image\" \/>\n<meta name=\"twitter:label1\" content=\"Tiempo de lectura\" \/>\n\t<meta name=\"twitter:data1\" content=\"5 minutos\" \/>\n<script type=\"application\/ld+json\" class=\"yoast-schema-graph\">{\"@context\":\"https:\\\/\\\/schema.org\",\"@graph\":[{\"@type\":\"WebPage\",\"@id\":\"https:\\\/\\\/disoh.com\\\/privacy-policy\\\/\",\"url\":\"https:\\\/\\\/disoh.com\\\/privacy-policy\\\/\",\"name\":\"Privacy Policy &#8211; Disoh\",\"isPartOf\":{\"@id\":\"https:\\\/\\\/disoh.com\\\/#website\"},\"datePublished\":\"2025-10-27T16:10:13+00:00\",\"dateModified\":\"2025-10-27T22:40:13+00:00\",\"breadcrumb\":{\"@id\":\"https:\\\/\\\/disoh.com\\\/privacy-policy\\\/#breadcrumb\"},\"inLanguage\":\"es\",\"potentialAction\":[{\"@type\":\"ReadAction\",\"target\":[\"https:\\\/\\\/disoh.com\\\/privacy-policy\\\/\"]}]},{\"@type\":\"BreadcrumbList\",\"@id\":\"https:\\\/\\\/disoh.com\\\/privacy-policy\\\/#breadcrumb\",\"itemListElement\":[{\"@type\":\"ListItem\",\"position\":1,\"name\":\"Home\",\"item\":\"https:\\\/\\\/disoh.com\\\/\"},{\"@type\":\"ListItem\",\"position\":2,\"name\":\"Privacy Policy\"}]},{\"@type\":\"WebSite\",\"@id\":\"https:\\\/\\\/disoh.com\\\/#website\",\"url\":\"https:\\\/\\\/disoh.com\\\/\",\"name\":\"Disoh\",\"description\":\"Digital Solutions Hosting\",\"publisher\":{\"@id\":\"https:\\\/\\\/disoh.com\\\/#organization\"},\"potentialAction\":[{\"@type\":\"SearchAction\",\"target\":{\"@type\":\"EntryPoint\",\"urlTemplate\":\"https:\\\/\\\/disoh.com\\\/?s={search_term_string}\"},\"query-input\":{\"@type\":\"PropertyValueSpecification\",\"valueRequired\":true,\"valueName\":\"search_term_string\"}}],\"inLanguage\":\"es\"},{\"@type\":\"Organization\",\"@id\":\"https:\\\/\\\/disoh.com\\\/#organization\",\"name\":\"Disoh LLC\",\"url\":\"https:\\\/\\\/disoh.com\\\/\",\"logo\":{\"@type\":\"ImageObject\",\"inLanguage\":\"es\",\"@id\":\"https:\\\/\\\/disoh.com\\\/#\\\/schema\\\/logo\\\/image\\\/\",\"url\":\"https:\\\/\\\/disoh.com\\\/wp-content\\\/uploads\\\/2025\\\/06\\\/favicon_1.svg\",\"contentUrl\":\"https:\\\/\\\/disoh.com\\\/wp-content\\\/uploads\\\/2025\\\/06\\\/favicon_1.svg\",\"width\":615,\"height\":615,\"caption\":\"Disoh LLC\"},\"image\":{\"@id\":\"https:\\\/\\\/disoh.com\\\/#\\\/schema\\\/logo\\\/image\\\/\"},\"sameAs\":[\"https:\\\/\\\/www.facebook.com\\\/disohhosting\"]}]}<\/script>\n<!-- \/ Yoast SEO plugin. -->","yoast_head_json":{"title":"Pol\u00edtica de privacidad - Disoh","robots":{"index":"index","follow":"follow","max-snippet":"max-snippet:-1","max-image-preview":"max-image-preview:large","max-video-preview":"max-video-preview:-1"},"canonical":"https:\/\/disoh.com\/es\/politica-de-privacidad\/","og_locale":"es_ES","og_type":"article","og_title":"Privacy Policy &#8211; Disoh","og_description":"Welcome to Disoh (\u201cwe\u201d, \u201cus\u201d, \u201cour\u201d). We respect your privacy and are committed to protecting your personal data. This Privacy Policy explains how we collect, use, and protect your information when you visit our website or use our services. Disoh LLC is based in Wyoming, United States, and operates servers in both the United States [&hellip;]","og_url":"https:\/\/disoh.com\/es\/politica-de-privacidad\/","og_site_name":"Disoh","article_publisher":"https:\/\/www.facebook.com\/disohhosting","article_modified_time":"2025-10-27T22:40:13+00:00","og_image":[{"width":1536,"height":1024,"url":"https:\/\/disoh.com\/wp-content\/uploads\/2025\/07\/disoh_about.webp","type":"image\/webp"}],"twitter_card":"summary_large_image","twitter_misc":{"Tiempo de lectura":"5 minutos"},"schema":{"@context":"https:\/\/schema.org","@graph":[{"@type":"WebPage","@id":"https:\/\/disoh.com\/privacy-policy\/","url":"https:\/\/disoh.com\/privacy-policy\/","name":"Pol\u00edtica de privacidad - Disoh","isPartOf":{"@id":"https:\/\/disoh.com\/#website"},"datePublished":"2025-10-27T16:10:13+00:00","dateModified":"2025-10-27T22:40:13+00:00","breadcrumb":{"@id":"https:\/\/disoh.com\/privacy-policy\/#breadcrumb"},"inLanguage":"es","potentialAction":[{"@type":"ReadAction","target":["https:\/\/disoh.com\/privacy-policy\/"]}]},{"@type":"BreadcrumbList","@id":"https:\/\/disoh.com\/privacy-policy\/#breadcrumb","itemListElement":[{"@type":"ListItem","position":1,"name":"Home","item":"https:\/\/disoh.com\/"},{"@type":"ListItem","position":2,"name":"Privacy Policy"}]},{"@type":"WebSite","@id":"https:\/\/disoh.com\/#website","url":"https:\/\/disoh.com\/","name":"Disoh","description":"Soluciones digitales Hosting","publisher":{"@id":"https:\/\/disoh.com\/#organization"},"potentialAction":[{"@type":"SearchAction","target":{"@type":"EntryPoint","urlTemplate":"https:\/\/disoh.com\/?s={search_term_string}"},"query-input":{"@type":"PropertyValueSpecification","valueRequired":true,"valueName":"search_term_string"}}],"inLanguage":"es"},{"@type":"Organization","@id":"https:\/\/disoh.com\/#organization","name":"Disoh LLC","url":"https:\/\/disoh.com\/","logo":{"@type":"ImageObject","inLanguage":"es","@id":"https:\/\/disoh.com\/#\/schema\/logo\/image\/","url":"https:\/\/disoh.com\/wp-content\/uploads\/2025\/06\/favicon_1.svg","contentUrl":"https:\/\/disoh.com\/wp-content\/uploads\/2025\/06\/favicon_1.svg","width":615,"height":615,"caption":"Disoh LLC"},"image":{"@id":"https:\/\/disoh.com\/#\/schema\/logo\/image\/"},"sameAs":["https:\/\/www.facebook.com\/disohhosting"]}]}},"_links":{"self":[{"href":"https:\/\/disoh.com\/es\/wp-json\/wp\/v2\/pages\/2557","targetHints":{"allow":["GET"]}}],"collection":[{"href":"https:\/\/disoh.com\/es\/wp-json\/wp\/v2\/pages"}],"about":[{"href":"https:\/\/disoh.com\/es\/wp-json\/wp\/v2\/types\/page"}],"author":[{"embeddable":true,"href":"https:\/\/disoh.com\/es\/wp-json\/wp\/v2\/users\/1"}],"replies":[{"embeddable":true,"href":"https:\/\/disoh.com\/es\/wp-json\/wp\/v2\/comments?post=2557"}],"version-history":[{"count":2,"href":"https:\/\/disoh.com\/es\/wp-json\/wp\/v2\/pages\/2557\/revisions"}],"predecessor-version":[{"id":2604,"href":"https:\/\/disoh.com\/es\/wp-json\/wp\/v2\/pages\/2557\/revisions\/2604"}],"wp:attachment":[{"href":"https:\/\/disoh.com\/es\/wp-json\/wp\/v2\/media?parent=2557"}],"curies":[{"name":"wp","href":"https:\/\/api.w.org\/{rel}","templated":true}]}}