{"id":2554,"date":"2025-10-27T16:07:52","date_gmt":"2025-10-27T16:07:52","guid":{"rendered":"https:\/\/disoh.com\/?page_id=2554"},"modified":"2025-10-27T22:38:51","modified_gmt":"2025-10-27T22:38:51","slug":"condiciones-generales","status":"publish","type":"page","link":"https:\/\/disoh.com\/es\/terms-and-conditions\/","title":{"rendered":"Condiciones generales"},"content":{"rendered":"<h2 class=\"wp-block-heading\"><strong>1. Visi\u00f3n general<\/strong><\/h2>\n\n\n\n<p>Bienvenido a Disoh (\u201cnosotros\u201d, \u201cnos\u201d, \u201cnuestro\u201d), operado por Disoh LLC, con sede en 30 N Gould St STE R, Sheridan, WY 82801, Estados Unidos. Estos T\u00e9rminos y Condiciones (\u201cT\u00e9rminos\u201d) rigen el uso de nuestro sitio web y todos los productos relacionados, servicios y herramientas (colectivamente, los \u201cServicios\u201d).<\/p>\n\n\n\n<p>Disoh opera a escala internacional, con servidores ubicados tanto en Estados Unidos como en Europa, para ofrecer un alojamiento r\u00e1pido y fiable a usuarios de todo el mundo.<\/p>\n\n\n\n<p>Aunque somos una empresa con sede en Estados Unidos, cumplimos estrictas normas europeas de protecci\u00f3n de datos y privacidad para garantizar la transparencia, la equidad y el respeto de sus derechos. Nos preocupamos profundamente por nuestros usuarios y nos esforzamos por operar de forma humana, \u00e9tica y responsable en todas las regiones.<\/p>\n\n\n\n<p>Al acceder o utilizar nuestros Servicios, usted (\u201custed\u201d, \u201csu\u201d, \u201cUsuario\u201d o \u201cCliente\u201d) acepta someterse a estas Condiciones y a toda la legislaci\u00f3n aplicable. Si no est\u00e1 de acuerdo, debe interrumpir su uso inmediatamente.<\/p>\n\n\n\n<p>Disoh podr\u00e1 actualizar o modificar estas Condiciones en cualquier momento. Los cambios ser\u00e1n efectivos inmediatamente despu\u00e9s de su publicaci\u00f3n en este sitio web. El uso continuado despu\u00e9s de dichas actualizaciones significa que usted acepta los t\u00e9rminos revisados.<\/p>\n\n\n\n<hr class=\"wp-block-separator has-alpha-channel-opacity\"\/>\n\n\n\n<h2 class=\"wp-block-heading\"><strong>2. Opciones de pago<\/strong><\/h2>\n\n\n\n<p>Los pagos pueden efectuarse mediante <strong>Raya<\/strong>, que admite las principales tarjetas de cr\u00e9dito y d\u00e9bito (Visa, MasterCard, American Express, Discover), <strong>PayPal<\/strong>, u otros m\u00e9todos de pago admitidos, como <strong>transferencia bancaria<\/strong> o <strong>criptomoneda<\/strong>, si est\u00e1 disponible.<\/p>\n\n\n\n<p>Todos los pagos deben realizarse en su totalidad antes de que se activen los Servicios, a menos que se indique lo contrario por escrito.<\/p>\n\n\n\n<hr class=\"wp-block-separator has-alpha-channel-opacity\"\/>\n\n\n\n<h2 class=\"wp-block-heading\"><strong>3. Procesamiento de tarjetas y seguridad<\/strong><\/h2>\n\n\n\n<p>Los pagos con tarjeta se procesan de forma segura a trav\u00e9s de <strong>Stripe, Inc.<\/strong>.<br>Disoh hace <strong>no almacenar<\/strong> sus datos de pago completos en nuestros servidores.<br>Para obtener m\u00e1s informaci\u00f3n sobre las pol\u00edticas de Stripe, visite <a href=\"https:\/\/www.stripe.com\">www.stripe.com<\/a>.<\/p>\n\n\n\n<hr class=\"wp-block-separator has-alpha-channel-opacity\"\/>\n\n\n\n<h2 class=\"wp-block-heading\"><strong>4. 4. Prestaci\u00f3n de servicios<\/strong><\/h2>\n\n\n\n<p>Una vez recibido el pago, los servicios suelen prestarse autom\u00e1ticamente o en 24 horas.<br>Recibir\u00e1 una confirmaci\u00f3n por correo electr\u00f3nico una vez finalizada la configuraci\u00f3n.<br>Algunos servicios personalizados (como el dise\u00f1o de sitios web o la incorporaci\u00f3n de usuarios) pueden requerir un tiempo adicional, que se comunicar\u00e1 durante el proceso de pedido.<\/p>\n\n\n\n<hr class=\"wp-block-separator has-alpha-channel-opacity\"\/>\n\n\n\n<h2 class=\"wp-block-heading\"><strong>5. 5. Pol\u00edtica de reembolso<\/strong><\/h2>\n\n\n\n<p>Queremos que nuestros clientes est\u00e9n satisfechos. Sin embargo, dado que nuestros Servicios implican productos digitales y recursos de servidor, se aplica lo siguiente:<\/p>\n\n\n\n<ul class=\"wp-block-list\">\n<li>Las compras de alojamiento y dominio son reembolsables <strong>en un plazo de 30 d\u00edas<\/strong> del pedido original, salvo que se indique lo contrario.<\/li>\n\n\n\n<li>Reembolsos <strong>no<\/strong> se aplican a registros de dominios, certificados SSL o licencias de terceros.<\/li>\n\n\n\n<li>Las tarifas de dise\u00f1o o instalaci\u00f3n de sitios web personalizados son <strong>no reembolsable<\/strong> una vez iniciado el proyecto.<\/li>\n\n\n\n<li>Disoh se reserva el derecho a denegar el reembolso en caso de abuso, fraude o violaci\u00f3n de estas Condiciones.<\/li>\n<\/ul>\n\n\n\n<p>Los reembolsos, en su caso, se efectuar\u00e1n al m\u00e9todo de pago original en un plazo de 10 d\u00edas laborables.<\/p>\n\n\n\n<hr class=\"wp-block-separator has-alpha-channel-opacity\"\/>\n\n\n\n<h2 class=\"wp-block-heading\"><strong>6. Elegibilidad y autoridad<\/strong><\/h2>\n\n\n\n<p>Al utilizar nuestros Servicios, usted confirma que:<\/p>\n\n\n\n<ul class=\"wp-block-list\">\n<li>Son como m\u00ednimo <strong>18 a\u00f1os de edad<\/strong>, o con capacidad legal para celebrar contratos;<\/li>\n\n\n\n<li>Tener autoridad legal para representar a cualquier organizaci\u00f3n o entidad en cuyo nombre utilice nuestros Servicios.<\/li>\n<\/ul>\n\n\n\n<p>Si registra una cuenta o realiza compras para una empresa, declara que tiene autoridad para vincular a dicha empresa a estas Condiciones.<\/p>\n\n\n\n<hr class=\"wp-block-separator has-alpha-channel-opacity\"\/>\n\n\n\n<h2 class=\"wp-block-heading\"><strong>7. Cuentas<\/strong><\/h2>\n\n\n\n<p>Para acceder a determinados Servicios, es posible que tenga que crear una cuenta.<br>Usted se compromete a proporcionar informaci\u00f3n exacta, actual y completa y a mantener la confidencialidad de sus credenciales de acceso.<\/p>\n\n\n\n<p>Usted es plenamente responsable de toda la actividad que se produzca en su cuenta.<br>Si sospecha que se ha producido un acceso no autorizado, notif\u00edquenoslo inmediatamente a <strong><a>support@disoh.com<\/a><\/strong>.<\/p>\n\n\n\n<p>Disoh se reserva el derecho de suspender o cancelar las cuentas que violen estos T\u00e9rminos o contengan informaci\u00f3n falsa o enga\u00f1osa.<\/p>\n\n\n\n<hr class=\"wp-block-separator has-alpha-channel-opacity\"\/>\n\n\n\n<h2 class=\"wp-block-heading\"><strong>8. Uso aceptable<\/strong><\/h2>\n\n\n\n<p>Usted acepta <strong>no<\/strong> utilizar nuestros Servicios con fines il\u00edcitos o abusivos.<br>No lo har\u00e1s:<\/p>\n\n\n\n<ul class=\"wp-block-list\">\n<li>Participar en cualquier actividad ilegal, fraude o enga\u00f1o;<\/li>\n\n\n\n<li>Alojar, compartir o distribuir contenidos que impliquen explotaci\u00f3n infantil, violencia o incitaci\u00f3n al odio;<\/li>\n\n\n\n<li>Utilizar servidores Disoh para enviar spam, malware o realizar accesos no autorizados a la red;<\/li>\n\n\n\n<li>Violar los derechos de propiedad intelectual de terceros;<\/li>\n\n\n\n<li>Interferir, interrumpir o sobrecargar nuestros sistemas o redes;<\/li>\n\n\n\n<li>Intentar obtener acceso no autorizado a los datos o cuentas de otros usuarios.<\/li>\n<\/ul>\n\n\n\n<p>La infracci\u00f3n de esta pol\u00edtica puede dar lugar a <strong>cancelaci\u00f3n inmediata de la cuenta<\/strong> sin reembolso y posibles acciones legales.<\/p>\n\n\n\n<hr class=\"wp-block-separator has-alpha-channel-opacity\"\/>\n\n\n\n<h2 class=\"wp-block-heading\"><strong>9. 9. Propiedad intelectual<\/strong><\/h2>\n\n\n\n<p>Todo el contenido, la marca, el software y los elementos de dise\u00f1o de este sitio y de nuestros Servicios son propiedad de <strong>Disoh LLC<\/strong> o sus licenciantes.<br>No puede copiar, reproducir, distribuir ni modificar nuestros materiales sin consentimiento previo por escrito.<\/p>\n\n\n\n<p>Usted conserva la propiedad de cualquier contenido que cargue o cree utilizando nuestros Servicios (\u201cContenido de Usuario\u201d), pero otorga a Disoh una licencia no exclusiva y mundial para alojar y mostrarlo \u00fanicamente con el prop\u00f3sito de proporcionar los Servicios.<\/p>\n\n\n\n<hr class=\"wp-block-separator has-alpha-channel-opacity\"\/>\n\n\n\n<h2 class=\"wp-block-heading\"><strong>10. Suspensi\u00f3n o rescisi\u00f3n<\/strong><\/h2>\n\n\n\n<p>Disoh podr\u00e1 suspender o cancelar el acceso a su cuenta o Servicios en cualquier momento, con o sin previo aviso, si:<\/p>\n\n\n\n<ul class=\"wp-block-list\">\n<li>Infrinja estas Condiciones o la legislaci\u00f3n aplicable;<\/li>\n\n\n\n<li>Su actividad amenaza la seguridad, estabilidad o integridad de nuestra infraestructura; o<\/li>\n\n\n\n<li>No se ha recibido el pago a su vencimiento.<\/li>\n<\/ul>\n\n\n\n<p>En caso de rescisi\u00f3n por causa justificada, no se efectuar\u00e1 ning\u00fan reembolso.<br>Disoh se reserva el derecho de eliminar todos los datos asociados de sus sistemas.<\/p>\n\n\n\n<hr class=\"wp-block-separator has-alpha-channel-opacity\"\/>\n\n\n\n<h2 class=\"wp-block-heading\"><strong>11. 11. Reserva de derechos<\/strong><\/h2>\n\n\n\n<p>Disoh se reserva el derecho de:<\/p>\n\n\n\n<ul class=\"wp-block-list\">\n<li>Denegar o cancelar el servicio por cualquier motivo, incluidos la prevenci\u00f3n del fraude o los errores t\u00e9cnicos;<\/li>\n\n\n\n<li>Modificar o interrumpir cualquier producto o servicio sin previo aviso;<\/li>\n\n\n\n<li>Cumplir con solicitudes legales de autoridades o procesos judiciales;<\/li>\n\n\n\n<li>Tomar las medidas necesarias para proteger la integridad y la reputaci\u00f3n de Disoh y sus usuarios.<\/li>\n<\/ul>\n\n\n\n<hr class=\"wp-block-separator has-alpha-channel-opacity\"\/>\n\n\n\n<h2 class=\"wp-block-heading\"><strong>12. Reclamaciones sobre derechos de autor y marcas registradas<\/strong><\/h2>\n\n\n\n<p>Si usted cree que sus derechos de propiedad intelectual han sido infringidos por el contenido alojado o mostrado por Disoh, por favor p\u00f3ngase en contacto con nosotros en <strong><a>support@disoh.com<\/a><\/strong> con pruebas de la propiedad y del material infractor.<br>Responderemos de acuerdo con la legislaci\u00f3n aplicable.<\/p>\n\n\n\n<hr class=\"wp-block-separator has-alpha-channel-opacity\"\/>\n\n\n\n<h2 class=\"wp-block-heading\"><strong>13. Cumplimiento de la legislaci\u00f3n y las normas de protecci\u00f3n de la intimidad<\/strong><\/h2>\n\n\n\n<p>Disoh opera en todo el mundo, con infraestructuras ubicadas en <strong>tanto en Estados Unidos como en la Uni\u00f3n Europea<\/strong>.<br>Cumplimos <strong>Legislaci\u00f3n federal estadounidense<\/strong> as\u00ed como <strong>Normas europeas de protecci\u00f3n de datos<\/strong>, incluyendo principios inspirados en la <strong>Reglamento general de protecci\u00f3n de datos (RGPD)<\/strong>.<\/p>\n\n\n\n<p>Nos comprometemos a proteger su privacidad, mantener la transparencia y ofrecer a los usuarios un control significativo sobre sus datos, independientemente de d\u00f3nde se encuentren.<\/p>\n\n\n\n<hr class=\"wp-block-separator has-alpha-channel-opacity\"\/>\n\n\n\n<h2 class=\"wp-block-heading\"><strong>14. 14. Limitaci\u00f3n de responsabilidad<\/strong><\/h2>\n\n\n\n<p>En la medida m\u00e1xima permitida por la ley, Disoh LLC deber\u00e1 <strong>no ser\u00e1 responsable<\/strong> por cualquier da\u00f1o directo, indirecto, incidental o consecuente resultante de:<\/p>\n\n\n\n<ul class=\"wp-block-list\">\n<li>Uso o imposibilidad de uso de nuestros Servicios;<\/li>\n\n\n\n<li>P\u00e9rdida de datos, interrupciones o accesos no autorizados;<\/li>\n\n\n\n<li>Cualquier acci\u00f3n, software o integraci\u00f3n de terceros.<\/li>\n<\/ul>\n\n\n\n<p>En ning\u00fan caso nuestra responsabilidad total superar\u00e1 el importe que usted pag\u00f3 a Disoh por el servicio espec\u00edfico que dio lugar a la reclamaci\u00f3n.<\/p>\n\n\n\n<hr class=\"wp-block-separator has-alpha-channel-opacity\"\/>\n\n\n\n<h2 class=\"wp-block-heading\"><strong>15. Indemnizaci\u00f3n<\/strong><\/h2>\n\n\n\n<p>Usted se compromete a defender, indemnizar y mantener indemne a <strong>Disoh LLC<\/strong>, sus filiales, empleados y agentes de cualquier reclamaci\u00f3n, da\u00f1o o gasto derivado del uso que usted haga de nuestros Servicios o de la infracci\u00f3n de estas Condiciones.<\/p>\n\n\n\n<hr class=\"wp-block-separator has-alpha-channel-opacity\"\/>\n\n\n\n<h2 class=\"wp-block-heading\"><strong>16. Ausencia de derechos de terceros<\/strong><\/h2>\n\n\n\n<p>Estas Condiciones no crean derechos de terceros beneficiarios.<br>S\u00f3lo usted y Disoh LLC tienen derechos legales en virtud del presente acuerdo.<\/p>\n\n\n\n<hr class=\"wp-block-separator has-alpha-channel-opacity\"\/>\n\n\n\n<h2 class=\"wp-block-heading\"><strong>17. Derecho aplicable<\/strong><\/h2>\n\n\n\n<p>Las presentes Condiciones se regir\u00e1n e interpretar\u00e1n con arreglo a las leyes del <strong>Estado de Wyoming, EE.UU.<\/strong>, sin tener en cuenta los principios de conflicto de leyes.<br>Cualquier disputa se resolver\u00e1 en los tribunales estatales o federales ubicados en Wyoming.<\/p>\n\n\n\n<hr class=\"wp-block-separator has-alpha-channel-opacity\"\/>\n\n\n\n<h2 class=\"wp-block-heading\"><strong>18. Informaci\u00f3n de contacto<\/strong><\/h2>\n\n\n\n<p>Si tiene preguntas, dudas o quejas sobre estas Condiciones, p\u00f3ngase en contacto con nosotros en<\/p>\n\n\n\n<p><strong>Disoh LLC<\/strong><br>30 N Gould St STE R<br>Sheridan, WY 82801<br>Estados Unidos<br><strong>support@disoh.com<\/strong><\/p>","protected":false},"excerpt":{"rendered":"<p>1. Overview Welcome to Disoh (\u201cwe\u201d, \u201cus\u201d, \u201cour\u201d), operated by Disoh LLC, located at 30 N Gould St STE R, Sheridan, WY 82801, United States. These Terms and Conditions (\u201cTerms\u201d) govern your use of our website and all related products, services, and tools (collectively, the \u201cServices\u201d). Disoh operates internationally \u2014 with servers located in both [&hellip;]<\/p>\n","protected":false},"author":1,"featured_media":0,"parent":0,"menu_order":0,"comment_status":"closed","ping_status":"closed","template":"","meta":{"footnotes":""},"class_list":["post-2554","page","type-page","status-publish","hentry"],"yoast_head":"<!-- This site is optimized with the Yoast SEO plugin v27.4 - https:\/\/yoast.com\/product\/yoast-seo-wordpress\/ -->\n<title>Terms and Conditions &#8211; Disoh<\/title>\n<meta name=\"robots\" content=\"index, follow, max-snippet:-1, max-image-preview:large, max-video-preview:-1\" \/>\n<link rel=\"canonical\" href=\"https:\/\/disoh.com\/es\/condiciones-generales\/\" \/>\n<meta property=\"og:locale\" content=\"es_ES\" \/>\n<meta property=\"og:type\" content=\"article\" \/>\n<meta property=\"og:title\" content=\"Terms and Conditions &#8211; Disoh\" \/>\n<meta property=\"og:description\" content=\"1. Overview Welcome to Disoh (\u201cwe\u201d, \u201cus\u201d, \u201cour\u201d), operated by Disoh LLC, located at 30 N Gould St STE R, Sheridan, WY 82801, United States. These Terms and Conditions (\u201cTerms\u201d) govern your use of our website and all related products, services, and tools (collectively, the \u201cServices\u201d). Disoh operates internationally \u2014 with servers located in both [&hellip;]\" \/>\n<meta property=\"og:url\" content=\"https:\/\/disoh.com\/es\/condiciones-generales\/\" \/>\n<meta property=\"og:site_name\" content=\"Disoh\" \/>\n<meta property=\"article:publisher\" content=\"https:\/\/www.facebook.com\/disohhosting\" \/>\n<meta property=\"article:modified_time\" content=\"2025-10-27T22:38:51+00:00\" \/>\n<meta property=\"og:image\" content=\"https:\/\/disoh.com\/wp-content\/uploads\/2025\/07\/disoh_about.webp\" \/>\n\t<meta property=\"og:image:width\" content=\"1536\" \/>\n\t<meta property=\"og:image:height\" content=\"1024\" \/>\n\t<meta property=\"og:image:type\" content=\"image\/webp\" \/>\n<meta name=\"twitter:card\" content=\"summary_large_image\" \/>\n<meta name=\"twitter:label1\" content=\"Tiempo de lectura\" \/>\n\t<meta name=\"twitter:data1\" content=\"6 minutos\" \/>\n<script type=\"application\/ld+json\" class=\"yoast-schema-graph\">{\"@context\":\"https:\\\/\\\/schema.org\",\"@graph\":[{\"@type\":\"WebPage\",\"@id\":\"https:\\\/\\\/disoh.com\\\/terms-and-conditions\\\/\",\"url\":\"https:\\\/\\\/disoh.com\\\/terms-and-conditions\\\/\",\"name\":\"Terms and Conditions &#8211; Disoh\",\"isPartOf\":{\"@id\":\"https:\\\/\\\/disoh.com\\\/#website\"},\"datePublished\":\"2025-10-27T16:07:52+00:00\",\"dateModified\":\"2025-10-27T22:38:51+00:00\",\"breadcrumb\":{\"@id\":\"https:\\\/\\\/disoh.com\\\/terms-and-conditions\\\/#breadcrumb\"},\"inLanguage\":\"es\",\"potentialAction\":[{\"@type\":\"ReadAction\",\"target\":[\"https:\\\/\\\/disoh.com\\\/terms-and-conditions\\\/\"]}]},{\"@type\":\"BreadcrumbList\",\"@id\":\"https:\\\/\\\/disoh.com\\\/terms-and-conditions\\\/#breadcrumb\",\"itemListElement\":[{\"@type\":\"ListItem\",\"position\":1,\"name\":\"Home\",\"item\":\"https:\\\/\\\/disoh.com\\\/\"},{\"@type\":\"ListItem\",\"position\":2,\"name\":\"Terms and Conditions\"}]},{\"@type\":\"WebSite\",\"@id\":\"https:\\\/\\\/disoh.com\\\/#website\",\"url\":\"https:\\\/\\\/disoh.com\\\/\",\"name\":\"Disoh\",\"description\":\"Digital Solutions Hosting\",\"publisher\":{\"@id\":\"https:\\\/\\\/disoh.com\\\/#organization\"},\"potentialAction\":[{\"@type\":\"SearchAction\",\"target\":{\"@type\":\"EntryPoint\",\"urlTemplate\":\"https:\\\/\\\/disoh.com\\\/?s={search_term_string}\"},\"query-input\":{\"@type\":\"PropertyValueSpecification\",\"valueRequired\":true,\"valueName\":\"search_term_string\"}}],\"inLanguage\":\"es\"},{\"@type\":\"Organization\",\"@id\":\"https:\\\/\\\/disoh.com\\\/#organization\",\"name\":\"Disoh LLC\",\"url\":\"https:\\\/\\\/disoh.com\\\/\",\"logo\":{\"@type\":\"ImageObject\",\"inLanguage\":\"es\",\"@id\":\"https:\\\/\\\/disoh.com\\\/#\\\/schema\\\/logo\\\/image\\\/\",\"url\":\"https:\\\/\\\/disoh.com\\\/wp-content\\\/uploads\\\/2025\\\/06\\\/favicon_1.svg\",\"contentUrl\":\"https:\\\/\\\/disoh.com\\\/wp-content\\\/uploads\\\/2025\\\/06\\\/favicon_1.svg\",\"width\":615,\"height\":615,\"caption\":\"Disoh LLC\"},\"image\":{\"@id\":\"https:\\\/\\\/disoh.com\\\/#\\\/schema\\\/logo\\\/image\\\/\"},\"sameAs\":[\"https:\\\/\\\/www.facebook.com\\\/disohhosting\"]}]}<\/script>\n<!-- \/ Yoast SEO plugin. -->","yoast_head_json":{"title":"Condiciones generales - Disoh","robots":{"index":"index","follow":"follow","max-snippet":"max-snippet:-1","max-image-preview":"max-image-preview:large","max-video-preview":"max-video-preview:-1"},"canonical":"https:\/\/disoh.com\/es\/condiciones-generales\/","og_locale":"es_ES","og_type":"article","og_title":"Terms and Conditions &#8211; Disoh","og_description":"1. Overview Welcome to Disoh (\u201cwe\u201d, \u201cus\u201d, \u201cour\u201d), operated by Disoh LLC, located at 30 N Gould St STE R, Sheridan, WY 82801, United States. These Terms and Conditions (\u201cTerms\u201d) govern your use of our website and all related products, services, and tools (collectively, the \u201cServices\u201d). Disoh operates internationally \u2014 with servers located in both [&hellip;]","og_url":"https:\/\/disoh.com\/es\/condiciones-generales\/","og_site_name":"Disoh","article_publisher":"https:\/\/www.facebook.com\/disohhosting","article_modified_time":"2025-10-27T22:38:51+00:00","og_image":[{"width":1536,"height":1024,"url":"https:\/\/disoh.com\/wp-content\/uploads\/2025\/07\/disoh_about.webp","type":"image\/webp"}],"twitter_card":"summary_large_image","twitter_misc":{"Tiempo de lectura":"6 minutos"},"schema":{"@context":"https:\/\/schema.org","@graph":[{"@type":"WebPage","@id":"https:\/\/disoh.com\/terms-and-conditions\/","url":"https:\/\/disoh.com\/terms-and-conditions\/","name":"Condiciones generales - Disoh","isPartOf":{"@id":"https:\/\/disoh.com\/#website"},"datePublished":"2025-10-27T16:07:52+00:00","dateModified":"2025-10-27T22:38:51+00:00","breadcrumb":{"@id":"https:\/\/disoh.com\/terms-and-conditions\/#breadcrumb"},"inLanguage":"es","potentialAction":[{"@type":"ReadAction","target":["https:\/\/disoh.com\/terms-and-conditions\/"]}]},{"@type":"BreadcrumbList","@id":"https:\/\/disoh.com\/terms-and-conditions\/#breadcrumb","itemListElement":[{"@type":"ListItem","position":1,"name":"Home","item":"https:\/\/disoh.com\/"},{"@type":"ListItem","position":2,"name":"Terms and Conditions"}]},{"@type":"WebSite","@id":"https:\/\/disoh.com\/#website","url":"https:\/\/disoh.com\/","name":"Disoh","description":"Soluciones digitales Hosting","publisher":{"@id":"https:\/\/disoh.com\/#organization"},"potentialAction":[{"@type":"SearchAction","target":{"@type":"EntryPoint","urlTemplate":"https:\/\/disoh.com\/?s={search_term_string}"},"query-input":{"@type":"PropertyValueSpecification","valueRequired":true,"valueName":"search_term_string"}}],"inLanguage":"es"},{"@type":"Organization","@id":"https:\/\/disoh.com\/#organization","name":"Disoh LLC","url":"https:\/\/disoh.com\/","logo":{"@type":"ImageObject","inLanguage":"es","@id":"https:\/\/disoh.com\/#\/schema\/logo\/image\/","url":"https:\/\/disoh.com\/wp-content\/uploads\/2025\/06\/favicon_1.svg","contentUrl":"https:\/\/disoh.com\/wp-content\/uploads\/2025\/06\/favicon_1.svg","width":615,"height":615,"caption":"Disoh LLC"},"image":{"@id":"https:\/\/disoh.com\/#\/schema\/logo\/image\/"},"sameAs":["https:\/\/www.facebook.com\/disohhosting"]}]}},"_links":{"self":[{"href":"https:\/\/disoh.com\/es\/wp-json\/wp\/v2\/pages\/2554","targetHints":{"allow":["GET"]}}],"collection":[{"href":"https:\/\/disoh.com\/es\/wp-json\/wp\/v2\/pages"}],"about":[{"href":"https:\/\/disoh.com\/es\/wp-json\/wp\/v2\/types\/page"}],"author":[{"embeddable":true,"href":"https:\/\/disoh.com\/es\/wp-json\/wp\/v2\/users\/1"}],"replies":[{"embeddable":true,"href":"https:\/\/disoh.com\/es\/wp-json\/wp\/v2\/comments?post=2554"}],"version-history":[{"count":6,"href":"https:\/\/disoh.com\/es\/wp-json\/wp\/v2\/pages\/2554\/revisions"}],"predecessor-version":[{"id":2602,"href":"https:\/\/disoh.com\/es\/wp-json\/wp\/v2\/pages\/2554\/revisions\/2602"}],"wp:attachment":[{"href":"https:\/\/disoh.com\/es\/wp-json\/wp\/v2\/media?parent=2554"}],"curies":[{"name":"wp","href":"https:\/\/api.w.org\/{rel}","templated":true}]}}