{"id":1416,"date":"2025-09-16T08:46:35","date_gmt":"2025-09-16T08:46:35","guid":{"rendered":"https:\/\/disoh.com\/?page_id=1416"},"modified":"2026-04-15T16:56:35","modified_gmt":"2026-04-15T16:56:35","slug":"soporte","status":"publish","type":"page","link":"https:\/\/disoh.com\/es\/support\/","title":{"rendered":"Ayuda"},"content":{"rendered":"<div data-elementor-type=\"wp-page\" data-elementor-id=\"1416\" class=\"elementor elementor-1416\" data-elementor-post-type=\"page\">\n\t\t\t\t<div class=\"elementor-element elementor-element-2b464ae e-flex e-con-boxed e-con e-parent\" data-id=\"2b464ae\" data-element_type=\"container\" data-e-type=\"container\" data-settings=\"{&quot;background_background&quot;:&quot;gradient&quot;}\">\n\t\t\t\t\t<div class=\"e-con-inner\">\n\t\t<div class=\"elementor-element elementor-element-6b6bfbe e-flex e-con-boxed e-con e-child\" data-id=\"6b6bfbe\" data-element_type=\"container\" data-e-type=\"container\">\n\t\t\t\t\t<div class=\"e-con-inner\">\n\t\t\t\t<div class=\"elementor-element elementor-element-d725522 elementor-widget elementor-widget-heading\" data-id=\"d725522\" data-element_type=\"widget\" data-e-type=\"widget\" data-widget_type=\"heading.default\">\n\t\t\t\t\t<h1 class=\"elementor-heading-title elementor-size-default\">Centro de ayuda<\/h1>\t\t\t\t<\/div>\n\t\t\t\t<div class=\"elementor-element elementor-element-9b4a971 elementor-widget__width-initial elementor-widget elementor-widget-text-editor\" data-id=\"9b4a971\" data-element_type=\"widget\" data-e-type=\"widget\" data-widget_type=\"text-editor.default\">\n\t\t\t\t\t\t\t\t\t<p>Estamos aqu\u00ed con la orientaci\u00f3n que necesita para dar vida a su idea.<\/p>\t\t\t\t\t\t\t\t<\/div>\n\t\t\t\t\t<\/div>\n\t\t\t\t<\/div>\n\t\t\t\t\t<\/div>\n\t\t\t\t<\/div>\n\t\t<div class=\"elementor-element elementor-element-2b06dae e-flex e-con-boxed e-con e-parent\" data-id=\"2b06dae\" data-element_type=\"container\" data-e-type=\"container\">\n\t\t\t\t\t<div class=\"e-con-inner\">\n\t\t\t\t<div class=\"elementor-element elementor-element-7373e84 elementor-widget__width-inherit elementor-widget elementor-widget-betterdocs-search-form\" data-id=\"7373e84\" data-element_type=\"widget\" data-e-type=\"widget\" data-widget_type=\"betterdocs-search-form.default\">\n\t\t\t\t\t<div class=\"betterdocs-search-form-widget-wrapper\"><div class=\"betterdocs-search-modal-sidebar\" id=\"betterdocs-search-modal\" data-placeholder=\"Search\" data-numberofdocs=\"5\" data-numberoffaqs=\"5\" data-enable_docs_search=\"1\" data-searchbutton=\"1\"><\/div><\/div>\t\t\t\t<\/div>\n\t\t\t\t\t<\/div>\n\t\t\t\t<\/div>\n\t\t<div class=\"elementor-element elementor-element-564524a e-flex e-con-boxed e-con e-parent\" data-id=\"564524a\" data-element_type=\"container\" data-e-type=\"container\">\n\t\t\t\t\t<div class=\"e-con-inner\">\n\t\t\t\t<div class=\"elementor-element elementor-element-d6fa1a2 elementor-widget elementor-widget-betterdocs-category-box\" data-id=\"d6fa1a2\" data-element_type=\"widget\" data-e-type=\"widget\" data-widget_type=\"betterdocs-category-box.default\">\n\t\t\t\t\t\n<div\n\tid=\"el-betterdocs-cat-box-d6fa1a2\" class=\"betterdocs-category-box-wrapper betterdocs-category-box-folder-wrapper el-layout-4 betterdocs-elementor\">\n\t<div\n\t\tclass=\"betterdocs-category-box-inner-wrapper betterdocs-categories-folder layout-4 docs-col-4\" style=\"--column: 4;--count: 5;--reminder: 1;\">\n\t\t\n<a\n\thref=\"https:\/\/disoh.com\/es\/docs-category\/account\/\" data-id=\"14\" class=\"category-box category-account layout-4\">\n\t<div class=\"betterdocs-single-category-inner\">\n\t\t\n<div class=\"betterdocs-category-header\">\n\t<div class=\"betterdocs-category-header-inner\">\n\t\t\n<div class=\"betterdocs-category-icon\">\n\t<span class=\"betterdocs-folder-icon toggle-arrow arrow-right\">\n    <svg width=\"21\" height=\"20\" viewbox=\"0 0 21 20\" fill=\"none\" xmlns=\"http:\/\/www.w3.org\/2000\/svg\">\n    <mask id=\"mask0_7203_1520\" style=\"mask-type:alpha\" maskunits=\"userSpaceOnUse\" x=\"0\" y=\"0\" width=\"21\" height=\"20\">\n    <rect x=\"0.5\" width=\"20\" height=\"20\" fill=\"#C4C4C4\"\/>\n    <\/mask>\n    <g mask=\"url(#mask0_7203_1520)\">\n    <path d=\"M3.83341 16.6673C3.37508 16.6673 2.98272 16.5041 2.65633 16.1777C2.32994 15.8513 2.16675 15.459 2.16675 15.0007V5.00065C2.16675 4.54232 2.32994 4.14996 2.65633 3.82357C2.98272 3.49718 3.37508 3.33398 3.83341 3.33398H8.14591C8.36814 3.33398 8.57994 3.37565 8.78133 3.45898C8.98272 3.54232 9.1598 3.66037 9.31258 3.81315L10.5001 5.00065H17.1667C17.6251 5.00065 18.0174 5.16385 18.3438 5.49023C18.6702 5.81662 18.8334 6.20898 18.8334 6.66732V15.0007C18.8334 15.459 18.6702 15.8513 18.3438 16.1777C18.0174 16.5041 17.6251 16.6673 17.1667 16.6673H3.83341Z\" fill=\"#C4C4C4\"\/>\n    <\/g>\n    <\/svg>\n<\/span>\n<\/div>\n<div class=\"betterdocs-dynamic-wrapper betterdocs-category-title-counts\"><h2 class=\"betterdocs-category-title\">Cuenta<\/h2><p class=\"betterdocs-last-update\">\n\t\u00daltima actualizaci\u00f3n: 24 de noviembre de 2025<\/p>\n\n<\/div>\t<\/div>\n<\/div>\n\t<\/div>\n<\/a>\n\n<a\n\thref=\"https:\/\/disoh.com\/es\/docs-category\/domains\/\" data-id=\"13\" class=\"category-box category-domains layout-4\">\n\t<div class=\"betterdocs-single-category-inner\">\n\t\t\n<div class=\"betterdocs-category-header\">\n\t<div class=\"betterdocs-category-header-inner\">\n\t\t\n<div class=\"betterdocs-category-icon\">\n\t<span class=\"betterdocs-folder-icon toggle-arrow arrow-right\">\n    <svg width=\"21\" height=\"20\" viewbox=\"0 0 21 20\" fill=\"none\" xmlns=\"http:\/\/www.w3.org\/2000\/svg\">\n    <mask id=\"mask0_7203_1520\" style=\"mask-type:alpha\" maskunits=\"userSpaceOnUse\" x=\"0\" y=\"0\" width=\"21\" height=\"20\">\n    <rect x=\"0.5\" width=\"20\" height=\"20\" fill=\"#C4C4C4\"\/>\n    <\/mask>\n    <g mask=\"url(#mask0_7203_1520)\">\n    <path d=\"M3.83341 16.6673C3.37508 16.6673 2.98272 16.5041 2.65633 16.1777C2.32994 15.8513 2.16675 15.459 2.16675 15.0007V5.00065C2.16675 4.54232 2.32994 4.14996 2.65633 3.82357C2.98272 3.49718 3.37508 3.33398 3.83341 3.33398H8.14591C8.36814 3.33398 8.57994 3.37565 8.78133 3.45898C8.98272 3.54232 9.1598 3.66037 9.31258 3.81315L10.5001 5.00065H17.1667C17.6251 5.00065 18.0174 5.16385 18.3438 5.49023C18.6702 5.81662 18.8334 6.20898 18.8334 6.66732V15.0007C18.8334 15.459 18.6702 15.8513 18.3438 16.1777C18.0174 16.5041 17.6251 16.6673 17.1667 16.6673H3.83341Z\" fill=\"#C4C4C4\"\/>\n    <\/g>\n    <\/svg>\n<\/span>\n<\/div>\n<div class=\"betterdocs-dynamic-wrapper betterdocs-category-title-counts\"><h2 class=\"betterdocs-category-title\">Dominios<\/h2><p class=\"betterdocs-last-update\">\n\t\u00daltima actualizaci\u00f3n: 3 de noviembre de 2025<\/p>\n\n<\/div>\t<\/div>\n<\/div>\n\t<\/div>\n<\/a>\n\n<a\n\thref=\"https:\/\/disoh.com\/es\/docs-category\/migrating\/\" data-id=\"18\" class=\"category-box category-migrating layout-4\">\n\t<div class=\"betterdocs-single-category-inner\">\n\t\t\n<div class=\"betterdocs-category-header\">\n\t<div class=\"betterdocs-category-header-inner\">\n\t\t\n<div class=\"betterdocs-category-icon\">\n\t<span class=\"betterdocs-folder-icon toggle-arrow arrow-right\">\n    <svg width=\"21\" height=\"20\" viewbox=\"0 0 21 20\" fill=\"none\" xmlns=\"http:\/\/www.w3.org\/2000\/svg\">\n    <mask id=\"mask0_7203_1520\" style=\"mask-type:alpha\" maskunits=\"userSpaceOnUse\" x=\"0\" y=\"0\" width=\"21\" height=\"20\">\n    <rect x=\"0.5\" width=\"20\" height=\"20\" fill=\"#C4C4C4\"\/>\n    <\/mask>\n    <g mask=\"url(#mask0_7203_1520)\">\n    <path d=\"M3.83341 16.6673C3.37508 16.6673 2.98272 16.5041 2.65633 16.1777C2.32994 15.8513 2.16675 15.459 2.16675 15.0007V5.00065C2.16675 4.54232 2.32994 4.14996 2.65633 3.82357C2.98272 3.49718 3.37508 3.33398 3.83341 3.33398H8.14591C8.36814 3.33398 8.57994 3.37565 8.78133 3.45898C8.98272 3.54232 9.1598 3.66037 9.31258 3.81315L10.5001 5.00065H17.1667C17.6251 5.00065 18.0174 5.16385 18.3438 5.49023C18.6702 5.81662 18.8334 6.20898 18.8334 6.66732V15.0007C18.8334 15.459 18.6702 15.8513 18.3438 16.1777C18.0174 16.5041 17.6251 16.6673 17.1667 16.6673H3.83341Z\" fill=\"#C4C4C4\"\/>\n    <\/g>\n    <\/svg>\n<\/span>\n<\/div>\n<div class=\"betterdocs-dynamic-wrapper betterdocs-category-title-counts\"><h2 class=\"betterdocs-category-title\">Migraci\u00f3n<\/h2><p class=\"betterdocs-last-update\">\n\t\u00daltima actualizaci\u00f3n: 24 de noviembre de 2025<\/p>\n\n<\/div>\t<\/div>\n<\/div>\n\t<\/div>\n<\/a>\n\n<a\n\thref=\"https:\/\/disoh.com\/es\/docs-category\/webhosting\/\" data-id=\"12\" class=\"category-box category-webhosting layout-4 no-border-right\">\n\t<div class=\"betterdocs-single-category-inner\">\n\t\t\n<div class=\"betterdocs-category-header\">\n\t<div class=\"betterdocs-category-header-inner\">\n\t\t\n<div class=\"betterdocs-category-icon\">\n\t<span class=\"betterdocs-folder-icon toggle-arrow arrow-right\">\n    <svg width=\"21\" height=\"20\" viewbox=\"0 0 21 20\" fill=\"none\" xmlns=\"http:\/\/www.w3.org\/2000\/svg\">\n    <mask id=\"mask0_7203_1520\" style=\"mask-type:alpha\" maskunits=\"userSpaceOnUse\" x=\"0\" y=\"0\" width=\"21\" height=\"20\">\n    <rect x=\"0.5\" width=\"20\" height=\"20\" fill=\"#C4C4C4\"\/>\n    <\/mask>\n    <g mask=\"url(#mask0_7203_1520)\">\n    <path d=\"M3.83341 16.6673C3.37508 16.6673 2.98272 16.5041 2.65633 16.1777C2.32994 15.8513 2.16675 15.459 2.16675 15.0007V5.00065C2.16675 4.54232 2.32994 4.14996 2.65633 3.82357C2.98272 3.49718 3.37508 3.33398 3.83341 3.33398H8.14591C8.36814 3.33398 8.57994 3.37565 8.78133 3.45898C8.98272 3.54232 9.1598 3.66037 9.31258 3.81315L10.5001 5.00065H17.1667C17.6251 5.00065 18.0174 5.16385 18.3438 5.49023C18.6702 5.81662 18.8334 6.20898 18.8334 6.66732V15.0007C18.8334 15.459 18.6702 15.8513 18.3438 16.1777C18.0174 16.5041 17.6251 16.6673 17.1667 16.6673H3.83341Z\" fill=\"#C4C4C4\"\/>\n    <\/g>\n    <\/svg>\n<\/span>\n<\/div>\n<div class=\"betterdocs-dynamic-wrapper betterdocs-category-title-counts\"><h2 class=\"betterdocs-category-title\">Alojamiento web<\/h2><p class=\"betterdocs-last-update\">\n\t\u00daltima actualizaci\u00f3n: 24 de noviembre de 2025<\/p>\n\n<\/div>\t<\/div>\n<\/div>\n\t<\/div>\n<\/a>\n\n<a\n\thref=\"https:\/\/disoh.com\/es\/docs-category\/website-design-service\/\" data-id=\"19\" class=\"category-box category-website-design-service layout-4 no-border-bottom\">\n\t<div class=\"betterdocs-single-category-inner\">\n\t\t\n<div class=\"betterdocs-category-header\">\n\t<div class=\"betterdocs-category-header-inner\">\n\t\t\n<div class=\"betterdocs-category-icon\">\n\t<span class=\"betterdocs-folder-icon toggle-arrow arrow-right\">\n    <svg width=\"21\" height=\"20\" viewbox=\"0 0 21 20\" fill=\"none\" xmlns=\"http:\/\/www.w3.org\/2000\/svg\">\n    <mask id=\"mask0_7203_1520\" style=\"mask-type:alpha\" maskunits=\"userSpaceOnUse\" x=\"0\" y=\"0\" width=\"21\" height=\"20\">\n    <rect x=\"0.5\" width=\"20\" height=\"20\" fill=\"#C4C4C4\"\/>\n    <\/mask>\n    <g mask=\"url(#mask0_7203_1520)\">\n    <path d=\"M3.83341 16.6673C3.37508 16.6673 2.98272 16.5041 2.65633 16.1777C2.32994 15.8513 2.16675 15.459 2.16675 15.0007V5.00065C2.16675 4.54232 2.32994 4.14996 2.65633 3.82357C2.98272 3.49718 3.37508 3.33398 3.83341 3.33398H8.14591C8.36814 3.33398 8.57994 3.37565 8.78133 3.45898C8.98272 3.54232 9.1598 3.66037 9.31258 3.81315L10.5001 5.00065H17.1667C17.6251 5.00065 18.0174 5.16385 18.3438 5.49023C18.6702 5.81662 18.8334 6.20898 18.8334 6.66732V15.0007C18.8334 15.459 18.6702 15.8513 18.3438 16.1777C18.0174 16.5041 17.6251 16.6673 17.1667 16.6673H3.83341Z\" fill=\"#C4C4C4\"\/>\n    <\/g>\n    <\/svg>\n<\/span>\n<\/div>\n<div class=\"betterdocs-dynamic-wrapper betterdocs-category-title-counts\"><h2 class=\"betterdocs-category-title\">Servicio de dise\u00f1o web<\/h2><p class=\"betterdocs-last-update\">\n\t\u00daltima actualizaci\u00f3n: 6 de octubre de 2025<\/p>\n\n<\/div>\t<\/div>\n<\/div>\n\t<\/div>\n<\/a>\n\t<\/div>\n\t\t<div class=\"clearfix\"><\/div>\n\t<\/div>\n\t\t\t\t<\/div>\n\t\t\t\t\t<\/div>\n\t\t\t\t<\/div>\n\t\t\t\t<\/div>","protected":false},"excerpt":{"rendered":"<p>Helpcenter Estamos aqu\u00ed con la orientaci\u00f3n que necesita para dar vida a su idea. \u00daltima actualizaci\u00f3n de la cuenta: 24 de noviembre de 2025 \u00daltima actualizaci\u00f3n de dominios: 3 de noviembre de 2025 Migraci\u00f3n \u00daltima actualizaci\u00f3n: 24 de noviembre de 2025 Alojamiento web \u00daltima actualizaci\u00f3n: 24 de noviembre de 2025 Servicio de dise\u00f1o web \u00daltima actualizaci\u00f3n: 6 de octubre de 2025<\/p>","protected":false},"author":1,"featured_media":0,"parent":0,"menu_order":0,"comment_status":"closed","ping_status":"closed","template":"","meta":{"footnotes":""},"class_list":["post-1416","page","type-page","status-publish","hentry"],"yoast_head":"<!-- This site is optimized with the Yoast SEO plugin v27.4 - https:\/\/yoast.com\/product\/yoast-seo-wordpress\/ -->\n<title>Support &#8211; Disoh<\/title>\n<meta name=\"robots\" content=\"index, follow, max-snippet:-1, max-image-preview:large, max-video-preview:-1\" \/>\n<link rel=\"canonical\" href=\"https:\/\/disoh.com\/es\/soporte\/\" \/>\n<meta property=\"og:locale\" content=\"es_ES\" \/>\n<meta property=\"og:type\" content=\"article\" \/>\n<meta property=\"og:title\" content=\"Support &#8211; Disoh\" \/>\n<meta property=\"og:description\" content=\"Helpcenter We\u2019re here with the guidance you need to bring your idea to life. Account Last Updated: November 24, 2025 Domains Last Updated: November 3, 2025 Migrating Last Updated: November 24, 2025 Webhosting Last Updated: November 24, 2025 Website Design Service Last Updated: October 6, 2025\" \/>\n<meta property=\"og:url\" content=\"https:\/\/disoh.com\/es\/soporte\/\" \/>\n<meta property=\"og:site_name\" content=\"Disoh\" \/>\n<meta property=\"article:publisher\" content=\"https:\/\/www.facebook.com\/disohhosting\" \/>\n<meta property=\"article:modified_time\" content=\"2026-04-15T16:56:35+00:00\" \/>\n<meta property=\"og:image\" content=\"https:\/\/disoh.com\/wp-content\/uploads\/2025\/07\/disoh_about.webp\" \/>\n\t<meta property=\"og:image:width\" content=\"1536\" \/>\n\t<meta property=\"og:image:height\" content=\"1024\" \/>\n\t<meta property=\"og:image:type\" content=\"image\/webp\" \/>\n<meta name=\"twitter:card\" content=\"summary_large_image\" \/>\n<meta name=\"twitter:label1\" content=\"Tiempo de lectura\" \/>\n\t<meta name=\"twitter:data1\" content=\"1 minuto\" \/>\n<script type=\"application\/ld+json\" class=\"yoast-schema-graph\">{\"@context\":\"https:\\\/\\\/schema.org\",\"@graph\":[{\"@type\":\"WebPage\",\"@id\":\"https:\\\/\\\/disoh.com\\\/support\\\/\",\"url\":\"https:\\\/\\\/disoh.com\\\/support\\\/\",\"name\":\"Support &#8211; Disoh\",\"isPartOf\":{\"@id\":\"https:\\\/\\\/disoh.com\\\/#website\"},\"datePublished\":\"2025-09-16T08:46:35+00:00\",\"dateModified\":\"2026-04-15T16:56:35+00:00\",\"breadcrumb\":{\"@id\":\"https:\\\/\\\/disoh.com\\\/support\\\/#breadcrumb\"},\"inLanguage\":\"es\",\"potentialAction\":[{\"@type\":\"ReadAction\",\"target\":[\"https:\\\/\\\/disoh.com\\\/support\\\/\"]}]},{\"@type\":\"BreadcrumbList\",\"@id\":\"https:\\\/\\\/disoh.com\\\/support\\\/#breadcrumb\",\"itemListElement\":[{\"@type\":\"ListItem\",\"position\":1,\"name\":\"Home\",\"item\":\"https:\\\/\\\/disoh.com\\\/\"},{\"@type\":\"ListItem\",\"position\":2,\"name\":\"Support\"}]},{\"@type\":\"WebSite\",\"@id\":\"https:\\\/\\\/disoh.com\\\/#website\",\"url\":\"https:\\\/\\\/disoh.com\\\/\",\"name\":\"Disoh\",\"description\":\"Digital Solutions Hosting\",\"publisher\":{\"@id\":\"https:\\\/\\\/disoh.com\\\/#organization\"},\"potentialAction\":[{\"@type\":\"SearchAction\",\"target\":{\"@type\":\"EntryPoint\",\"urlTemplate\":\"https:\\\/\\\/disoh.com\\\/?s={search_term_string}\"},\"query-input\":{\"@type\":\"PropertyValueSpecification\",\"valueRequired\":true,\"valueName\":\"search_term_string\"}}],\"inLanguage\":\"es\"},{\"@type\":\"Organization\",\"@id\":\"https:\\\/\\\/disoh.com\\\/#organization\",\"name\":\"Disoh LLC\",\"url\":\"https:\\\/\\\/disoh.com\\\/\",\"logo\":{\"@type\":\"ImageObject\",\"inLanguage\":\"es\",\"@id\":\"https:\\\/\\\/disoh.com\\\/#\\\/schema\\\/logo\\\/image\\\/\",\"url\":\"https:\\\/\\\/disoh.com\\\/wp-content\\\/uploads\\\/2025\\\/06\\\/favicon_1.svg\",\"contentUrl\":\"https:\\\/\\\/disoh.com\\\/wp-content\\\/uploads\\\/2025\\\/06\\\/favicon_1.svg\",\"width\":615,\"height\":615,\"caption\":\"Disoh LLC\"},\"image\":{\"@id\":\"https:\\\/\\\/disoh.com\\\/#\\\/schema\\\/logo\\\/image\\\/\"},\"sameAs\":[\"https:\\\/\\\/www.facebook.com\\\/disohhosting\"]}]}<\/script>\n<!-- \/ Yoast SEO plugin. -->","yoast_head_json":{"title":"Apoyo - Disoh","robots":{"index":"index","follow":"follow","max-snippet":"max-snippet:-1","max-image-preview":"max-image-preview:large","max-video-preview":"max-video-preview:-1"},"canonical":"https:\/\/disoh.com\/es\/soporte\/","og_locale":"es_ES","og_type":"article","og_title":"Support &#8211; Disoh","og_description":"Helpcenter We\u2019re here with the guidance you need to bring your idea to life. Account Last Updated: November 24, 2025 Domains Last Updated: November 3, 2025 Migrating Last Updated: November 24, 2025 Webhosting Last Updated: November 24, 2025 Website Design Service Last Updated: October 6, 2025","og_url":"https:\/\/disoh.com\/es\/soporte\/","og_site_name":"Disoh","article_publisher":"https:\/\/www.facebook.com\/disohhosting","article_modified_time":"2026-04-15T16:56:35+00:00","og_image":[{"width":1536,"height":1024,"url":"https:\/\/disoh.com\/wp-content\/uploads\/2025\/07\/disoh_about.webp","type":"image\/webp"}],"twitter_card":"summary_large_image","twitter_misc":{"Tiempo de lectura":"1 minuto"},"schema":{"@context":"https:\/\/schema.org","@graph":[{"@type":"WebPage","@id":"https:\/\/disoh.com\/support\/","url":"https:\/\/disoh.com\/support\/","name":"Apoyo - Disoh","isPartOf":{"@id":"https:\/\/disoh.com\/#website"},"datePublished":"2025-09-16T08:46:35+00:00","dateModified":"2026-04-15T16:56:35+00:00","breadcrumb":{"@id":"https:\/\/disoh.com\/support\/#breadcrumb"},"inLanguage":"es","potentialAction":[{"@type":"ReadAction","target":["https:\/\/disoh.com\/support\/"]}]},{"@type":"BreadcrumbList","@id":"https:\/\/disoh.com\/support\/#breadcrumb","itemListElement":[{"@type":"ListItem","position":1,"name":"Home","item":"https:\/\/disoh.com\/"},{"@type":"ListItem","position":2,"name":"Support"}]},{"@type":"WebSite","@id":"https:\/\/disoh.com\/#website","url":"https:\/\/disoh.com\/","name":"Disoh","description":"Soluciones digitales Hosting","publisher":{"@id":"https:\/\/disoh.com\/#organization"},"potentialAction":[{"@type":"SearchAction","target":{"@type":"EntryPoint","urlTemplate":"https:\/\/disoh.com\/?s={search_term_string}"},"query-input":{"@type":"PropertyValueSpecification","valueRequired":true,"valueName":"search_term_string"}}],"inLanguage":"es"},{"@type":"Organization","@id":"https:\/\/disoh.com\/#organization","name":"Disoh LLC","url":"https:\/\/disoh.com\/","logo":{"@type":"ImageObject","inLanguage":"es","@id":"https:\/\/disoh.com\/#\/schema\/logo\/image\/","url":"https:\/\/disoh.com\/wp-content\/uploads\/2025\/06\/favicon_1.svg","contentUrl":"https:\/\/disoh.com\/wp-content\/uploads\/2025\/06\/favicon_1.svg","width":615,"height":615,"caption":"Disoh LLC"},"image":{"@id":"https:\/\/disoh.com\/#\/schema\/logo\/image\/"},"sameAs":["https:\/\/www.facebook.com\/disohhosting"]}]}},"_links":{"self":[{"href":"https:\/\/disoh.com\/es\/wp-json\/wp\/v2\/pages\/1416","targetHints":{"allow":["GET"]}}],"collection":[{"href":"https:\/\/disoh.com\/es\/wp-json\/wp\/v2\/pages"}],"about":[{"href":"https:\/\/disoh.com\/es\/wp-json\/wp\/v2\/types\/page"}],"author":[{"embeddable":true,"href":"https:\/\/disoh.com\/es\/wp-json\/wp\/v2\/users\/1"}],"replies":[{"embeddable":true,"href":"https:\/\/disoh.com\/es\/wp-json\/wp\/v2\/comments?post=1416"}],"version-history":[{"count":52,"href":"https:\/\/disoh.com\/es\/wp-json\/wp\/v2\/pages\/1416\/revisions"}],"predecessor-version":[{"id":3588,"href":"https:\/\/disoh.com\/es\/wp-json\/wp\/v2\/pages\/1416\/revisions\/3588"}],"wp:attachment":[{"href":"https:\/\/disoh.com\/es\/wp-json\/wp\/v2\/media?parent=1416"}],"curies":[{"name":"wp","href":"https:\/\/api.w.org\/{rel}","templated":true}]}}