{"id":560,"date":"2025-07-29T09:53:39","date_gmt":"2025-07-29T09:53:39","guid":{"rendered":"https:\/\/disoh.com\/?page_id=560"},"modified":"2026-04-15T14:54:48","modified_gmt":"2026-04-15T14:54:48","slug":"uber-disoh","status":"publish","type":"page","link":"https:\/\/disoh.com\/de\/about-disoh\/","title":{"rendered":"\u00dcber Disoh"},"content":{"rendered":"<div data-elementor-type=\"wp-page\" data-elementor-id=\"560\" class=\"elementor elementor-560\" data-elementor-post-type=\"page\">\n\t\t\t\t<div class=\"elementor-element elementor-element-18e7fdf e-transform e-transform e-flex e-con-boxed e-con e-parent\" data-id=\"18e7fdf\" data-element_type=\"container\" data-e-type=\"container\" data-settings=\"{&quot;background_background&quot;:&quot;classic&quot;,&quot;_transform_rotateZ_effect&quot;:{&quot;unit&quot;:&quot;px&quot;,&quot;size&quot;:-1,&quot;sizes&quot;:[]},&quot;_transform_scale_effect&quot;:{&quot;unit&quot;:&quot;px&quot;,&quot;size&quot;:1.1,&quot;sizes&quot;:[]},&quot;_transform_rotateZ_effect_tablet&quot;:{&quot;unit&quot;:&quot;deg&quot;,&quot;size&quot;:&quot;&quot;,&quot;sizes&quot;:[]},&quot;_transform_rotateZ_effect_mobile&quot;:{&quot;unit&quot;:&quot;deg&quot;,&quot;size&quot;:&quot;&quot;,&quot;sizes&quot;:[]},&quot;_transform_scale_effect_tablet&quot;:{&quot;unit&quot;:&quot;px&quot;,&quot;size&quot;:&quot;&quot;,&quot;sizes&quot;:[]},&quot;_transform_scale_effect_mobile&quot;:{&quot;unit&quot;:&quot;px&quot;,&quot;size&quot;:&quot;&quot;,&quot;sizes&quot;:[]}}\">\n\t\t\t\t\t<div class=\"e-con-inner\">\n\t\t\t\t\t<\/div>\n\t\t\t\t<\/div>\n\t\t<div class=\"elementor-element elementor-element-e602e73 e-flex e-con-boxed e-con e-parent\" data-id=\"e602e73\" data-element_type=\"container\" data-e-type=\"container\">\n\t\t\t\t\t<div class=\"e-con-inner\">\n\t\t<div class=\"elementor-element elementor-element-d6c7dd3 e-flex e-con-boxed e-con e-child\" data-id=\"d6c7dd3\" data-element_type=\"container\" data-e-type=\"container\" data-settings=\"{&quot;background_background&quot;:&quot;gradient&quot;}\">\n\t\t\t\t\t<div class=\"e-con-inner\">\n\t\t\t\t<div class=\"elementor-element elementor-element-0077e66 elementor-widget elementor-widget-heading\" data-id=\"0077e66\" data-element_type=\"widget\" data-e-type=\"widget\" data-widget_type=\"heading.default\">\n\t\t\t\t\t<h2 class=\"elementor-heading-title elementor-size-default\">\u00dcber Disoh<\/h2>\t\t\t\t<\/div>\n\t\t\t\t<div class=\"elementor-element elementor-element-d80edc1 elementor-widget elementor-widget-text-editor\" data-id=\"d80edc1\" data-element_type=\"widget\" data-e-type=\"widget\" data-widget_type=\"text-editor.default\">\n\t\t\t\t\t\t\t\t\t<p class=\"subtitle mt-20 mb-20 mb-30-md text-h-dark fw-600 fs-14 fs-16-md fs-18-xxl w-100 w-65-md w-35-lg w-40-xxl mx-auto\">Sie leiten Ihr Unternehmen. Wir k\u00fcmmern uns um Ihre Online-Pr\u00e4senz.<\/p>\t\t\t\t\t\t\t\t<\/div>\n\t\t\t\t\t<\/div>\n\t\t\t\t<\/div>\n\t\t\t\t\t<\/div>\n\t\t\t\t<\/div>\n\t\t<div class=\"elementor-element elementor-element-9db1ad4 e-flex e-con-boxed e-con e-parent\" data-id=\"9db1ad4\" data-element_type=\"container\" data-e-type=\"container\">\n\t\t\t\t\t<div class=\"e-con-inner\">\n\t\t<div class=\"elementor-element elementor-element-1840a4c e-con-full e-flex e-con e-child\" data-id=\"1840a4c\" data-element_type=\"container\" data-e-type=\"container\">\n\t\t\t\t<div class=\"elementor-element elementor-element-ccfd246 elementor-widget elementor-widget-text-editor\" data-id=\"ccfd246\" data-element_type=\"widget\" data-e-type=\"widget\" data-widget_type=\"text-editor.default\">\n\t\t\t\t\t\t\t\t\t<p><b>Disoh wurde f\u00fcr Unternehmer entwickelt, die schnell online gehen wollen - ohne auf Qualit\u00e4t oder Kontrolle zu verzichten. Kein \u00c4rger. Kein verwirrendes Kleingedrucktes. Nur ein menschlicher Ansatz, der Ihre Ziele in den Mittelpunkt stellt.<\/b><\/p><p><strong style=\"color: inherit; font-family: Overpass, sans-serif; font-size: 1.5rem;\">\u00a0<\/strong><\/p><p><strong style=\"color: inherit; font-family: Overpass, sans-serif; font-size: 1.5rem;\">Wahrhaftig unabh\u00e4ngig<\/strong><\/p><p>Wir werden nicht von gro\u00dfen Investoren unterst\u00fctzt. Wir sind nicht an gro\u00dfe Hosting-Unternehmen gebunden. Wir sind nicht im Besitz eines Unternehmens, das mit Prozessen oder Aktion\u00e4rsinteressen jongliert.<\/p><p><i>Disoh ist v\u00f6llig unabh\u00e4ngig und von Grund auf so aufgebaut, dass es echten Menschen dient und nicht den Bilanzen.<\/i><\/p><p>W\u00e4hrend sich Plattformen wie WP Engine oder WordPress.com in unternehmerischer und rechtlicher Komplexit\u00e4t verfangen, konzentrieren wir uns auf eine Sache: eine saubere, ehrliche L\u00f6sung zu liefern, die f\u00fcr Sie funktioniert.<\/p><h4><strong>Menschliche Unterst\u00fctzung, keine Unternehmensskripte<\/strong><\/h4><p>Wir sind kein gesichtsloser Technologieriese. Wenn Sie sich an Disoh wenden, sprechen Sie mit echten Menschen, die verstehen, was Sie aufbauen wollen. Keine endlosen Tickets. Keine frustrierenden Chats. Nur ehrliche Unterst\u00fctzung von Menschen, die sich k\u00fcmmern.<\/p><h4><strong>Kein L\u00e4rm. Kein Unsinn. Nur Ergebnisse.<\/strong><\/h4><p>Wir glauben an Klarheit. Was wir anbieten, ist einfach, leistungsstark und darauf ausgerichtet, Ihnen zum Erfolg zu verhelfen - ohne Ablenkungen oder technische Kopfschmerzen. Sie brauchen kein Entwickler zu sein oder sich stundenlang mit allem auseinanderzusetzen. Wir stellen Ihnen die Werkzeuge und Anleitungen zur Verf\u00fcgung, mit denen Sie selbstbewusst starten k\u00f6nnen.<\/p><h4><strong>Unsere Software-Partner<\/strong><\/h4><p>Durch die Zusammenarbeit mit f\u00fchrenden Softwareanbietern im Hosting-Bereich k\u00f6nnen wir erstklassige Tools in unsere Angebote aufnehmen und gleichzeitig unsere Preise erschwinglich halten. Diese Partnerschaften erm\u00f6glichen es uns au\u00dferdem, exklusive L\u00f6sungen und Funktionen anzubieten, die nur bei Disoh erh\u00e4ltlich sind.<\/p>\t\t\t\t\t\t\t\t<\/div>\n\t\t<div class=\"elementor-element elementor-element-fd30a82 e-con-full e-flex e-con e-child\" data-id=\"fd30a82\" data-element_type=\"container\" data-e-type=\"container\" data-settings=\"{&quot;background_background&quot;:&quot;gradient&quot;}\">\n\t\t\t\t<div class=\"elementor-element elementor-element-30fc280 elementor-widget elementor-widget-image\" data-id=\"30fc280\" data-element_type=\"widget\" data-e-type=\"widget\" data-widget_type=\"image.default\">\n\t\t\t\t\t\t\t\t\t\t\t\t\t\t\t<img decoding=\"async\" width=\"197\" height=\"46\" src=\"https:\/\/disoh.com\/wp-content\/uploads\/2025\/08\/cloudlinux.svg\" class=\"attachment-large size-large wp-image-732\" alt=\"\" \/>\t\t\t\t\t\t\t\t\t\t\t\t\t\t\t<\/div>\n\t\t\t\t<div class=\"elementor-element elementor-element-5e948b5 elementor-widget elementor-widget-image\" data-id=\"5e948b5\" data-element_type=\"widget\" data-e-type=\"widget\" data-widget_type=\"image.default\">\n\t\t\t\t\t\t\t\t\t\t\t\t\t\t\t<img decoding=\"async\" width=\"150\" height=\"50\" src=\"https:\/\/disoh.com\/wp-content\/uploads\/2025\/08\/softaculous.svg\" class=\"attachment-large size-large wp-image-733\" alt=\"\" \/>\t\t\t\t\t\t\t\t\t\t\t\t\t\t\t<\/div>\n\t\t\t\t<div class=\"elementor-element elementor-element-fd42136 elementor-widget elementor-widget-image\" data-id=\"fd42136\" data-element_type=\"widget\" data-e-type=\"widget\" data-widget_type=\"image.default\">\n\t\t\t\t\t\t\t\t\t\t\t\t\t\t\t<img fetchpriority=\"high\" decoding=\"async\" width=\"800\" height=\"200\" src=\"https:\/\/disoh.com\/wp-content\/uploads\/2025\/08\/litespeed.svg\" class=\"attachment-large size-large wp-image-734\" alt=\"\" \/>\t\t\t\t\t\t\t\t\t\t\t\t\t\t\t<\/div>\n\t\t\t\t<div class=\"elementor-element elementor-element-342380d elementor-widget elementor-widget-image\" data-id=\"342380d\" data-element_type=\"widget\" data-e-type=\"widget\" data-widget_type=\"image.default\">\n\t\t\t\t\t\t\t\t\t\t\t\t\t\t\t<img loading=\"lazy\" decoding=\"async\" width=\"465\" height=\"102\" src=\"https:\/\/disoh.com\/wp-content\/uploads\/2025\/08\/white_directadmin.svg\" class=\"attachment-large size-large wp-image-735\" alt=\"\" \/>\t\t\t\t\t\t\t\t\t\t\t\t\t\t\t<\/div>\n\t\t\t\t<div class=\"elementor-element elementor-element-673748a elementor-widget elementor-widget-image\" data-id=\"673748a\" data-element_type=\"widget\" data-e-type=\"widget\" data-widget_type=\"image.default\">\n\t\t\t\t\t\t\t\t\t\t\t\t\t\t\t<img loading=\"lazy\" decoding=\"async\" width=\"800\" height=\"169\" src=\"https:\/\/disoh.com\/wp-content\/uploads\/2025\/08\/cPanel_white.svg\" class=\"attachment-large size-large wp-image-736\" alt=\"\" \/>\t\t\t\t\t\t\t\t\t\t\t\t\t\t\t<\/div>\n\t\t\t\t<div class=\"elementor-element elementor-element-276141f elementor-widget elementor-widget-image\" data-id=\"276141f\" data-element_type=\"widget\" data-e-type=\"widget\" data-widget_type=\"image.default\">\n\t\t\t\t\t\t\t\t\t\t\t\t\t\t\t<img loading=\"lazy\" decoding=\"async\" width=\"800\" height=\"195\" src=\"https:\/\/disoh.com\/wp-content\/uploads\/2025\/08\/sectigo.svg\" class=\"attachment-large size-large wp-image-737\" alt=\"\" \/>\t\t\t\t\t\t\t\t\t\t\t\t\t\t\t<\/div>\n\t\t\t\t<\/div>\n\t\t\t\t<\/div>\n\t\t<div class=\"elementor-element elementor-element-ee05058 e-con-full e-flex e-con e-child\" data-id=\"ee05058\" data-element_type=\"container\" data-e-type=\"container\">\n\t\t<div class=\"elementor-element elementor-element-a2c5248 e-con-full e-flex e-con e-child\" data-id=\"a2c5248\" data-element_type=\"container\" data-e-type=\"container\" data-settings=\"{&quot;background_background&quot;:&quot;gradient&quot;}\">\n\t\t\t\t<div class=\"elementor-element elementor-element-05286f5 elementor-widget elementor-widget-heading\" data-id=\"05286f5\" data-element_type=\"widget\" data-e-type=\"widget\" data-widget_type=\"heading.default\">\n\t\t\t\t\t<h3 class=\"elementor-heading-title elementor-size-default\">Details zum Unternehmen<\/h3>\t\t\t\t<\/div>\n\t\t\t\t<div class=\"elementor-element elementor-element-1f53562 elementor-widget elementor-widget-text-editor\" data-id=\"1f53562\" data-element_type=\"widget\" data-e-type=\"widget\" data-widget_type=\"text-editor.default\">\n\t\t\t\t\t\t\t\t\t<p><strong>Disoh LLC<\/strong><br \/>30 N Gould St STE R <br \/>Sheridan, WY 82801 <br \/>Vereinigte Staaten<\/p>\t\t\t\t\t\t\t\t<\/div>\n\t\t\t\t<\/div>\n\t\t<div class=\"elementor-element elementor-element-9be2704 e-con-full e-flex e-con e-child\" data-id=\"9be2704\" data-element_type=\"container\" data-e-type=\"container\" data-settings=\"{&quot;background_background&quot;:&quot;classic&quot;}\">\n\t\t\t\t<div class=\"elementor-element elementor-element-32e96a5 elementor-widget elementor-widget-heading\" data-id=\"32e96a5\" data-element_type=\"widget\" data-e-type=\"widget\" data-widget_type=\"heading.default\">\n\t\t\t\t\t<h3 class=\"elementor-heading-title elementor-size-default\">Zahlungsarten<\/h3>\t\t\t\t<\/div>\n\t\t\t\t<div class=\"elementor-element elementor-element-70a367b elementor-widget elementor-widget-text-editor\" data-id=\"70a367b\" data-element_type=\"widget\" data-e-type=\"widget\" data-widget_type=\"text-editor.default\">\n\t\t\t\t\t\t\t\t\t<ul><li>Kreditkarte \/ Lastschrift<\/li><li>Bancontact<\/li><li>Bank\u00fcberweisung<\/li><li>Belfius<\/li><li>iDEAL<\/li><li><div class=\"check-content\">KBC\/CBC<\/div><\/li><li><div class=\"check-content\">EPS<\/div><\/li><li>Przelewy24<\/li><\/ul>\t\t\t\t\t\t\t\t<\/div>\n\t\t\t\t<\/div>\n\t\t<div class=\"elementor-element elementor-element-b8e34c4 e-con-full e-flex e-con e-child\" data-id=\"b8e34c4\" data-element_type=\"container\" data-e-type=\"container\" data-settings=\"{&quot;background_background&quot;:&quot;classic&quot;}\">\n\t\t\t\t<div class=\"elementor-element elementor-element-45bf31c elementor-widget elementor-widget-heading\" data-id=\"45bf31c\" data-element_type=\"widget\" data-e-type=\"widget\" data-widget_type=\"heading.default\">\n\t\t\t\t\t<h3 class=\"elementor-heading-title elementor-size-default\">Standorte der Rechenzentren<\/h3>\t\t\t\t<\/div>\n\t\t\t\t<div class=\"elementor-element elementor-element-c439367 elementor-widget elementor-widget-text-editor\" data-id=\"c439367\" data-element_type=\"widget\" data-e-type=\"widget\" data-widget_type=\"text-editor.default\">\n\t\t\t\t\t\t\t\t\t<ul><li>New York (USA)<\/li><li>Ashburn (USA)<\/li><li>Hillsboro (USA)<\/li><li>Niederlande (Europa)<\/li><li>Deutschland (Europa)<\/li><li>Luxemburg (Europa)<\/li><\/ul>\t\t\t\t\t\t\t\t<\/div>\n\t\t\t\t<\/div>\n\t\t<div class=\"elementor-element elementor-element-bd8e0bb e-con-full e-flex e-con e-child\" data-id=\"bd8e0bb\" data-element_type=\"container\" data-e-type=\"container\" data-settings=\"{&quot;background_background&quot;:&quot;classic&quot;}\">\n\t\t\t\t<div class=\"elementor-element elementor-element-e308542 elementor-widget elementor-widget-heading\" data-id=\"e308542\" data-element_type=\"widget\" data-e-type=\"widget\" data-widget_type=\"heading.default\">\n\t\t\t\t\t<h3 class=\"elementor-heading-title elementor-size-default\">Software-Partner<\/h3>\t\t\t\t<\/div>\n\t\t\t\t<div class=\"elementor-element elementor-element-6aa22a6 elementor-widget elementor-widget-text-editor\" data-id=\"6aa22a6\" data-element_type=\"widget\" data-e-type=\"widget\" data-widget_type=\"text-editor.default\">\n\t\t\t\t\t\t\t\t\t<ul><li>CloudFlare Hosting-Partner<\/li><li>cPanel-Partner<\/li><li>CloudLinux<\/li><li>LiteSpeed<\/li><li>Softaculous<\/li><li>JetBackup<\/li><\/ul>\t\t\t\t\t\t\t\t<\/div>\n\t\t\t\t<\/div>\n\t\t\t\t<\/div>\n\t\t\t\t\t<\/div>\n\t\t\t\t<\/div>\n\t\t\t\t<\/div>","protected":false},"excerpt":{"rendered":"<p>About Disoh You run your business. We\u2019ll handle your online presence. Disoh is built for entrepreneurs who want to get online quickly \u2014 without sacrificing quality or control. No hassle. No confusing fine print. Just a human-first approach that puts your goals at the center. \u00a0 Truly Independent We\u2019re not backed by big investors. We\u2019re [&hellip;]<\/p>\n","protected":false},"author":1,"featured_media":0,"parent":0,"menu_order":0,"comment_status":"closed","ping_status":"closed","template":"","meta":{"footnotes":""},"class_list":["post-560","page","type-page","status-publish","hentry"],"yoast_head":"<!-- This site is optimized with the Yoast SEO plugin v27.4 - https:\/\/yoast.com\/product\/yoast-seo-wordpress\/ -->\n<title>About Disoh &#8211; Disoh<\/title>\n<meta name=\"robots\" content=\"index, follow, max-snippet:-1, max-image-preview:large, max-video-preview:-1\" \/>\n<link rel=\"canonical\" href=\"https:\/\/disoh.com\/de\/uber-disoh\/\" \/>\n<meta property=\"og:locale\" content=\"de_DE\" \/>\n<meta property=\"og:type\" content=\"article\" \/>\n<meta property=\"og:title\" content=\"About Disoh &#8211; Disoh\" \/>\n<meta property=\"og:description\" content=\"About Disoh You run your business. We\u2019ll handle your online presence. Disoh is built for entrepreneurs who want to get online quickly \u2014 without sacrificing quality or control. No hassle. No confusing fine print. Just a human-first approach that puts your goals at the center. \u00a0 Truly Independent We\u2019re not backed by big investors. We\u2019re [&hellip;]\" \/>\n<meta property=\"og:url\" content=\"https:\/\/disoh.com\/de\/uber-disoh\/\" \/>\n<meta property=\"og:site_name\" content=\"Disoh\" \/>\n<meta property=\"article:publisher\" content=\"https:\/\/www.facebook.com\/disohhosting\" \/>\n<meta property=\"article:modified_time\" content=\"2026-04-15T14:54:48+00:00\" \/>\n<meta property=\"og:image\" content=\"https:\/\/disoh.com\/wp-content\/uploads\/2025\/07\/disoh_about.webp\" \/>\n\t<meta property=\"og:image:width\" content=\"1536\" \/>\n\t<meta property=\"og:image:height\" content=\"1024\" \/>\n\t<meta property=\"og:image:type\" content=\"image\/webp\" \/>\n<meta name=\"twitter:card\" content=\"summary_large_image\" \/>\n<meta name=\"twitter:label1\" content=\"Gesch\u00e4tzte Lesezeit\" \/>\n\t<meta name=\"twitter:data1\" content=\"2\u00a0Minuten\" \/>\n<script type=\"application\/ld+json\" class=\"yoast-schema-graph\">{\"@context\":\"https:\\\/\\\/schema.org\",\"@graph\":[{\"@type\":\"WebPage\",\"@id\":\"https:\\\/\\\/disoh.com\\\/about-disoh\\\/\",\"url\":\"https:\\\/\\\/disoh.com\\\/about-disoh\\\/\",\"name\":\"About Disoh &#8211; Disoh\",\"isPartOf\":{\"@id\":\"https:\\\/\\\/disoh.com\\\/#website\"},\"primaryImageOfPage\":{\"@id\":\"https:\\\/\\\/disoh.com\\\/about-disoh\\\/#primaryimage\"},\"image\":{\"@id\":\"https:\\\/\\\/disoh.com\\\/about-disoh\\\/#primaryimage\"},\"thumbnailUrl\":\"https:\\\/\\\/disoh.com\\\/wp-content\\\/uploads\\\/2025\\\/08\\\/cloudlinux.svg\",\"datePublished\":\"2025-07-29T09:53:39+00:00\",\"dateModified\":\"2026-04-15T14:54:48+00:00\",\"breadcrumb\":{\"@id\":\"https:\\\/\\\/disoh.com\\\/about-disoh\\\/#breadcrumb\"},\"inLanguage\":\"de\",\"potentialAction\":[{\"@type\":\"ReadAction\",\"target\":[\"https:\\\/\\\/disoh.com\\\/about-disoh\\\/\"]}]},{\"@type\":\"ImageObject\",\"inLanguage\":\"de\",\"@id\":\"https:\\\/\\\/disoh.com\\\/about-disoh\\\/#primaryimage\",\"url\":\"https:\\\/\\\/disoh.com\\\/wp-content\\\/uploads\\\/2025\\\/08\\\/cloudlinux.svg\",\"contentUrl\":\"https:\\\/\\\/disoh.com\\\/wp-content\\\/uploads\\\/2025\\\/08\\\/cloudlinux.svg\"},{\"@type\":\"BreadcrumbList\",\"@id\":\"https:\\\/\\\/disoh.com\\\/about-disoh\\\/#breadcrumb\",\"itemListElement\":[{\"@type\":\"ListItem\",\"position\":1,\"name\":\"Home\",\"item\":\"https:\\\/\\\/disoh.com\\\/\"},{\"@type\":\"ListItem\",\"position\":2,\"name\":\"About Disoh\"}]},{\"@type\":\"WebSite\",\"@id\":\"https:\\\/\\\/disoh.com\\\/#website\",\"url\":\"https:\\\/\\\/disoh.com\\\/\",\"name\":\"Disoh\",\"description\":\"Digital Solutions Hosting\",\"publisher\":{\"@id\":\"https:\\\/\\\/disoh.com\\\/#organization\"},\"potentialAction\":[{\"@type\":\"SearchAction\",\"target\":{\"@type\":\"EntryPoint\",\"urlTemplate\":\"https:\\\/\\\/disoh.com\\\/?s={search_term_string}\"},\"query-input\":{\"@type\":\"PropertyValueSpecification\",\"valueRequired\":true,\"valueName\":\"search_term_string\"}}],\"inLanguage\":\"de\"},{\"@type\":\"Organization\",\"@id\":\"https:\\\/\\\/disoh.com\\\/#organization\",\"name\":\"Disoh LLC\",\"url\":\"https:\\\/\\\/disoh.com\\\/\",\"logo\":{\"@type\":\"ImageObject\",\"inLanguage\":\"de\",\"@id\":\"https:\\\/\\\/disoh.com\\\/#\\\/schema\\\/logo\\\/image\\\/\",\"url\":\"https:\\\/\\\/disoh.com\\\/wp-content\\\/uploads\\\/2025\\\/06\\\/favicon_1.svg\",\"contentUrl\":\"https:\\\/\\\/disoh.com\\\/wp-content\\\/uploads\\\/2025\\\/06\\\/favicon_1.svg\",\"width\":615,\"height\":615,\"caption\":\"Disoh LLC\"},\"image\":{\"@id\":\"https:\\\/\\\/disoh.com\\\/#\\\/schema\\\/logo\\\/image\\\/\"},\"sameAs\":[\"https:\\\/\\\/www.facebook.com\\\/disohhosting\"]}]}<\/script>\n<!-- \/ Yoast SEO plugin. -->","yoast_head_json":{"title":"\u00dcber Disoh - Disoh","robots":{"index":"index","follow":"follow","max-snippet":"max-snippet:-1","max-image-preview":"max-image-preview:large","max-video-preview":"max-video-preview:-1"},"canonical":"https:\/\/disoh.com\/de\/uber-disoh\/","og_locale":"de_DE","og_type":"article","og_title":"About Disoh &#8211; Disoh","og_description":"About Disoh You run your business. We\u2019ll handle your online presence. Disoh is built for entrepreneurs who want to get online quickly \u2014 without sacrificing quality or control. No hassle. No confusing fine print. Just a human-first approach that puts your goals at the center. \u00a0 Truly Independent We\u2019re not backed by big investors. We\u2019re [&hellip;]","og_url":"https:\/\/disoh.com\/de\/uber-disoh\/","og_site_name":"Disoh","article_publisher":"https:\/\/www.facebook.com\/disohhosting","article_modified_time":"2026-04-15T14:54:48+00:00","og_image":[{"width":1536,"height":1024,"url":"https:\/\/disoh.com\/wp-content\/uploads\/2025\/07\/disoh_about.webp","type":"image\/webp"}],"twitter_card":"summary_large_image","twitter_misc":{"Gesch\u00e4tzte Lesezeit":"2\u00a0Minuten"},"schema":{"@context":"https:\/\/schema.org","@graph":[{"@type":"WebPage","@id":"https:\/\/disoh.com\/about-disoh\/","url":"https:\/\/disoh.com\/about-disoh\/","name":"\u00dcber Disoh - Disoh","isPartOf":{"@id":"https:\/\/disoh.com\/#website"},"primaryImageOfPage":{"@id":"https:\/\/disoh.com\/about-disoh\/#primaryimage"},"image":{"@id":"https:\/\/disoh.com\/about-disoh\/#primaryimage"},"thumbnailUrl":"https:\/\/disoh.com\/wp-content\/uploads\/2025\/08\/cloudlinux.svg","datePublished":"2025-07-29T09:53:39+00:00","dateModified":"2026-04-15T14:54:48+00:00","breadcrumb":{"@id":"https:\/\/disoh.com\/about-disoh\/#breadcrumb"},"inLanguage":"de","potentialAction":[{"@type":"ReadAction","target":["https:\/\/disoh.com\/about-disoh\/"]}]},{"@type":"ImageObject","inLanguage":"de","@id":"https:\/\/disoh.com\/about-disoh\/#primaryimage","url":"https:\/\/disoh.com\/wp-content\/uploads\/2025\/08\/cloudlinux.svg","contentUrl":"https:\/\/disoh.com\/wp-content\/uploads\/2025\/08\/cloudlinux.svg"},{"@type":"BreadcrumbList","@id":"https:\/\/disoh.com\/about-disoh\/#breadcrumb","itemListElement":[{"@type":"ListItem","position":1,"name":"Home","item":"https:\/\/disoh.com\/"},{"@type":"ListItem","position":2,"name":"About Disoh"}]},{"@type":"WebSite","@id":"https:\/\/disoh.com\/#website","url":"https:\/\/disoh.com\/","name":"Disoh","description":"Digitale L\u00f6sungen Hosting","publisher":{"@id":"https:\/\/disoh.com\/#organization"},"potentialAction":[{"@type":"SearchAction","target":{"@type":"EntryPoint","urlTemplate":"https:\/\/disoh.com\/?s={search_term_string}"},"query-input":{"@type":"PropertyValueSpecification","valueRequired":true,"valueName":"search_term_string"}}],"inLanguage":"de"},{"@type":"Organization","@id":"https:\/\/disoh.com\/#organization","name":"Disoh LLC","url":"https:\/\/disoh.com\/","logo":{"@type":"ImageObject","inLanguage":"de","@id":"https:\/\/disoh.com\/#\/schema\/logo\/image\/","url":"https:\/\/disoh.com\/wp-content\/uploads\/2025\/06\/favicon_1.svg","contentUrl":"https:\/\/disoh.com\/wp-content\/uploads\/2025\/06\/favicon_1.svg","width":615,"height":615,"caption":"Disoh LLC"},"image":{"@id":"https:\/\/disoh.com\/#\/schema\/logo\/image\/"},"sameAs":["https:\/\/www.facebook.com\/disohhosting"]}]}},"_links":{"self":[{"href":"https:\/\/disoh.com\/de\/wp-json\/wp\/v2\/pages\/560","targetHints":{"allow":["GET"]}}],"collection":[{"href":"https:\/\/disoh.com\/de\/wp-json\/wp\/v2\/pages"}],"about":[{"href":"https:\/\/disoh.com\/de\/wp-json\/wp\/v2\/types\/page"}],"author":[{"embeddable":true,"href":"https:\/\/disoh.com\/de\/wp-json\/wp\/v2\/users\/1"}],"replies":[{"embeddable":true,"href":"https:\/\/disoh.com\/de\/wp-json\/wp\/v2\/comments?post=560"}],"version-history":[{"count":61,"href":"https:\/\/disoh.com\/de\/wp-json\/wp\/v2\/pages\/560\/revisions"}],"predecessor-version":[{"id":3541,"href":"https:\/\/disoh.com\/de\/wp-json\/wp\/v2\/pages\/560\/revisions\/3541"}],"wp:attachment":[{"href":"https:\/\/disoh.com\/de\/wp-json\/wp\/v2\/media?parent=560"}],"curies":[{"name":"wp","href":"https:\/\/api.w.org\/{rel}","templated":true}]}}