{"id":2557,"date":"2025-10-27T16:10:13","date_gmt":"2025-10-27T16:10:13","guid":{"rendered":"https:\/\/disoh.com\/?page_id=2557"},"modified":"2025-10-27T22:40:13","modified_gmt":"2025-10-27T22:40:13","slug":"datenschutzbestimmungen","status":"publish","type":"page","link":"https:\/\/disoh.com\/de\/privacy-policy\/","title":{"rendered":"Datenschutzbestimmungen"},"content":{"rendered":"<p>Willkommen bei <strong>Disoh<\/strong> (\u201cwir\u201d, \u201cuns\u201d, \u201cunser\u201d). Wir respektieren Ihre Privatsph\u00e4re und verpflichten uns, Ihre pers\u00f6nlichen Daten zu sch\u00fctzen. In dieser Datenschutzrichtlinie wird erl\u00e4utert, wie wir Ihre Daten erfassen, verwenden und sch\u00fctzen, wenn Sie unsere Website besuchen oder unsere Dienste nutzen.<\/p>\n\n\n\n<p>Disoh LLC ist ans\u00e4ssig in <strong>Wyoming, Vereinigte Staaten<\/strong>, und betreibt Server in <strong>sowohl in den Vereinigten Staaten als auch in Europa<\/strong> um unseren Nutzern weltweit ein sicheres und leistungsstarkes Hosting zu bieten. Obwohl wir ein Unternehmen mit Sitz in den USA sind, halten wir uns an die <strong>strenge europ\u00e4ische Datenschutzstandards<\/strong>, einschlie\u00dflich der Grunds\u00e4tze der <strong>Allgemeine Datenschutzverordnung (GDPR)<\/strong>.<\/p>\n\n\n\n<p>Unser Ziel ist einfach: <strong>transparent, verantwortungsbewusst und respektvoll zu sein<\/strong> wie wir mit Ihren Daten umgehen.<\/p>\n\n\n\n<hr class=\"wp-block-separator has-alpha-channel-opacity\"\/>\n\n\n\n<h2 class=\"wp-block-heading\"><strong>2. Informationen, die wir sammeln<\/strong><\/h2>\n\n\n\n<p>Wir sammeln Informationen, um unsere Dienste bereitzustellen, zu verbessern und zu sichern. Dies beinhaltet:<\/p>\n\n\n\n<h3 class=\"wp-block-heading\"><strong>2.1. Informationen, die Sie bereitstellen<\/strong><\/h3>\n\n\n\n<ul class=\"wp-block-list\">\n<li><strong>Informationen zum Konto:<\/strong> Wenn Sie sich registrieren oder einen Kauf t\u00e4tigen, erfassen wir Ihren Namen, Ihre E-Mail-Adresse, Ihre Rechnungsadresse, Ihre Zahlungsdaten und Ihre Anmeldedaten.<\/li>\n\n\n\n<li><strong>Kommunikation:<\/strong> Alle Informationen, die Sie \u00fcber Support-Tickets, E-Mails oder Formulare auf unserer Website senden.<\/li>\n\n\n\n<li><strong>Inhalt der Website:<\/strong> Wenn Sie eine Website bei uns hosten, k\u00f6nnen wir die mit Ihrem Konto verbundenen Inhalte und Daten auf unseren Servern speichern.<\/li>\n<\/ul>\n\n\n\n<h3 class=\"wp-block-heading\"><strong>2.2. Automatisch gesammelte Informationen<\/strong><\/h3>\n\n\n\n<p>Wenn Sie unsere Website oder Hosting-Dienste nutzen, k\u00f6nnen wir automatisch Daten erfassen:<\/p>\n\n\n\n<ul class=\"wp-block-list\">\n<li>IP-Adresse und allgemeiner Standort (Land- oder Stadtebene)<\/li>\n\n\n\n<li>Browser-Typ und Ger\u00e4teinformationen<\/li>\n\n\n\n<li>Besuchte Seiten und durchgef\u00fchrte Aktionen auf unserer Website<\/li>\n\n\n\n<li>Serverprotokolle in Bezug auf Sicherheit und Leistung<\/li>\n<\/ul>\n\n\n\n<h3 class=\"wp-block-heading\"><strong>2.3. Informationen von Dritten<\/strong><\/h3>\n\n\n\n<p>Wir erhalten m\u00f6glicherweise begrenzte Informationen von:<\/p>\n\n\n\n<ul class=\"wp-block-list\">\n<li>Zahlungsanbieter (z. B. Stripe, PayPal)<\/li>\n\n\n\n<li>Dom\u00e4nenregistrierungsstellen oder SSL-Anbieter<\/li>\n\n\n\n<li>Sicherheits- oder Analysetools (z. B. Cloudflare)<\/li>\n<\/ul>\n\n\n\n<hr class=\"wp-block-separator has-alpha-channel-opacity\"\/>\n\n\n\n<h2 class=\"wp-block-heading\"><strong>3. Wie wir Ihre Informationen verwenden<\/strong><\/h2>\n\n\n\n<p>Wir verwenden Ihre Daten nur f\u00fcr legitime Gesch\u00e4ftszwecke, einschlie\u00dflich:<\/p>\n\n\n\n<ul class=\"wp-block-list\">\n<li>An <strong>Bereitstellung und Verwaltung<\/strong> unsere Hosting- und Website-Dienste<\/li>\n\n\n\n<li>An <strong>Zahlungen verarbeiten<\/strong> und Transaktionen zu \u00fcberpr\u00fcfen<\/li>\n\n\n\n<li>An <strong>kommunizieren<\/strong> mit Ihnen \u00fcber Ihr Konto, Support oder Updates<\/li>\n\n\n\n<li>An <strong>verbessern und sichern<\/strong> unsere Systeme und Kundenerfahrungen<\/li>\n\n\n\n<li>An <strong>gesetzlichen Verpflichtungen nachkommen<\/strong> (z. B. Betrugsbek\u00e4mpfung, Steuererkl\u00e4rungen)<\/li>\n<\/ul>\n\n\n\n<p>Wir verkaufen Ihre Daten nicht und geben sie nicht an Werbetreibende weiter.<\/p>\n\n\n\n<hr class=\"wp-block-separator has-alpha-channel-opacity\"\/>\n\n\n\n<h2 class=\"wp-block-heading\"><strong>4. Rechtsgrundlagen f\u00fcr die Verarbeitung (GDPR)<\/strong><\/h2>\n\n\n\n<p>Wenn Sie sich im Europ\u00e4ischen Wirtschaftsraum (EWR) befinden, verarbeiten wir Ihre personenbezogenen Daten auf einer oder mehreren der folgenden Rechtsgrundlagen:<\/p>\n\n\n\n<ul class=\"wp-block-list\">\n<li><strong>Erf\u00fcllung eines Vertrags:<\/strong> Zur Bereitstellung von Hosting- oder verwandten Dienstleistungen, die Sie bestellt haben.<\/li>\n\n\n\n<li><strong>Gesetzliche Verpflichtung:<\/strong> Einhaltung der geltenden Gesetze und Vorschriften.<\/li>\n\n\n\n<li><strong>Berechtigte Interessen:<\/strong> Zur Verbesserung unserer Systeme und zum Schutz vor Missbrauch.<\/li>\n\n\n\n<li><strong>Einverstanden:<\/strong> Wenn Sie ausdr\u00fccklich zugestimmt haben (z. B. bei Marketing-E-Mails).<\/li>\n<\/ul>\n\n\n\n<hr class=\"wp-block-separator has-alpha-channel-opacity\"\/>\n\n\n\n<h2 class=\"wp-block-heading\"><strong>5. Datenspeicherung und Speicherort<\/strong><\/h2>\n\n\n\n<p>Ihre Daten k\u00f6nnen auf Servern gespeichert werden, die sich in <strong>den Vereinigten Staaten oder der Europ\u00e4ischen Union<\/strong>.<br>Wir w\u00e4hlen den Standort nach den Kriterien Leistung, Redundanz und Einhaltung der gesetzlichen Bestimmungen.<\/p>\n\n\n\n<p>Unabh\u00e4ngig davon, wo es gespeichert ist, wenden wir die <strong>gleiche strenge Datenschutzstandards<\/strong> \u00fcberall.<\/p>\n\n\n\n<p>Alle Daten werden w\u00e4hrend der \u00dcbertragung verschl\u00fcsselt (HTTPS\/SSL) und gem\u00e4\u00df den besten Praktiken der Branche sicher verwaltet.<\/p>\n\n\n\n<hr class=\"wp-block-separator has-alpha-channel-opacity\"\/>\n\n\n\n<h2 class=\"wp-block-heading\"><strong>6. Vorratsdatenspeicherung<\/strong><\/h2>\n\n\n\n<p>Wir bewahren personenbezogene Daten nur so lange auf, wie es notwendig ist, um:<\/p>\n\n\n\n<ul class=\"wp-block-list\">\n<li>Erbringung unserer Dienstleistungen und Pflege Ihres Kontos<\/li>\n\n\n\n<li>Erf\u00fcllung gesetzlicher Verpflichtungen (z. B. Steuern, Rechnungen)<\/li>\n\n\n\n<li>Beilegung von Streitigkeiten oder Durchsetzung unserer Vereinbarungen<\/li>\n<\/ul>\n\n\n\n<p>Wenn die Daten nicht mehr ben\u00f6tigt werden, l\u00f6schen wir sie sicher oder anonymisieren sie.<\/p>\n\n\n\n<hr class=\"wp-block-separator has-alpha-channel-opacity\"\/>\n\n\n\n<h2 class=\"wp-block-heading\"><strong>7. Weitergabe von Informationen<\/strong><\/h2>\n\n\n\n<p>Wir geben Ihre Daten nur an vertrauensw\u00fcrdige Dritte weiter, die uns beim Betrieb unserer Dienste helfen, wie z. B.:<\/p>\n\n\n\n<ul class=\"wp-block-list\">\n<li><strong>Zahlungsabwickler<\/strong> (z. B. Stripe, PayPal)<\/li>\n\n\n\n<li><strong>Dom\u00e4nenregistrierungsstellen und SSL-Anbieter<\/strong><\/li>\n\n\n\n<li><strong>E-Mail-Zustelldienste<\/strong> (f\u00fcr Transaktions-E-Mails)<\/li>\n\n\n\n<li><strong>Rechenzentren und Infrastrukturpartner<\/strong><\/li>\n<\/ul>\n\n\n\n<p>Jeder Partner wird sorgf\u00e4ltig ausgew\u00e4hlt und vertraglich zur Einhaltung strenger Datenschutz- und Vertraulichkeitsanforderungen verpflichtet.<\/p>\n\n\n\n<p>Wir werden <strong>niemals verkaufen oder vermieten<\/strong> Ihre Daten an Vermarkter oder unbeteiligte Dritte weitergeben.<\/p>\n\n\n\n<hr class=\"wp-block-separator has-alpha-channel-opacity\"\/>\n\n\n\n<h2 class=\"wp-block-heading\"><strong>8. Cookies und Tracking<\/strong><\/h2>\n\n\n\n<p>Unsere Website verwendet Cookies und \u00e4hnliche Technologien, um:<\/p>\n\n\n\n<ul class=\"wp-block-list\">\n<li>Bleiben Sie eingeloggt<\/li>\n\n\n\n<li>Merken Sie sich Ihre Vorlieben<\/li>\n\n\n\n<li>Analysieren Sie den Verkehr und verbessern Sie die Leistung<\/li>\n<\/ul>\n\n\n\n<p>Sie k\u00f6nnen Cookies \u00fcber Ihre Browsereinstellungen steuern.<br>Einige Cookies sind f\u00fcr das korrekte Funktionieren der Website unerl\u00e4sslich.<\/p>\n\n\n\n<hr class=\"wp-block-separator has-alpha-channel-opacity\"\/>\n\n\n\n<h2 class=\"wp-block-heading\"><strong>9. Rechte der betroffenen Personen (GDPR)<\/strong><\/h2>\n\n\n\n<p>Wenn Sie sich im EWR befinden, haben Sie die folgenden Rechte in Bezug auf Ihre personenbezogenen Daten:<\/p>\n\n\n\n<ul class=\"wp-block-list\">\n<li><strong>Recht auf Zugang<\/strong> - Fordern Sie eine Kopie Ihrer Daten an.<\/li>\n\n\n\n<li><strong>Recht auf Berichtigung<\/strong> - Korrigieren Sie ungenaue Informationen.<\/li>\n\n\n\n<li><strong>Recht auf L\u00f6schung<\/strong> - Beantragen Sie die L\u00f6schung Ihrer Daten.<\/li>\n\n\n\n<li><strong>Recht auf Einschr\u00e4nkung<\/strong> - Begrenzen Sie die Verwendung Ihrer Daten.<\/li>\n\n\n\n<li><strong>Recht auf Daten\u00fcbertragbarkeit<\/strong> - Erhalten Sie Ihre Daten in einem strukturierten Format.<\/li>\n\n\n\n<li><strong>Recht auf Widerspruch<\/strong> - Widerspruch gegen die Verarbeitung auf der Grundlage berechtigter Interessen.<\/li>\n<\/ul>\n\n\n\n<p>Wenn Sie eines dieser Rechte aus\u00fcben m\u00f6chten, wenden Sie sich bitte an uns <strong><a>support@disoh.com<\/a><\/strong>.<br>M\u00f6glicherweise m\u00fcssen wir Ihre Identit\u00e4t \u00fcberpr\u00fcfen, bevor wir Ihre Anfrage bearbeiten k\u00f6nnen.<\/p>\n\n\n\n<hr class=\"wp-block-separator has-alpha-channel-opacity\"\/>\n\n\n\n<h2 class=\"wp-block-heading\"><strong>10. Sicherheit<\/strong><\/h2>\n\n\n\n<p>Wir nehmen Sicherheit ernst.<br>Disoh implementiert eine Kombination aus <strong>technische, administrative und physische Ma\u00dfnahmen<\/strong> um Ihre Daten vor Verlust, Missbrauch oder unbefugtem Zugriff zu sch\u00fctzen.<\/p>\n\n\n\n<p>Dazu geh\u00f6ren:<\/p>\n\n\n\n<ul class=\"wp-block-list\">\n<li>Verschl\u00fcsselte Daten\u00fcbertragung (SSL\/TLS)<\/li>\n\n\n\n<li>Firewalls und DDoS-Schutz<\/li>\n\n\n\n<li>Eingeschr\u00e4nkter interner Zugang je nach Aufgabenbereich<\/li>\n\n\n\n<li>Regelm\u00e4\u00dfige Sicherheitsaktualisierungen und Audits<\/li>\n<\/ul>\n\n\n\n<p>Kein Online-System ist 100% sicher, aber wir arbeiten kontinuierlich daran, das Risiko zu minimieren.<\/p>\n\n\n\n<hr class=\"wp-block-separator has-alpha-channel-opacity\"\/>\n\n\n\n<h2 class=\"wp-block-heading\"><strong>11. Privatsph\u00e4re der Kinder<\/strong><\/h2>\n\n\n\n<p>Unsere Dienstleistungen sind <strong>nicht f\u00fcr Kinder unter 18 Jahren bestimmt<\/strong>.<br>Wir sammeln nicht wissentlich personenbezogene Daten von Minderj\u00e4hrigen.<br>Wenn wir erfahren, dass Daten von einem Kind erhoben wurden, werden diese umgehend gel\u00f6scht.<\/p>\n\n\n\n<hr class=\"wp-block-separator has-alpha-channel-opacity\"\/>\n\n\n\n<h2 class=\"wp-block-heading\"><strong>12. Internationale Daten\u00fcbermittlung<\/strong><\/h2>\n\n\n\n<p>Wenn Daten ins Ausland \u00fcbermittelt werden, sorgen wir f\u00fcr angemessene Sicherheitsvorkehrungen, wie z. B. <strong>Standardvertragsklauseln (SCCs)<\/strong> die von der Europ\u00e4ischen Kommission genehmigt wurde - um sicherzustellen, dass Ihre Daten gem\u00e4\u00df den GDPR-Standards gesch\u00fctzt bleiben.<\/p>\n\n\n\n<hr class=\"wp-block-separator has-alpha-channel-opacity\"\/>\n\n\n\n<h2 class=\"wp-block-heading\"><strong>13. Ihr Einverst\u00e4ndnis zur Kommunikation<\/strong><\/h2>\n\n\n\n<p>Wenn Sie ein Konto einrichten oder mit uns in Kontakt treten, erkl\u00e4ren Sie sich damit einverstanden, dass wir Ihnen Transaktions-E-Mails im Zusammenhang mit Ihrem Konto oder Ihrer Dienstleistung (z. B. Rechnungen, Verl\u00e4ngerungen, wichtige Aktualisierungen) zusenden d\u00fcrfen.<\/p>\n\n\n\n<p>Sie k\u00f6nnen sich auch f\u00fcr den Erhalt von Marketingmitteilungen entscheiden, die Sie jederzeit wieder abbestellen k\u00f6nnen.<\/p>\n\n\n\n<hr class=\"wp-block-separator has-alpha-channel-opacity\"\/>\n\n\n\n<h2 class=\"wp-block-heading\"><strong>14. \u00c4nderungen an dieser Politik<\/strong><\/h2>\n\n\n\n<p>Wir k\u00f6nnen diese Datenschutzrichtlinie von Zeit zu Zeit aktualisieren.<br>Alle \u00c4nderungen werden auf dieser Seite mit einem neuen Datum der letzten Aktualisierung ver\u00f6ffentlicht.<br>Wesentliche \u00c4nderungen werden per E-Mail oder durch einen Hinweis auf unserer Website bekannt gegeben.<\/p>\n\n\n\n<hr class=\"wp-block-separator has-alpha-channel-opacity\"\/>\n\n\n\n<h2 class=\"wp-block-heading\"><strong>15. Kontaktinformationen<\/strong><\/h2>\n\n\n\n<p>Wenn Sie Fragen zu dieser Datenschutzrichtlinie oder zum Umgang mit Ihren Daten haben, wenden Sie sich bitte an uns:<\/p>\n\n\n\n<p><strong>Disoh LLC<\/strong><br>30 N Gould St STE R<br>Sheridan, WY 82801<br>Vereinigte Staaten<br><strong>support@disoh.com<\/strong><\/p>\n\n\n\n<hr class=\"wp-block-separator has-alpha-channel-opacity\"\/>\n\n\n\n<h2 class=\"wp-block-heading\"><strong>16. Schlussnote<\/strong><\/h2>\n\n\n\n<p>Bei Disoh, <strong>Wir glauben, dass Datenschutz kein K\u00e4stchen ist, sondern eine Verantwortung.<\/strong><br>Wir arbeiten unabh\u00e4ngig, transparent und mit Respekt f\u00fcr jeden Nutzer, unabh\u00e4ngig davon, wo er sich befindet.<br>Ihr Vertrauen bedeutet uns alles, und wir werden es uns weiterhin durch Ehrlichkeit und Sorgfalt verdienen.<\/p>","protected":false},"excerpt":{"rendered":"<p>Welcome to Disoh (\u201cwe\u201d, \u201cus\u201d, \u201cour\u201d). We respect your privacy and are committed to protecting your personal data. This Privacy Policy explains how we collect, use, and protect your information when you visit our website or use our services. Disoh LLC is based in Wyoming, United States, and operates servers in both the United States [&hellip;]<\/p>\n","protected":false},"author":1,"featured_media":0,"parent":0,"menu_order":0,"comment_status":"closed","ping_status":"closed","template":"","meta":{"footnotes":""},"class_list":["post-2557","page","type-page","status-publish","hentry"],"yoast_head":"<!-- This site is optimized with the Yoast SEO plugin v27.4 - https:\/\/yoast.com\/product\/yoast-seo-wordpress\/ -->\n<title>Privacy Policy &#8211; Disoh<\/title>\n<meta name=\"robots\" content=\"index, follow, max-snippet:-1, max-image-preview:large, max-video-preview:-1\" \/>\n<link rel=\"canonical\" href=\"https:\/\/disoh.com\/de\/datenschutzbestimmungen\/\" \/>\n<meta property=\"og:locale\" content=\"de_DE\" \/>\n<meta property=\"og:type\" content=\"article\" \/>\n<meta property=\"og:title\" content=\"Privacy Policy &#8211; Disoh\" \/>\n<meta property=\"og:description\" content=\"Welcome to Disoh (\u201cwe\u201d, \u201cus\u201d, \u201cour\u201d). We respect your privacy and are committed to protecting your personal data. This Privacy Policy explains how we collect, use, and protect your information when you visit our website or use our services. Disoh LLC is based in Wyoming, United States, and operates servers in both the United States [&hellip;]\" \/>\n<meta property=\"og:url\" content=\"https:\/\/disoh.com\/de\/datenschutzbestimmungen\/\" \/>\n<meta property=\"og:site_name\" content=\"Disoh\" \/>\n<meta property=\"article:publisher\" content=\"https:\/\/www.facebook.com\/disohhosting\" \/>\n<meta property=\"article:modified_time\" content=\"2025-10-27T22:40:13+00:00\" \/>\n<meta property=\"og:image\" content=\"https:\/\/disoh.com\/wp-content\/uploads\/2025\/07\/disoh_about.webp\" \/>\n\t<meta property=\"og:image:width\" content=\"1536\" \/>\n\t<meta property=\"og:image:height\" content=\"1024\" \/>\n\t<meta property=\"og:image:type\" content=\"image\/webp\" \/>\n<meta name=\"twitter:card\" content=\"summary_large_image\" \/>\n<meta name=\"twitter:label1\" content=\"Gesch\u00e4tzte Lesezeit\" \/>\n\t<meta name=\"twitter:data1\" content=\"5\u00a0Minuten\" \/>\n<script type=\"application\/ld+json\" class=\"yoast-schema-graph\">{\"@context\":\"https:\\\/\\\/schema.org\",\"@graph\":[{\"@type\":\"WebPage\",\"@id\":\"https:\\\/\\\/disoh.com\\\/privacy-policy\\\/\",\"url\":\"https:\\\/\\\/disoh.com\\\/privacy-policy\\\/\",\"name\":\"Privacy Policy &#8211; Disoh\",\"isPartOf\":{\"@id\":\"https:\\\/\\\/disoh.com\\\/#website\"},\"datePublished\":\"2025-10-27T16:10:13+00:00\",\"dateModified\":\"2025-10-27T22:40:13+00:00\",\"breadcrumb\":{\"@id\":\"https:\\\/\\\/disoh.com\\\/privacy-policy\\\/#breadcrumb\"},\"inLanguage\":\"de\",\"potentialAction\":[{\"@type\":\"ReadAction\",\"target\":[\"https:\\\/\\\/disoh.com\\\/privacy-policy\\\/\"]}]},{\"@type\":\"BreadcrumbList\",\"@id\":\"https:\\\/\\\/disoh.com\\\/privacy-policy\\\/#breadcrumb\",\"itemListElement\":[{\"@type\":\"ListItem\",\"position\":1,\"name\":\"Home\",\"item\":\"https:\\\/\\\/disoh.com\\\/\"},{\"@type\":\"ListItem\",\"position\":2,\"name\":\"Privacy Policy\"}]},{\"@type\":\"WebSite\",\"@id\":\"https:\\\/\\\/disoh.com\\\/#website\",\"url\":\"https:\\\/\\\/disoh.com\\\/\",\"name\":\"Disoh\",\"description\":\"Digital Solutions Hosting\",\"publisher\":{\"@id\":\"https:\\\/\\\/disoh.com\\\/#organization\"},\"potentialAction\":[{\"@type\":\"SearchAction\",\"target\":{\"@type\":\"EntryPoint\",\"urlTemplate\":\"https:\\\/\\\/disoh.com\\\/?s={search_term_string}\"},\"query-input\":{\"@type\":\"PropertyValueSpecification\",\"valueRequired\":true,\"valueName\":\"search_term_string\"}}],\"inLanguage\":\"de\"},{\"@type\":\"Organization\",\"@id\":\"https:\\\/\\\/disoh.com\\\/#organization\",\"name\":\"Disoh LLC\",\"url\":\"https:\\\/\\\/disoh.com\\\/\",\"logo\":{\"@type\":\"ImageObject\",\"inLanguage\":\"de\",\"@id\":\"https:\\\/\\\/disoh.com\\\/#\\\/schema\\\/logo\\\/image\\\/\",\"url\":\"https:\\\/\\\/disoh.com\\\/wp-content\\\/uploads\\\/2025\\\/06\\\/favicon_1.svg\",\"contentUrl\":\"https:\\\/\\\/disoh.com\\\/wp-content\\\/uploads\\\/2025\\\/06\\\/favicon_1.svg\",\"width\":615,\"height\":615,\"caption\":\"Disoh LLC\"},\"image\":{\"@id\":\"https:\\\/\\\/disoh.com\\\/#\\\/schema\\\/logo\\\/image\\\/\"},\"sameAs\":[\"https:\\\/\\\/www.facebook.com\\\/disohhosting\"]}]}<\/script>\n<!-- \/ Yoast SEO plugin. -->","yoast_head_json":{"title":"Datenschutzrichtlinie - Disoh","robots":{"index":"index","follow":"follow","max-snippet":"max-snippet:-1","max-image-preview":"max-image-preview:large","max-video-preview":"max-video-preview:-1"},"canonical":"https:\/\/disoh.com\/de\/datenschutzbestimmungen\/","og_locale":"de_DE","og_type":"article","og_title":"Privacy Policy &#8211; Disoh","og_description":"Welcome to Disoh (\u201cwe\u201d, \u201cus\u201d, \u201cour\u201d). We respect your privacy and are committed to protecting your personal data. This Privacy Policy explains how we collect, use, and protect your information when you visit our website or use our services. Disoh LLC is based in Wyoming, United States, and operates servers in both the United States [&hellip;]","og_url":"https:\/\/disoh.com\/de\/datenschutzbestimmungen\/","og_site_name":"Disoh","article_publisher":"https:\/\/www.facebook.com\/disohhosting","article_modified_time":"2025-10-27T22:40:13+00:00","og_image":[{"width":1536,"height":1024,"url":"https:\/\/disoh.com\/wp-content\/uploads\/2025\/07\/disoh_about.webp","type":"image\/webp"}],"twitter_card":"summary_large_image","twitter_misc":{"Gesch\u00e4tzte Lesezeit":"5\u00a0Minuten"},"schema":{"@context":"https:\/\/schema.org","@graph":[{"@type":"WebPage","@id":"https:\/\/disoh.com\/privacy-policy\/","url":"https:\/\/disoh.com\/privacy-policy\/","name":"Datenschutzrichtlinie - Disoh","isPartOf":{"@id":"https:\/\/disoh.com\/#website"},"datePublished":"2025-10-27T16:10:13+00:00","dateModified":"2025-10-27T22:40:13+00:00","breadcrumb":{"@id":"https:\/\/disoh.com\/privacy-policy\/#breadcrumb"},"inLanguage":"de","potentialAction":[{"@type":"ReadAction","target":["https:\/\/disoh.com\/privacy-policy\/"]}]},{"@type":"BreadcrumbList","@id":"https:\/\/disoh.com\/privacy-policy\/#breadcrumb","itemListElement":[{"@type":"ListItem","position":1,"name":"Home","item":"https:\/\/disoh.com\/"},{"@type":"ListItem","position":2,"name":"Privacy Policy"}]},{"@type":"WebSite","@id":"https:\/\/disoh.com\/#website","url":"https:\/\/disoh.com\/","name":"Disoh","description":"Digitale L\u00f6sungen Hosting","publisher":{"@id":"https:\/\/disoh.com\/#organization"},"potentialAction":[{"@type":"SearchAction","target":{"@type":"EntryPoint","urlTemplate":"https:\/\/disoh.com\/?s={search_term_string}"},"query-input":{"@type":"PropertyValueSpecification","valueRequired":true,"valueName":"search_term_string"}}],"inLanguage":"de"},{"@type":"Organization","@id":"https:\/\/disoh.com\/#organization","name":"Disoh LLC","url":"https:\/\/disoh.com\/","logo":{"@type":"ImageObject","inLanguage":"de","@id":"https:\/\/disoh.com\/#\/schema\/logo\/image\/","url":"https:\/\/disoh.com\/wp-content\/uploads\/2025\/06\/favicon_1.svg","contentUrl":"https:\/\/disoh.com\/wp-content\/uploads\/2025\/06\/favicon_1.svg","width":615,"height":615,"caption":"Disoh LLC"},"image":{"@id":"https:\/\/disoh.com\/#\/schema\/logo\/image\/"},"sameAs":["https:\/\/www.facebook.com\/disohhosting"]}]}},"_links":{"self":[{"href":"https:\/\/disoh.com\/de\/wp-json\/wp\/v2\/pages\/2557","targetHints":{"allow":["GET"]}}],"collection":[{"href":"https:\/\/disoh.com\/de\/wp-json\/wp\/v2\/pages"}],"about":[{"href":"https:\/\/disoh.com\/de\/wp-json\/wp\/v2\/types\/page"}],"author":[{"embeddable":true,"href":"https:\/\/disoh.com\/de\/wp-json\/wp\/v2\/users\/1"}],"replies":[{"embeddable":true,"href":"https:\/\/disoh.com\/de\/wp-json\/wp\/v2\/comments?post=2557"}],"version-history":[{"count":2,"href":"https:\/\/disoh.com\/de\/wp-json\/wp\/v2\/pages\/2557\/revisions"}],"predecessor-version":[{"id":2604,"href":"https:\/\/disoh.com\/de\/wp-json\/wp\/v2\/pages\/2557\/revisions\/2604"}],"wp:attachment":[{"href":"https:\/\/disoh.com\/de\/wp-json\/wp\/v2\/media?parent=2557"}],"curies":[{"name":"wp","href":"https:\/\/api.w.org\/{rel}","templated":true}]}}